{"id":8407,"date":"2021-01-19T14:32:40","date_gmt":"2021-01-19T14:32:40","guid":{"rendered":"https:\/\/seeing-auschwitz.com\/?page_id=8407"},"modified":"2022-09-13T07:40:55","modified_gmt":"2022-09-13T07:40:55","slug":"protocolo-de-seguridad","status":"publish","type":"page","link":"https:\/\/seeing-auschwitz.com\/es\/protocolo-de-seguridad\/","title":{"rendered":"Seeing Auschwitz: Protocolo de seguridad"},"content":{"rendered":"\t\t<div data-elementor-type=\"wp-page\" data-elementor-id=\"8407\" class=\"elementor elementor-8407\">\n\t\t\t\t\t\t<section class=\"elementor-section elementor-top-section elementor-element elementor-element-c157d49 elementor-section-boxed elementor-section-height-default elementor-section-height-default qodef-elementor-content-no\" data-id=\"c157d49\" data-element_type=\"section\">\n\t\t\t\t\t\t<div class=\"elementor-container elementor-column-gap-no\">\n\t\t\t\t\t<div class=\"elementor-column elementor-col-50 elementor-top-column elementor-element elementor-element-ef4a443\" data-id=\"ef4a443\" data-element_type=\"column\">\n\t\t\t<div class=\"elementor-widget-wrap elementor-element-populated\">\n\t\t\t\t\t\t<div class=\"elementor-element elementor-element-bbb5641 elementor-widget elementor-widget-text-editor\" data-id=\"bbb5641\" data-element_type=\"widget\" data-widget_type=\"text-editor.default\">\n\t\t\t\t<div class=\"elementor-widget-container\">\n\t\t\t\t\t\t\t\t\t<h5 class=\"p1\">Protocolo de seguridad<\/h5>\t\t\t\t\t\t\t\t<\/div>\n\t\t\t\t<\/div>\n\t\t\t\t<div class=\"elementor-element elementor-element-91e3f6c elementor-widget elementor-widget-text-editor\" data-id=\"91e3f6c\" data-element_type=\"widget\" data-widget_type=\"text-editor.default\">\n\t\t\t\t<div class=\"elementor-widget-container\">\n\t\t\t\t\t\t\t\t\t<h1 class=\"p1\">Aforo<\/h1>\t\t\t\t\t\t\t\t<\/div>\n\t\t\t\t<\/div>\n\t\t\t\t\t<\/div>\n\t\t<\/div>\n\t\t\t\t<div class=\"elementor-column elementor-col-50 elementor-top-column elementor-element elementor-element-3ccd5a2\" data-id=\"3ccd5a2\" data-element_type=\"column\">\n\t\t\t<div class=\"elementor-widget-wrap elementor-element-populated\">\n\t\t\t\t\t\t<div class=\"elementor-element elementor-element-2821a1f elementor-widget elementor-widget-text-editor\" data-id=\"2821a1f\" data-element_type=\"widget\" data-widget_type=\"text-editor.default\">\n\t\t\t\t<div class=\"elementor-widget-container\">\n\t\t\t\t\t\t\t\t\t<p class=\"p1\">Debido a las restricciones actuales de aforo, la sala de exposiciones de Centro Sefarad-Israel de Madrid tiene una <span style=\"text-decoration: underline;\">capacidad m\u00e1xima de 30 personas<\/span> de manera simult\u00e1nea. Ten en cuenta que, en caso de que el recinto se encuentre al m\u00e1ximo de su aforo, es posible que debas esperar para acceder a la exposici\u00f3n.<\/p>\t\t\t\t\t\t\t\t<\/div>\n\t\t\t\t<\/div>\n\t\t\t\t\t<\/div>\n\t\t<\/div>\n\t\t\t\t\t<\/div>\n\t\t<\/section>\n\t\t\t\t<section class=\"elementor-section elementor-top-section elementor-element elementor-element-fdf6023 elementor-section-boxed elementor-section-height-default elementor-section-height-default qodef-elementor-content-no\" data-id=\"fdf6023\" data-element_type=\"section\">\n\t\t\t\t\t\t<div class=\"elementor-container elementor-column-gap-no\">\n\t\t\t\t\t<div class=\"elementor-column elementor-col-100 elementor-top-column elementor-element elementor-element-34b7148\" data-id=\"34b7148\" data-element_type=\"column\">\n\t\t\t<div class=\"elementor-widget-wrap elementor-element-populated\">\n\t\t\t\t\t\t<div class=\"elementor-element elementor-element-f0fe6a7 elementor-widget elementor-widget-image\" data-id=\"f0fe6a7\" data-element_type=\"widget\" data-widget_type=\"image.default\">\n\t\t\t\t<div class=\"elementor-widget-container\">\n\t\t\t\t\t\t\t\t\t\t\t\t\t\t\t<img decoding=\"async\" src=\"https:\/\/seeing-auschwitz.com\/wp-content\/uploads\/2021\/07\/DSC07363-2048x1365-1.jpg\" title=\"DSC07363-2048&#215;1365-1\" alt=\"DSC07363-2048x1365-1\" loading=\"lazy\" \/>\t\t\t\t\t\t\t\t\t\t\t\t\t\t\t<\/div>\n\t\t\t\t<\/div>\n\t\t\t\t\t<\/div>\n\t\t<\/div>\n\t\t\t\t\t<\/div>\n\t\t<\/section>\n\t\t\t\t<section class=\"elementor-section elementor-top-section elementor-element elementor-element-4f7f779 elementor-section-full_width elementor-section-height-default elementor-section-height-default qodef-elementor-content-no\" data-id=\"4f7f779\" data-element_type=\"section\">\n\t\t\t\t\t\t<div class=\"elementor-container elementor-column-gap-no\">\n\t\t\t\t\t<div class=\"elementor-column elementor-col-100 elementor-top-column elementor-element elementor-element-3bf658d\" data-id=\"3bf658d\" data-element_type=\"column\">\n\t\t\t<div class=\"elementor-widget-wrap elementor-element-populated\">\n\t\t\t\t\t\t<div class=\"elementor-element elementor-element-fe6d151 elementor-widget-divider--view-line elementor-widget elementor-widget-divider\" data-id=\"fe6d151\" data-element_type=\"widget\" data-widget_type=\"divider.default\">\n\t\t\t\t<div class=\"elementor-widget-container\">\n\t\t\t\t\t\t\t<div class=\"elementor-divider\">\n\t\t\t<span class=\"elementor-divider-separator\">\n\t\t\t\t\t\t<\/span>\n\t\t<\/div>\n\t\t\t\t\t\t<\/div>\n\t\t\t\t<\/div>\n\t\t\t\t\t<\/div>\n\t\t<\/div>\n\t\t\t\t\t<\/div>\n\t\t<\/section>\n\t\t\t\t<section class=\"elementor-section elementor-top-section elementor-element elementor-element-d7ae205 elementor-section-boxed elementor-section-height-default elementor-section-height-default qodef-elementor-content-no\" data-id=\"d7ae205\" data-element_type=\"section\">\n\t\t\t\t\t\t<div class=\"elementor-container elementor-column-gap-no\">\n\t\t\t\t\t<div class=\"elementor-column elementor-col-50 elementor-top-column elementor-element elementor-element-c850f0a\" data-id=\"c850f0a\" data-element_type=\"column\">\n\t\t\t<div class=\"elementor-widget-wrap elementor-element-populated\">\n\t\t\t\t\t\t<div class=\"elementor-element elementor-element-19dbde3 elementor-widget elementor-widget-text-editor\" data-id=\"19dbde3\" data-element_type=\"widget\" data-widget_type=\"text-editor.default\">\n\t\t\t\t<div class=\"elementor-widget-container\">\n\t\t\t\t\t\t\t\t\t<h1>Protocolo de seguridad<\/h1>\t\t\t\t\t\t\t\t<\/div>\n\t\t\t\t<\/div>\n\t\t\t\t\t<\/div>\n\t\t<\/div>\n\t\t\t\t<div class=\"elementor-column elementor-col-50 elementor-top-column elementor-element elementor-element-5627b49\" data-id=\"5627b49\" data-element_type=\"column\">\n\t\t\t<div class=\"elementor-widget-wrap\">\n\t\t\t\t\t\t\t<\/div>\n\t\t<\/div>\n\t\t\t\t\t<\/div>\n\t\t<\/section>\n\t\t\t\t<section class=\"elementor-section elementor-top-section elementor-element elementor-element-f5a050f elementor-section-boxed elementor-section-height-default elementor-section-height-default qodef-elementor-content-no\" data-id=\"f5a050f\" data-element_type=\"section\">\n\t\t\t\t\t\t<div class=\"elementor-container elementor-column-gap-no\">\n\t\t\t\t\t<div class=\"elementor-column elementor-col-33 elementor-top-column elementor-element elementor-element-8b9a9fa\" data-id=\"8b9a9fa\" data-element_type=\"column\">\n\t\t\t<div class=\"elementor-widget-wrap elementor-element-populated\">\n\t\t\t\t\t\t<div class=\"elementor-element elementor-element-76d9fc9 elementor-widget elementor-widget-image\" data-id=\"76d9fc9\" data-element_type=\"widget\" data-widget_type=\"image.default\">\n\t\t\t\t<div class=\"elementor-widget-container\">\n\t\t\t\t\t\t\t\t\t\t\t\t\t\t\t<img decoding=\"async\" width=\"65\" height=\"65\" src=\"https:\/\/seeing-auschwitz.com\/wp-content\/uploads\/2021\/01\/Gel.png\" class=\"attachment-large size-large wp-image-10194\" alt=\"\" \/>\t\t\t\t\t\t\t\t\t\t\t\t\t\t\t<\/div>\n\t\t\t\t<\/div>\n\t\t\t\t<div class=\"elementor-element elementor-element-4f85b0f elementor-widget elementor-widget-text-editor\" data-id=\"4f85b0f\" data-element_type=\"widget\" data-widget_type=\"text-editor.default\">\n\t\t\t\t<div class=\"elementor-widget-container\">\n\t\t\t\t\t\t\t\t\t<h2>Gel Higienizante<\/h2>\t\t\t\t\t\t\t\t<\/div>\n\t\t\t\t<\/div>\n\t\t\t\t<div class=\"elementor-element elementor-element-dd3e710 elementor-widget elementor-widget-text-editor\" data-id=\"dd3e710\" data-element_type=\"widget\" data-widget_type=\"text-editor.default\">\n\t\t\t\t<div class=\"elementor-widget-container\">\n\t\t\t\t\t\t\t\t\t<p>Ubicaci\u00f3n de gel sanitario en diferentes puntos del centro.<\/p>\t\t\t\t\t\t\t\t<\/div>\n\t\t\t\t<\/div>\n\t\t\t\t\t<\/div>\n\t\t<\/div>\n\t\t\t\t<div class=\"elementor-column elementor-col-33 elementor-top-column elementor-element elementor-element-1954a4c\" data-id=\"1954a4c\" data-element_type=\"column\">\n\t\t\t<div class=\"elementor-widget-wrap elementor-element-populated\">\n\t\t\t\t\t\t<div class=\"elementor-element elementor-element-36f75c0 elementor-widget elementor-widget-image\" data-id=\"36f75c0\" data-element_type=\"widget\" data-widget_type=\"image.default\">\n\t\t\t\t<div class=\"elementor-widget-container\">\n\t\t\t\t\t\t\t\t\t\t\t\t\t\t\t<img decoding=\"async\" width=\"65\" height=\"65\" src=\"https:\/\/seeing-auschwitz.com\/wp-content\/uploads\/2021\/01\/limpieza.png\" class=\"attachment-large size-large wp-image-10195\" alt=\"\" \/>\t\t\t\t\t\t\t\t\t\t\t\t\t\t\t<\/div>\n\t\t\t\t<\/div>\n\t\t\t\t<div class=\"elementor-element elementor-element-6e1f55b elementor-widget elementor-widget-text-editor\" data-id=\"6e1f55b\" data-element_type=\"widget\" data-widget_type=\"text-editor.default\">\n\t\t\t\t<div class=\"elementor-widget-container\">\n\t\t\t\t\t\t\t\t\t<h2>Limpieza<\/h2>\t\t\t\t\t\t\t\t<\/div>\n\t\t\t\t<\/div>\n\t\t\t\t<div class=\"elementor-element elementor-element-d98f5d0 elementor-widget elementor-widget-text-editor\" data-id=\"d98f5d0\" data-element_type=\"widget\" data-widget_type=\"text-editor.default\">\n\t\t\t\t<div class=\"elementor-widget-container\">\n\t\t\t\t\t\t\t\t\t<p>Desinfecci\u00f3n diaria de instalaciones, mobiliarios y equipos de trabajo.<\/p>\t\t\t\t\t\t\t\t<\/div>\n\t\t\t\t<\/div>\n\t\t\t\t\t<\/div>\n\t\t<\/div>\n\t\t\t\t<div class=\"elementor-column elementor-col-33 elementor-top-column elementor-element elementor-element-6b614bf\" data-id=\"6b614bf\" data-element_type=\"column\">\n\t\t\t<div class=\"elementor-widget-wrap elementor-element-populated\">\n\t\t\t\t\t\t<div class=\"elementor-element elementor-element-ca9e5d7 elementor-widget elementor-widget-image\" data-id=\"ca9e5d7\" data-element_type=\"widget\" data-widget_type=\"image.default\">\n\t\t\t\t<div class=\"elementor-widget-container\">\n\t\t\t\t\t\t\t\t\t\t\t\t\t\t\t<img decoding=\"async\" width=\"65\" height=\"65\" src=\"https:\/\/seeing-auschwitz.com\/wp-content\/uploads\/2021\/01\/Macarilla-2.png\" class=\"attachment-large size-large wp-image-10191\" alt=\"\" \/>\t\t\t\t\t\t\t\t\t\t\t\t\t\t\t<\/div>\n\t\t\t\t<\/div>\n\t\t\t\t<div class=\"elementor-element elementor-element-e394454 elementor-widget elementor-widget-text-editor\" data-id=\"e394454\" data-element_type=\"widget\" data-widget_type=\"text-editor.default\">\n\t\t\t\t<div class=\"elementor-widget-container\">\n\t\t\t\t\t\t\t\t\t<h2>Mascarilla<\/h2>\t\t\t\t\t\t\t\t<\/div>\n\t\t\t\t<\/div>\n\t\t\t\t<div class=\"elementor-element elementor-element-2de4ced elementor-widget elementor-widget-text-editor\" data-id=\"2de4ced\" data-element_type=\"widget\" data-widget_type=\"text-editor.default\">\n\t\t\t\t<div class=\"elementor-widget-container\">\n\t\t\t\t\t\t\t\t\t<p>Durante la visita a Seeing Auschwitz deber\u00e1s hacer uso de tu mascarilla facial en todo momento.<\/p>\t\t\t\t\t\t\t\t<\/div>\n\t\t\t\t<\/div>\n\t\t\t\t\t<\/div>\n\t\t<\/div>\n\t\t\t\t\t<\/div>\n\t\t<\/section>\n\t\t\t\t<section class=\"elementor-section elementor-top-section elementor-element elementor-element-7a83196 elementor-section-boxed elementor-section-height-default elementor-section-height-default qodef-elementor-content-no\" data-id=\"7a83196\" data-element_type=\"section\">\n\t\t\t\t\t\t<div class=\"elementor-container elementor-column-gap-no\">\n\t\t\t\t\t<div class=\"elementor-column elementor-col-33 elementor-top-column elementor-element elementor-element-7857bd6\" data-id=\"7857bd6\" data-element_type=\"column\">\n\t\t\t<div class=\"elementor-widget-wrap elementor-element-populated\">\n\t\t\t\t\t\t<div class=\"elementor-element elementor-element-d9dd77b elementor-widget elementor-widget-image\" data-id=\"d9dd77b\" data-element_type=\"widget\" data-widget_type=\"image.default\">\n\t\t\t\t<div class=\"elementor-widget-container\">\n\t\t\t\t\t\t\t\t\t\t\t\t\t\t\t<img loading=\"lazy\" decoding=\"async\" width=\"65\" height=\"65\" src=\"https:\/\/seeing-auschwitz.com\/wp-content\/uploads\/2021\/01\/Ventilacio\u0301n.png\" class=\"attachment-large size-large wp-image-10192\" alt=\"\" \/>\t\t\t\t\t\t\t\t\t\t\t\t\t\t\t<\/div>\n\t\t\t\t<\/div>\n\t\t\t\t<div class=\"elementor-element elementor-element-d3fae2e elementor-widget elementor-widget-text-editor\" data-id=\"d3fae2e\" data-element_type=\"widget\" data-widget_type=\"text-editor.default\">\n\t\t\t\t<div class=\"elementor-widget-container\">\n\t\t\t\t\t\t\t\t\t<h2>Ventilaci\u00f3n<\/h2>\t\t\t\t\t\t\t\t<\/div>\n\t\t\t\t<\/div>\n\t\t\t\t<div class=\"elementor-element elementor-element-a229bb5 elementor-widget elementor-widget-text-editor\" data-id=\"a229bb5\" data-element_type=\"widget\" data-widget_type=\"text-editor.default\">\n\t\t\t\t<div class=\"elementor-widget-container\">\n\t\t\t\t\t\t\t\t\t<p>La sala que acoge Seeing Auschwitz\u00a0se ventila con frecuencia, para asegurar la renovaci\u00f3n del aire.<\/p>\t\t\t\t\t\t\t\t<\/div>\n\t\t\t\t<\/div>\n\t\t\t\t\t<\/div>\n\t\t<\/div>\n\t\t\t\t<div class=\"elementor-column elementor-col-33 elementor-top-column elementor-element elementor-element-3464188\" data-id=\"3464188\" data-element_type=\"column\">\n\t\t\t<div class=\"elementor-widget-wrap elementor-element-populated\">\n\t\t\t\t\t\t<div class=\"elementor-element elementor-element-18f7051 elementor-widget elementor-widget-image\" data-id=\"18f7051\" data-element_type=\"widget\" data-widget_type=\"image.default\">\n\t\t\t\t<div class=\"elementor-widget-container\">\n\t\t\t\t\t\t\t\t\t\t\t\t\t\t\t<img loading=\"lazy\" decoding=\"async\" width=\"65\" height=\"65\" src=\"https:\/\/seeing-auschwitz.com\/wp-content\/uploads\/2021\/01\/AforoReducido.png\" class=\"attachment-large size-large wp-image-10193\" alt=\"\" \/>\t\t\t\t\t\t\t\t\t\t\t\t\t\t\t<\/div>\n\t\t\t\t<\/div>\n\t\t\t\t<div class=\"elementor-element elementor-element-ac54090 elementor-widget elementor-widget-text-editor\" data-id=\"ac54090\" data-element_type=\"widget\" data-widget_type=\"text-editor.default\">\n\t\t\t\t<div class=\"elementor-widget-container\">\n\t\t\t\t\t\t\t\t\t<h2>Reducci\u00f3n de aforo<\/h2>\t\t\t\t\t\t\t\t<\/div>\n\t\t\t\t<\/div>\n\t\t\t\t<div class=\"elementor-element elementor-element-45c721e elementor-widget elementor-widget-text-editor\" data-id=\"45c721e\" data-element_type=\"widget\" data-widget_type=\"text-editor.default\">\n\t\t\t\t<div class=\"elementor-widget-container\">\n\t\t\t\t\t\t\t\t\t<p>El aforo de la muestra se reduce hasta las 30 personas simult\u00e1neas para evitar aglomeraciones y asegurar una distancia de seguridad m\u00e1xima entre las personas a lo largo de los m\u00e1s de 140 m2 de exposici\u00f3n.<\/p>\t\t\t\t\t\t\t\t<\/div>\n\t\t\t\t<\/div>\n\t\t\t\t\t<\/div>\n\t\t<\/div>\n\t\t\t\t<div class=\"elementor-column elementor-col-33 elementor-top-column elementor-element elementor-element-370483b\" data-id=\"370483b\" data-element_type=\"column\">\n\t\t\t<div class=\"elementor-widget-wrap\">\n\t\t\t\t\t\t\t<\/div>\n\t\t<\/div>\n\t\t\t\t\t<\/div>\n\t\t<\/section>\n\t\t\t\t<section class=\"elementor-section elementor-top-section elementor-element elementor-element-f1dd189 elementor-section-full_width elementor-section-height-default elementor-section-height-default qodef-elementor-content-no\" data-id=\"f1dd189\" data-element_type=\"section\">\n\t\t\t\t\t\t<div class=\"elementor-container elementor-column-gap-default\">\n\t\t\t\t\t\t<\/div>\n\t\t<\/section>\n\t\t\t\t<\/div>\n\t\t","protected":false},"excerpt":{"rendered":"<p>Protocolo de seguridad Aforo Debido a las restricciones actuales de aforo, la sala de exposiciones de Centro Sefarad-Israel de Madrid tiene una capacidad m\u00e1xima de 30 personas de manera simult\u00e1nea. Ten en cuenta que, en caso de que el recinto se encuentre al m\u00e1ximo de su aforo, es posible que debas esperar para acceder a [&hellip;]<\/p>\n","protected":false},"author":1,"featured_media":0,"parent":0,"menu_order":0,"comment_status":"closed","ping_status":"closed","template":"","meta":{"footnotes":""},"class_list":["post-8407","page","type-page","status-publish","hentry"],"yoast_head":"<!-- This site is optimized with the Yoast SEO plugin v26.8 - https:\/\/yoast.com\/product\/yoast-seo-wordpress\/ -->\n<title>Seeing Auschwitz: Protocolo de seguridad - Seeing Auschwitz<\/title>\n<meta name=\"robots\" content=\"index, follow, max-snippet:-1, max-image-preview:large, max-video-preview:-1\" \/>\n<link rel=\"canonical\" href=\"https:\/\/seeing-auschwitz.com\/safety-protocol\/\" \/>\n<meta property=\"og:locale\" content=\"es_ES\" \/>\n<meta property=\"og:type\" content=\"article\" \/>\n<meta property=\"og:title\" content=\"Seeing Auschwitz: Protocolo de seguridad - Seeing Auschwitz\" \/>\n<meta property=\"og:description\" content=\"Protocolo de seguridad Aforo Debido a las restricciones actuales de aforo, la sala de exposiciones de Centro Sefarad-Israel de Madrid tiene una capacidad m\u00e1xima de 30 personas de manera simult\u00e1nea. Ten en cuenta que, en caso de que el recinto se encuentre al m\u00e1ximo de su aforo, es posible que debas esperar para acceder a [&hellip;]\" \/>\n<meta property=\"og:url\" content=\"https:\/\/seeing-auschwitz.com\/safety-protocol\/\" \/>\n<meta property=\"og:site_name\" content=\"Seeing Auschwitz\" \/>\n<meta property=\"article:modified_time\" content=\"2022-09-13T07:40:55+00:00\" \/>\n<meta property=\"og:image\" content=\"https:\/\/seeing-auschwitz.com\/wp-content\/uploads\/2021\/07\/DSC07363-2048x1365-1.jpg\" \/>\n<meta name=\"twitter:card\" content=\"summary_large_image\" \/>\n<meta name=\"twitter:label1\" content=\"Tiempo de lectura\" \/>\n\t<meta name=\"twitter:data1\" content=\"1 minuto\" \/>\n<script type=\"application\/ld+json\" class=\"yoast-schema-graph\">{\"@context\":\"https:\/\/schema.org\",\"@graph\":[{\"@type\":\"WebPage\",\"@id\":\"https:\/\/seeing-auschwitz.com\/safety-protocol\/\",\"url\":\"https:\/\/seeing-auschwitz.com\/safety-protocol\/\",\"name\":\"Seeing Auschwitz: Protocolo de seguridad - Seeing Auschwitz\",\"isPartOf\":{\"@id\":\"https:\/\/seeing-auschwitz.com\/#website\"},\"primaryImageOfPage\":{\"@id\":\"https:\/\/seeing-auschwitz.com\/safety-protocol\/#primaryimage\"},\"image\":{\"@id\":\"https:\/\/seeing-auschwitz.com\/safety-protocol\/#primaryimage\"},\"thumbnailUrl\":\"https:\/\/seeing-auschwitz.com\/wp-content\/uploads\/2021\/07\/DSC07363-2048x1365-1.jpg\",\"datePublished\":\"2021-01-19T14:32:40+00:00\",\"dateModified\":\"2022-09-13T07:40:55+00:00\",\"breadcrumb\":{\"@id\":\"https:\/\/seeing-auschwitz.com\/safety-protocol\/#breadcrumb\"},\"inLanguage\":\"es\",\"potentialAction\":[{\"@type\":\"ReadAction\",\"target\":[\"https:\/\/seeing-auschwitz.com\/safety-protocol\/\"]}]},{\"@type\":\"ImageObject\",\"inLanguage\":\"es\",\"@id\":\"https:\/\/seeing-auschwitz.com\/safety-protocol\/#primaryimage\",\"url\":\"https:\/\/seeing-auschwitz.com\/wp-content\/uploads\/2021\/07\/DSC07363-2048x1365-1.jpg\",\"contentUrl\":\"https:\/\/seeing-auschwitz.com\/wp-content\/uploads\/2021\/07\/DSC07363-2048x1365-1.jpg\"},{\"@type\":\"BreadcrumbList\",\"@id\":\"https:\/\/seeing-auschwitz.com\/safety-protocol\/#breadcrumb\",\"itemListElement\":[{\"@type\":\"ListItem\",\"position\":1,\"name\":\"Portada\",\"item\":\"https:\/\/seeing-auschwitz.com\/es\/\"},{\"@type\":\"ListItem\",\"position\":2,\"name\":\"Seeing Auschwitz: Protocolo de seguridad\"}]},{\"@type\":\"WebSite\",\"@id\":\"https:\/\/seeing-auschwitz.com\/#website\",\"url\":\"https:\/\/seeing-auschwitz.com\/\",\"name\":\"Seeing Auschwitz\",\"description\":\"The Exhibition in London\",\"potentialAction\":[{\"@type\":\"SearchAction\",\"target\":{\"@type\":\"EntryPoint\",\"urlTemplate\":\"https:\/\/seeing-auschwitz.com\/?s={search_term_string}\"},\"query-input\":{\"@type\":\"PropertyValueSpecification\",\"valueRequired\":true,\"valueName\":\"search_term_string\"}}],\"inLanguage\":\"es\"}]}<\/script>\n<!-- \/ Yoast SEO plugin. -->","yoast_head_json":{"title":"Seeing Auschwitz: Protocolo de seguridad - Seeing Auschwitz","robots":{"index":"index","follow":"follow","max-snippet":"max-snippet:-1","max-image-preview":"max-image-preview:large","max-video-preview":"max-video-preview:-1"},"canonical":"https:\/\/seeing-auschwitz.com\/safety-protocol\/","og_locale":"es_ES","og_type":"article","og_title":"Seeing Auschwitz: Protocolo de seguridad - Seeing Auschwitz","og_description":"Protocolo de seguridad Aforo Debido a las restricciones actuales de aforo, la sala de exposiciones de Centro Sefarad-Israel de Madrid tiene una capacidad m\u00e1xima de 30 personas de manera simult\u00e1nea. Ten en cuenta que, en caso de que el recinto se encuentre al m\u00e1ximo de su aforo, es posible que debas esperar para acceder a [&hellip;]","og_url":"https:\/\/seeing-auschwitz.com\/safety-protocol\/","og_site_name":"Seeing Auschwitz","article_modified_time":"2022-09-13T07:40:55+00:00","og_image":[{"url":"https:\/\/seeing-auschwitz.com\/wp-content\/uploads\/2021\/07\/DSC07363-2048x1365-1.jpg","type":"","width":"","height":""}],"twitter_card":"summary_large_image","twitter_misc":{"Tiempo de lectura":"1 minuto"},"schema":{"@context":"https:\/\/schema.org","@graph":[{"@type":"WebPage","@id":"https:\/\/seeing-auschwitz.com\/safety-protocol\/","url":"https:\/\/seeing-auschwitz.com\/safety-protocol\/","name":"Seeing Auschwitz: Protocolo de seguridad - Seeing Auschwitz","isPartOf":{"@id":"https:\/\/seeing-auschwitz.com\/#website"},"primaryImageOfPage":{"@id":"https:\/\/seeing-auschwitz.com\/safety-protocol\/#primaryimage"},"image":{"@id":"https:\/\/seeing-auschwitz.com\/safety-protocol\/#primaryimage"},"thumbnailUrl":"https:\/\/seeing-auschwitz.com\/wp-content\/uploads\/2021\/07\/DSC07363-2048x1365-1.jpg","datePublished":"2021-01-19T14:32:40+00:00","dateModified":"2022-09-13T07:40:55+00:00","breadcrumb":{"@id":"https:\/\/seeing-auschwitz.com\/safety-protocol\/#breadcrumb"},"inLanguage":"es","potentialAction":[{"@type":"ReadAction","target":["https:\/\/seeing-auschwitz.com\/safety-protocol\/"]}]},{"@type":"ImageObject","inLanguage":"es","@id":"https:\/\/seeing-auschwitz.com\/safety-protocol\/#primaryimage","url":"https:\/\/seeing-auschwitz.com\/wp-content\/uploads\/2021\/07\/DSC07363-2048x1365-1.jpg","contentUrl":"https:\/\/seeing-auschwitz.com\/wp-content\/uploads\/2021\/07\/DSC07363-2048x1365-1.jpg"},{"@type":"BreadcrumbList","@id":"https:\/\/seeing-auschwitz.com\/safety-protocol\/#breadcrumb","itemListElement":[{"@type":"ListItem","position":1,"name":"Portada","item":"https:\/\/seeing-auschwitz.com\/es\/"},{"@type":"ListItem","position":2,"name":"Seeing Auschwitz: Protocolo de seguridad"}]},{"@type":"WebSite","@id":"https:\/\/seeing-auschwitz.com\/#website","url":"https:\/\/seeing-auschwitz.com\/","name":"Seeing Auschwitz","description":"The Exhibition in London","potentialAction":[{"@type":"SearchAction","target":{"@type":"EntryPoint","urlTemplate":"https:\/\/seeing-auschwitz.com\/?s={search_term_string}"},"query-input":{"@type":"PropertyValueSpecification","valueRequired":true,"valueName":"search_term_string"}}],"inLanguage":"es"}]}},"_links":{"self":[{"href":"https:\/\/seeing-auschwitz.com\/es\/wp-json\/wp\/v2\/pages\/8407","targetHints":{"allow":["GET"]}}],"collection":[{"href":"https:\/\/seeing-auschwitz.com\/es\/wp-json\/wp\/v2\/pages"}],"about":[{"href":"https:\/\/seeing-auschwitz.com\/es\/wp-json\/wp\/v2\/types\/page"}],"author":[{"embeddable":true,"href":"https:\/\/seeing-auschwitz.com\/es\/wp-json\/wp\/v2\/users\/1"}],"replies":[{"embeddable":true,"href":"https:\/\/seeing-auschwitz.com\/es\/wp-json\/wp\/v2\/comments?post=8407"}],"version-history":[{"count":273,"href":"https:\/\/seeing-auschwitz.com\/es\/wp-json\/wp\/v2\/pages\/8407\/revisions"}],"predecessor-version":[{"id":16598,"href":"https:\/\/seeing-auschwitz.com\/es\/wp-json\/wp\/v2\/pages\/8407\/revisions\/16598"}],"wp:attachment":[{"href":"https:\/\/seeing-auschwitz.com\/es\/wp-json\/wp\/v2\/media?parent=8407"}],"curies":[{"name":"wp","href":"https:\/\/api.w.org\/{rel}","templated":true}]}}