{"id":8199,"date":"2021-01-19T12:17:23","date_gmt":"2021-01-19T12:17:23","guid":{"rendered":"https:\/\/seeing-auschwitz.com\/?page_id=8199"},"modified":"2026-01-22T11:27:09","modified_gmt":"2026-01-22T11:27:09","slug":"horarios-y-como-llegar","status":"publish","type":"page","link":"https:\/\/seeing-auschwitz.com\/es\/horarios-y-como-llegar\/","title":{"rendered":"Seeing Auschwitz: Horarios y c\u00f3mo llegar"},"content":{"rendered":"\t\t<div data-elementor-type=\"wp-page\" data-elementor-id=\"8199\" class=\"elementor elementor-8199\">\n\t\t\t\t\t\t<section class=\"elementor-section elementor-top-section elementor-element elementor-element-e21e092 elementor-section-boxed elementor-section-height-default elementor-section-height-default qodef-elementor-content-no\" data-id=\"e21e092\" data-element_type=\"section\">\n\t\t\t\t\t\t<div class=\"elementor-container elementor-column-gap-default\">\n\t\t\t\t\t<div class=\"elementor-column elementor-col-50 elementor-top-column elementor-element elementor-element-6b80d82\" data-id=\"6b80d82\" data-element_type=\"column\">\n\t\t\t<div class=\"elementor-widget-wrap elementor-element-populated\">\n\t\t\t\t\t\t<div class=\"elementor-element elementor-element-93e85b8 elementor-widget elementor-widget-text-editor\" data-id=\"93e85b8\" data-element_type=\"widget\" data-widget_type=\"text-editor.default\">\n\t\t\t\t<div class=\"elementor-widget-container\">\n\t\t\t\t\t\t\t\t\t<h5>Horario de apertura<\/h5>\t\t\t\t\t\t\t\t<\/div>\n\t\t\t\t<\/div>\n\t\t\t\t<div class=\"elementor-element elementor-element-905f7e2 elementor-widget elementor-widget-text-editor\" data-id=\"905f7e2\" data-element_type=\"widget\" data-widget_type=\"text-editor.default\">\n\t\t\t\t<div class=\"elementor-widget-container\">\n\t\t\t\t\t\t\t\t\t<h3>Seeing Auschwitz est\u00e1 abierta en Tur\u00edn, Italia, por tiempo limitado.<\/h3>\t\t\t\t\t\t\t\t<\/div>\n\t\t\t\t<\/div>\n\t\t\t\t<div class=\"elementor-element elementor-element-d552a61 elementor-widget elementor-widget-text-editor\" data-id=\"d552a61\" data-element_type=\"widget\" data-widget_type=\"text-editor.default\">\n\t\t\t\t<div class=\"elementor-widget-container\">\n\t\t\t\t\t\t\t\t\t<h5>Monday to Friday<\/h5>\t\t\t\t\t\t\t\t<\/div>\n\t\t\t\t<\/div>\n\t\t\t\t<div class=\"elementor-element elementor-element-c010243 elementor-widget elementor-widget-text-editor\" data-id=\"c010243\" data-element_type=\"widget\" data-widget_type=\"text-editor.default\">\n\t\t\t\t<div class=\"elementor-widget-container\">\n\t\t\t\t\t\t\t\t\t<p>From 10:00 am to 6:00 pm<\/p>\t\t\t\t\t\t\t\t<\/div>\n\t\t\t\t<\/div>\n\t\t\t\t\t<\/div>\n\t\t<\/div>\n\t\t\t\t<div class=\"elementor-column elementor-col-50 elementor-top-column elementor-element elementor-element-ac84fa4\" data-id=\"ac84fa4\" data-element_type=\"column\">\n\t\t\t<div class=\"elementor-widget-wrap elementor-element-populated\">\n\t\t\t\t\t\t<div class=\"elementor-element elementor-element-d8bcf39 elementor-widget elementor-widget-text-editor\" data-id=\"d8bcf39\" data-element_type=\"widget\" data-widget_type=\"text-editor.default\">\n\t\t\t\t<div class=\"elementor-widget-container\">\n\t\t\t\t\t\t\t\t\t<h5>Direcci\u00f3n<\/h5>\t\t\t\t\t\t\t\t<\/div>\n\t\t\t\t<\/div>\n\t\t\t\t<div class=\"elementor-element elementor-element-b8f0fe3 elementor-widget elementor-widget-text-editor\" data-id=\"b8f0fe3\" data-element_type=\"widget\" data-widget_type=\"text-editor.default\">\n\t\t\t\t<div class=\"elementor-widget-container\">\n\t\t\t\t\t\t\t\t\t<p>Archivio di Stato di Torino, <br \/>Sale espositive, <br \/>Piazzetta Carlo Mollino, 1<br \/>10124 Turin<\/p>\t\t\t\t\t\t\t\t<\/div>\n\t\t\t\t<\/div>\n\t\t\t\t<div class=\"elementor-element elementor-element-1eb554b elementor-widget elementor-widget-text-editor\" data-id=\"1eb554b\" data-element_type=\"widget\" data-widget_type=\"text-editor.default\">\n\t\t\t\t<div class=\"elementor-widget-container\">\n\t\t\t\t\t\t\t\t\t<h5>Duraci\u00f3n estimada<\/h5>\t\t\t\t\t\t\t\t<\/div>\n\t\t\t\t<\/div>\n\t\t\t\t<div class=\"elementor-element elementor-element-80cae35 elementor-widget elementor-widget-text-editor\" data-id=\"80cae35\" data-element_type=\"widget\" data-widget_type=\"text-editor.default\">\n\t\t\t\t<div class=\"elementor-widget-container\">\n\t\t\t\t\t\t\t\t\t<p>De 45 a 60 min.<\/p>\t\t\t\t\t\t\t\t<\/div>\n\t\t\t\t<\/div>\n\t\t\t\t\t<\/div>\n\t\t<\/div>\n\t\t\t\t\t<\/div>\n\t\t<\/section>\n\t\t\t\t<section class=\"elementor-section elementor-top-section elementor-element elementor-element-9e0766a elementor-section-full_width elementor-section-stretched elementor-section-height-default elementor-section-height-default qodef-elementor-content-no\" data-id=\"9e0766a\" data-element_type=\"section\" data-settings=\"{&quot;stretch_section&quot;:&quot;section-stretched&quot;}\">\n\t\t\t\t\t\t<div class=\"elementor-container elementor-column-gap-no\">\n\t\t\t\t\t<div class=\"elementor-column elementor-col-100 elementor-top-column elementor-element elementor-element-f45c170\" data-id=\"f45c170\" data-element_type=\"column\">\n\t\t\t<div class=\"elementor-widget-wrap elementor-element-populated\">\n\t\t\t\t\t\t<div class=\"elementor-element elementor-element-21a9677 elementor-widget elementor-widget-google_maps\" data-id=\"21a9677\" data-element_type=\"widget\" data-widget_type=\"google_maps.default\">\n\t\t\t\t<div class=\"elementor-widget-container\">\n\t\t\t\t\t\t\t<div class=\"elementor-custom-embed\">\n\t\t\t<iframe loading=\"lazy\"\n\t\t\t\t\tsrc=\"https:\/\/maps.google.com\/maps?q=Piazzetta%20Carlo%20Mollino%2C%201&#038;t=m&#038;z=16&#038;output=embed&#038;iwloc=near\"\n\t\t\t\t\ttitle=\"Piazzetta Carlo Mollino, 1\"\n\t\t\t\t\taria-label=\"Piazzetta Carlo Mollino, 1\"\n\t\t\t><\/iframe>\n\t\t<\/div>\n\t\t\t\t\t\t<\/div>\n\t\t\t\t<\/div>\n\t\t\t\t\t<\/div>\n\t\t<\/div>\n\t\t\t\t\t<\/div>\n\t\t<\/section>\n\t\t\t\t<\/div>\n\t\t","protected":false},"excerpt":{"rendered":"<p>Horario de apertura Seeing Auschwitz est\u00e1 abierta en Tur\u00edn, Italia, por tiempo limitado. Monday to Friday From 10:00 am to 6:00 pm Direcci\u00f3n Archivio di Stato di Torino, Sale espositive, Piazzetta Carlo Mollino, 110124 Turin Duraci\u00f3n estimada De 45 a 60 min.<\/p>\n","protected":false},"author":1,"featured_media":0,"parent":0,"menu_order":0,"comment_status":"closed","ping_status":"closed","template":"","meta":{"footnotes":""},"class_list":["post-8199","page","type-page","status-publish","hentry"],"yoast_head":"<!-- This site is optimized with the Yoast SEO plugin v26.8 - https:\/\/yoast.com\/product\/yoast-seo-wordpress\/ -->\n<title>Seeing Auschwitz: Horarios y c\u00f3mo llegar - Seeing Auschwitz<\/title>\n<meta name=\"description\" content=\"Descubre aqu\u00ed los horarios y c\u00f3mo llegar durante la estancia de la exposici\u00f3n Seeing Auschwitz en Londres por tiempo limitado.\" \/>\n<meta name=\"robots\" content=\"index, follow, max-snippet:-1, max-image-preview:large, max-video-preview:-1\" \/>\n<link rel=\"canonical\" href=\"https:\/\/seeing-auschwitz.com\/es\/horarios-y-como-llegar\/\" \/>\n<meta property=\"og:locale\" content=\"es_ES\" \/>\n<meta property=\"og:type\" content=\"article\" \/>\n<meta property=\"og:title\" content=\"Seeing Auschwitz: Horarios y c\u00f3mo llegar - Seeing Auschwitz\" \/>\n<meta property=\"og:description\" content=\"Descubre aqu\u00ed los horarios y c\u00f3mo llegar durante la estancia de la exposici\u00f3n Seeing Auschwitz en Londres por tiempo limitado.\" \/>\n<meta property=\"og:url\" content=\"https:\/\/seeing-auschwitz.com\/es\/horarios-y-como-llegar\/\" \/>\n<meta property=\"og:site_name\" content=\"Seeing Auschwitz\" \/>\n<meta property=\"article:modified_time\" content=\"2026-01-22T11:27:09+00:00\" \/>\n<meta name=\"twitter:card\" content=\"summary_large_image\" \/>\n<meta name=\"twitter:label1\" content=\"Tiempo de lectura\" \/>\n\t<meta name=\"twitter:data1\" content=\"1 minuto\" \/>\n<script type=\"application\/ld+json\" class=\"yoast-schema-graph\">{\"@context\":\"https:\/\/schema.org\",\"@graph\":[{\"@type\":\"WebPage\",\"@id\":\"https:\/\/seeing-auschwitz.com\/es\/horarios-y-como-llegar\/\",\"url\":\"https:\/\/seeing-auschwitz.com\/es\/horarios-y-como-llegar\/\",\"name\":\"Seeing Auschwitz: Horarios y c\u00f3mo llegar - Seeing Auschwitz\",\"isPartOf\":{\"@id\":\"https:\/\/seeing-auschwitz.com\/#website\"},\"datePublished\":\"2021-01-19T12:17:23+00:00\",\"dateModified\":\"2026-01-22T11:27:09+00:00\",\"description\":\"Descubre aqu\u00ed los horarios y c\u00f3mo llegar durante la estancia de la exposici\u00f3n Seeing Auschwitz en Londres por tiempo limitado.\",\"breadcrumb\":{\"@id\":\"https:\/\/seeing-auschwitz.com\/es\/horarios-y-como-llegar\/#breadcrumb\"},\"inLanguage\":\"es\",\"potentialAction\":[{\"@type\":\"ReadAction\",\"target\":[\"https:\/\/seeing-auschwitz.com\/es\/horarios-y-como-llegar\/\"]}]},{\"@type\":\"BreadcrumbList\",\"@id\":\"https:\/\/seeing-auschwitz.com\/es\/horarios-y-como-llegar\/#breadcrumb\",\"itemListElement\":[{\"@type\":\"ListItem\",\"position\":1,\"name\":\"Portada\",\"item\":\"https:\/\/seeing-auschwitz.com\/es\/\"},{\"@type\":\"ListItem\",\"position\":2,\"name\":\"Seeing Auschwitz: Horarios y c\u00f3mo llegar\"}]},{\"@type\":\"WebSite\",\"@id\":\"https:\/\/seeing-auschwitz.com\/#website\",\"url\":\"https:\/\/seeing-auschwitz.com\/\",\"name\":\"Seeing Auschwitz\",\"description\":\"The Exhibition in London\",\"potentialAction\":[{\"@type\":\"SearchAction\",\"target\":{\"@type\":\"EntryPoint\",\"urlTemplate\":\"https:\/\/seeing-auschwitz.com\/?s={search_term_string}\"},\"query-input\":{\"@type\":\"PropertyValueSpecification\",\"valueRequired\":true,\"valueName\":\"search_term_string\"}}],\"inLanguage\":\"es\"}]}<\/script>\n<!-- \/ Yoast SEO plugin. -->","yoast_head_json":{"title":"Seeing Auschwitz: Horarios y c\u00f3mo llegar - Seeing Auschwitz","description":"Descubre aqu\u00ed los horarios y c\u00f3mo llegar durante la estancia de la exposici\u00f3n Seeing Auschwitz en Londres por tiempo limitado.","robots":{"index":"index","follow":"follow","max-snippet":"max-snippet:-1","max-image-preview":"max-image-preview:large","max-video-preview":"max-video-preview:-1"},"canonical":"https:\/\/seeing-auschwitz.com\/es\/horarios-y-como-llegar\/","og_locale":"es_ES","og_type":"article","og_title":"Seeing Auschwitz: Horarios y c\u00f3mo llegar - Seeing Auschwitz","og_description":"Descubre aqu\u00ed los horarios y c\u00f3mo llegar durante la estancia de la exposici\u00f3n Seeing Auschwitz en Londres por tiempo limitado.","og_url":"https:\/\/seeing-auschwitz.com\/es\/horarios-y-como-llegar\/","og_site_name":"Seeing Auschwitz","article_modified_time":"2026-01-22T11:27:09+00:00","twitter_card":"summary_large_image","twitter_misc":{"Tiempo de lectura":"1 minuto"},"schema":{"@context":"https:\/\/schema.org","@graph":[{"@type":"WebPage","@id":"https:\/\/seeing-auschwitz.com\/es\/horarios-y-como-llegar\/","url":"https:\/\/seeing-auschwitz.com\/es\/horarios-y-como-llegar\/","name":"Seeing Auschwitz: Horarios y c\u00f3mo llegar - Seeing Auschwitz","isPartOf":{"@id":"https:\/\/seeing-auschwitz.com\/#website"},"datePublished":"2021-01-19T12:17:23+00:00","dateModified":"2026-01-22T11:27:09+00:00","description":"Descubre aqu\u00ed los horarios y c\u00f3mo llegar durante la estancia de la exposici\u00f3n Seeing Auschwitz en Londres por tiempo limitado.","breadcrumb":{"@id":"https:\/\/seeing-auschwitz.com\/es\/horarios-y-como-llegar\/#breadcrumb"},"inLanguage":"es","potentialAction":[{"@type":"ReadAction","target":["https:\/\/seeing-auschwitz.com\/es\/horarios-y-como-llegar\/"]}]},{"@type":"BreadcrumbList","@id":"https:\/\/seeing-auschwitz.com\/es\/horarios-y-como-llegar\/#breadcrumb","itemListElement":[{"@type":"ListItem","position":1,"name":"Portada","item":"https:\/\/seeing-auschwitz.com\/es\/"},{"@type":"ListItem","position":2,"name":"Seeing Auschwitz: Horarios y c\u00f3mo llegar"}]},{"@type":"WebSite","@id":"https:\/\/seeing-auschwitz.com\/#website","url":"https:\/\/seeing-auschwitz.com\/","name":"Seeing Auschwitz","description":"The Exhibition in London","potentialAction":[{"@type":"SearchAction","target":{"@type":"EntryPoint","urlTemplate":"https:\/\/seeing-auschwitz.com\/?s={search_term_string}"},"query-input":{"@type":"PropertyValueSpecification","valueRequired":true,"valueName":"search_term_string"}}],"inLanguage":"es"}]}},"_links":{"self":[{"href":"https:\/\/seeing-auschwitz.com\/es\/wp-json\/wp\/v2\/pages\/8199","targetHints":{"allow":["GET"]}}],"collection":[{"href":"https:\/\/seeing-auschwitz.com\/es\/wp-json\/wp\/v2\/pages"}],"about":[{"href":"https:\/\/seeing-auschwitz.com\/es\/wp-json\/wp\/v2\/types\/page"}],"author":[{"embeddable":true,"href":"https:\/\/seeing-auschwitz.com\/es\/wp-json\/wp\/v2\/users\/1"}],"replies":[{"embeddable":true,"href":"https:\/\/seeing-auschwitz.com\/es\/wp-json\/wp\/v2\/comments?post=8199"}],"version-history":[{"count":268,"href":"https:\/\/seeing-auschwitz.com\/es\/wp-json\/wp\/v2\/pages\/8199\/revisions"}],"predecessor-version":[{"id":17236,"href":"https:\/\/seeing-auschwitz.com\/es\/wp-json\/wp\/v2\/pages\/8199\/revisions\/17236"}],"wp:attachment":[{"href":"https:\/\/seeing-auschwitz.com\/es\/wp-json\/wp\/v2\/media?parent=8199"}],"curies":[{"name":"wp","href":"https:\/\/api.w.org\/{rel}","templated":true}]}}