{"id":6933,"date":"2021-01-14T17:34:40","date_gmt":"2021-01-14T17:34:40","guid":{"rendered":"https:\/\/seeing-auschwitz.com\/?page_id=6933"},"modified":"2026-01-22T15:13:19","modified_gmt":"2026-01-22T15:13:19","slug":"auschwitz-en-imagenes","status":"publish","type":"page","link":"https:\/\/seeing-auschwitz.com\/es\/auschwitz-en-imagenes\/","title":{"rendered":"Seeing Auschwitz: Auschwitz en im\u00e1genes"},"content":{"rendered":"\t\t<div data-elementor-type=\"wp-page\" data-elementor-id=\"6933\" class=\"elementor elementor-6933\">\n\t\t\t\t\t\t<section class=\"elementor-section elementor-top-section elementor-element elementor-element-9598612 elementor-section-boxed elementor-section-height-default elementor-section-height-default qodef-elementor-content-no\" data-id=\"9598612\" data-element_type=\"section\">\n\t\t\t\t\t\t<div class=\"elementor-container elementor-column-gap-default\">\n\t\t\t\t\t<div class=\"elementor-column elementor-col-50 elementor-top-column elementor-element elementor-element-17ae321\" data-id=\"17ae321\" data-element_type=\"column\">\n\t\t\t<div class=\"elementor-widget-wrap elementor-element-populated\">\n\t\t\t\t\t\t<div class=\"elementor-element elementor-element-811f1f1 elementor-widget elementor-widget-text-editor\" data-id=\"811f1f1\" data-element_type=\"widget\" data-widget_type=\"text-editor.default\">\n\t\t\t\t<div class=\"elementor-widget-container\">\n\t\t\t\t\t\t\t\t\t<h5>Auschwitz en im\u00e1genes<\/h5>\t\t\t\t\t\t\t\t<\/div>\n\t\t\t\t<\/div>\n\t\t\t\t<div class=\"elementor-element elementor-element-ab98162 elementor-widget elementor-widget-text-editor\" data-id=\"ab98162\" data-element_type=\"widget\" data-widget_type=\"text-editor.default\">\n\t\t\t\t<div class=\"elementor-widget-container\">\n\t\t\t\t\t\t\t\t\t<h3>Al menos 1.100.000 personas, en su gran mayor\u00eda jud\u00edas, fueron asesinadas durante la Segunda Guerra Mundial en Auschwitz, la mayor f\u00e1brica de la muerte operada por la Alemania nazi entre 1940 y 1945.<\/h3>\t\t\t\t\t\t\t\t<\/div>\n\t\t\t\t<\/div>\n\t\t\t\t\t<\/div>\n\t\t<\/div>\n\t\t\t\t<div class=\"elementor-column elementor-col-50 elementor-top-column elementor-element elementor-element-1bde4d3\" data-id=\"1bde4d3\" data-element_type=\"column\">\n\t\t\t<div class=\"elementor-widget-wrap\">\n\t\t\t\t\t\t\t<\/div>\n\t\t<\/div>\n\t\t\t\t\t<\/div>\n\t\t<\/section>\n\t\t\t\t<section class=\"elementor-section elementor-top-section elementor-element elementor-element-a77a6f3 elementor-section-boxed elementor-section-height-default elementor-section-height-default qodef-elementor-content-no\" data-id=\"a77a6f3\" data-element_type=\"section\">\n\t\t\t\t\t\t<div class=\"elementor-container elementor-column-gap-default\">\n\t\t\t\t\t<div class=\"elementor-column elementor-col-50 elementor-top-column elementor-element elementor-element-60b46dc\" data-id=\"60b46dc\" data-element_type=\"column\">\n\t\t\t<div class=\"elementor-widget-wrap elementor-element-populated\">\n\t\t\t\t\t\t<div class=\"elementor-element elementor-element-b1a1e8f elementor-widget elementor-widget-text-editor\" data-id=\"b1a1e8f\" data-element_type=\"widget\" data-widget_type=\"text-editor.default\">\n\t\t\t\t<div class=\"elementor-widget-container\">\n\t\t\t\t\t\t\t\t\t<p>Hasta all\u00ed llegaban casi a diario miles de hombres, mujeres y ni\u00f1os, que, en su mayor\u00eda, encontraban la muerte en las c\u00e1maras de gas en un plazo de apenas unas horas desde su llegada en tren. Era el final de un proceso meditado y planificado por el estado y dirigido por la SS, que durante el invierno de 1945 intentar\u00eda desmantelar el campo y eliminar los rastros \u201cvisibles\u201d de sus cr\u00edmenes antes de huir.<\/p><p>Sin embargo, no todo desapareci\u00f3.<\/p>\t\t\t\t\t\t\t\t<\/div>\n\t\t\t\t<\/div>\n\t\t\t\t\t<\/div>\n\t\t<\/div>\n\t\t\t\t<div class=\"elementor-column elementor-col-50 elementor-top-column elementor-element elementor-element-a921e0d\" data-id=\"a921e0d\" data-element_type=\"column\">\n\t\t\t<div class=\"elementor-widget-wrap\">\n\t\t\t\t\t\t\t<\/div>\n\t\t<\/div>\n\t\t\t\t\t<\/div>\n\t\t<\/section>\n\t\t\t\t<section class=\"elementor-section elementor-top-section elementor-element elementor-element-9fcb723 elementor-section-full_width elementor-section-height-default elementor-section-height-default qodef-elementor-content-no\" data-id=\"9fcb723\" data-element_type=\"section\">\n\t\t\t\t\t\t<div class=\"elementor-container elementor-column-gap-default\">\n\t\t\t\t\t<div class=\"elementor-column elementor-col-100 elementor-top-column elementor-element elementor-element-d44ea98\" data-id=\"d44ea98\" data-element_type=\"column\">\n\t\t\t<div class=\"elementor-widget-wrap elementor-element-populated\">\n\t\t\t\t\t\t<div class=\"elementor-element elementor-element-ff66b96 elementor-widget-divider--view-line elementor-widget elementor-widget-divider\" data-id=\"ff66b96\" data-element_type=\"widget\" data-widget_type=\"divider.default\">\n\t\t\t\t<div class=\"elementor-widget-container\">\n\t\t\t\t\t\t\t<div class=\"elementor-divider\">\n\t\t\t<span class=\"elementor-divider-separator\">\n\t\t\t\t\t\t<\/span>\n\t\t<\/div>\n\t\t\t\t\t\t<\/div>\n\t\t\t\t<\/div>\n\t\t\t\t\t<\/div>\n\t\t<\/div>\n\t\t\t\t\t<\/div>\n\t\t<\/section>\n\t\t\t\t<section class=\"elementor-section elementor-top-section elementor-element elementor-element-1e76c0e elementor-section-boxed elementor-section-height-default elementor-section-height-default qodef-elementor-content-no\" data-id=\"1e76c0e\" data-element_type=\"section\">\n\t\t\t\t\t\t<div class=\"elementor-container elementor-column-gap-default\">\n\t\t\t\t\t<div class=\"elementor-column elementor-col-50 elementor-top-column elementor-element elementor-element-8a51553\" data-id=\"8a51553\" data-element_type=\"column\">\n\t\t\t<div class=\"elementor-widget-wrap elementor-element-populated\">\n\t\t\t\t\t\t<div class=\"elementor-element elementor-element-a240eb2 elementor-widget elementor-widget-text-editor\" data-id=\"a240eb2\" data-element_type=\"widget\" data-widget_type=\"text-editor.default\">\n\t\t\t\t<div class=\"elementor-widget-container\">\n\t\t\t\t\t\t\t\t\t<h1>Seeing Auschwitz te invita a mirar a los ojos al mundo que los nazis quer\u00edan silenciar.<\/h1>\t\t\t\t\t\t\t\t<\/div>\n\t\t\t\t<\/div>\n\t\t\t\t\t<\/div>\n\t\t<\/div>\n\t\t\t\t<div class=\"elementor-column elementor-col-50 elementor-top-column elementor-element elementor-element-df56bc9\" data-id=\"df56bc9\" data-element_type=\"column\">\n\t\t\t<div class=\"elementor-widget-wrap elementor-element-populated\">\n\t\t\t\t\t\t<div class=\"elementor-element elementor-element-f2e6e12 elementor-widget elementor-widget-text-editor\" data-id=\"f2e6e12\" data-element_type=\"widget\" data-widget_type=\"text-editor.default\">\n\t\t\t\t<div class=\"elementor-widget-container\">\n\t\t\t\t\t\t\t\t\t<p>A observar, con ojo cr\u00edtico, las im\u00e1genes que nos cuentan lo que las palabras no pueden describir a trav\u00e9s de una <a href=\"https:\/\/seeing-auschwitz.com\/auschwitz-en-imagenes\/\" target=\"_blank\" rel=\"noopener\">selecci\u00f3n de cerca de 100 fotograf\u00edas y dibujos<\/a>.<\/p>\t\t\t\t\t\t\t\t<\/div>\n\t\t\t\t<\/div>\n\t\t\t\t\t<\/div>\n\t\t<\/div>\n\t\t\t\t\t<\/div>\n\t\t<\/section>\n\t\t\t\t<section class=\"elementor-section elementor-top-section elementor-element elementor-element-418d2f1 elementor-section-full_width elementor-section-height-default elementor-section-height-default qodef-elementor-content-no\" data-id=\"418d2f1\" data-element_type=\"section\">\n\t\t\t\t\t\t<div class=\"elementor-container elementor-column-gap-default\">\n\t\t\t\t\t<div class=\"elementor-column elementor-col-100 elementor-top-column elementor-element elementor-element-02d1299\" data-id=\"02d1299\" data-element_type=\"column\">\n\t\t\t<div class=\"elementor-widget-wrap elementor-element-populated\">\n\t\t\t\t\t\t<div class=\"elementor-element elementor-element-7bb7a67 elementor-widget-divider--view-line elementor-widget elementor-widget-divider\" data-id=\"7bb7a67\" data-element_type=\"widget\" data-widget_type=\"divider.default\">\n\t\t\t\t<div class=\"elementor-widget-container\">\n\t\t\t\t\t\t\t<div class=\"elementor-divider\">\n\t\t\t<span class=\"elementor-divider-separator\">\n\t\t\t\t\t\t<\/span>\n\t\t<\/div>\n\t\t\t\t\t\t<\/div>\n\t\t\t\t<\/div>\n\t\t\t\t\t<\/div>\n\t\t<\/div>\n\t\t\t\t\t<\/div>\n\t\t<\/section>\n\t\t\t\t<section class=\"elementor-section elementor-top-section elementor-element elementor-element-2551351 elementor-section-boxed elementor-section-height-default elementor-section-height-default qodef-elementor-content-no\" data-id=\"2551351\" data-element_type=\"section\">\n\t\t\t\t\t\t<div class=\"elementor-container elementor-column-gap-default\">\n\t\t\t\t\t<div class=\"elementor-column elementor-col-50 elementor-top-column elementor-element elementor-element-da63dba\" data-id=\"da63dba\" data-element_type=\"column\">\n\t\t\t<div class=\"elementor-widget-wrap elementor-element-populated\">\n\t\t\t\t\t\t<div class=\"elementor-element elementor-element-de8bd5d elementor-widget elementor-widget-text-editor\" data-id=\"de8bd5d\" data-element_type=\"widget\" data-widget_type=\"text-editor.default\">\n\t\t\t\t<div class=\"elementor-widget-container\">\n\t\t\t\t\t\t\t\t\t<p class=\"p1\">Con la liberaci\u00f3n de Auschwitz el 27 de enero de 1945, se hallaron nuevas y m\u00faltiples evidencias de las atrocidades cometidas por la Alemania nazi contra jud\u00edos, polacos, roman\u00edes, prisioneros de guerra sovi\u00e9ticos y otras nacionalidades, criminales, testigos de Jehov\u00e1, homosexuales y otros considerados \u201cindeseables\u201d por el r\u00e9gimen.<\/p>\t\t\t\t\t\t\t\t<\/div>\n\t\t\t\t<\/div>\n\t\t\t\t\t<\/div>\n\t\t<\/div>\n\t\t\t\t<div class=\"elementor-column elementor-col-50 elementor-top-column elementor-element elementor-element-a2e70eb\" data-id=\"a2e70eb\" data-element_type=\"column\">\n\t\t\t<div class=\"elementor-widget-wrap elementor-element-populated\">\n\t\t\t\t\t\t<div class=\"elementor-element elementor-element-84e3f54 elementor-widget elementor-widget-text-editor\" data-id=\"84e3f54\" data-element_type=\"widget\" data-widget_type=\"text-editor.default\">\n\t\t\t\t<div class=\"elementor-widget-container\">\n\t\t\t\t\t\t\t\t\t<p>Como parte de este testimonio del horror se encontraron algunas de las miles de fotograf\u00edas tomadas en Auschwitz que atestiguan el proceso del exterminio sistem\u00e1tico, desde la llegada de los deportados hasta su incineraci\u00f3n, pasando el retrato de prisioneros o im\u00e1genes de la vida cotidiana de los oficiales que dirigieron el campo.<\/p>\t\t\t\t\t\t\t\t<\/div>\n\t\t\t\t<\/div>\n\t\t\t\t\t<\/div>\n\t\t<\/div>\n\t\t\t\t\t<\/div>\n\t\t<\/section>\n\t\t\t\t<section class=\"elementor-section elementor-top-section elementor-element elementor-element-a45a360 elementor-section-full_width elementor-section-height-default elementor-section-height-default qodef-elementor-content-no\" data-id=\"a45a360\" data-element_type=\"section\">\n\t\t\t\t\t\t<div class=\"elementor-container elementor-column-gap-default\">\n\t\t\t\t\t<div class=\"elementor-column elementor-col-100 elementor-top-column elementor-element elementor-element-6036e8b\" data-id=\"6036e8b\" data-element_type=\"column\">\n\t\t\t<div class=\"elementor-widget-wrap elementor-element-populated\">\n\t\t\t\t\t\t<div class=\"elementor-element elementor-element-be3c10e elementor-widget elementor-widget-video\" data-id=\"be3c10e\" data-element_type=\"widget\" data-settings=\"{&quot;youtube_url&quot;:&quot;https:\\\/\\\/youtu.be\\\/ZtoTR7UwOSA&quot;,&quot;autoplay&quot;:&quot;yes&quot;,&quot;play_on_mobile&quot;:&quot;yes&quot;,&quot;mute&quot;:&quot;yes&quot;,&quot;video_type&quot;:&quot;youtube&quot;,&quot;controls&quot;:&quot;yes&quot;}\" data-widget_type=\"video.default\">\n\t\t\t\t<div class=\"elementor-widget-container\">\n\t\t\t\t\t\t\t<div class=\"elementor-wrapper elementor-open-inline\">\n\t\t\t<div class=\"elementor-video\"><\/div>\t\t<\/div>\n\t\t\t\t\t\t<\/div>\n\t\t\t\t<\/div>\n\t\t\t\t\t<\/div>\n\t\t<\/div>\n\t\t\t\t\t<\/div>\n\t\t<\/section>\n\t\t\t\t<section class=\"elementor-section elementor-top-section elementor-element elementor-element-1abc217 elementor-section-boxed elementor-section-height-default elementor-section-height-default qodef-elementor-content-no\" data-id=\"1abc217\" data-element_type=\"section\">\n\t\t\t\t\t\t<div class=\"elementor-container elementor-column-gap-wide\">\n\t\t\t\t\t<div class=\"elementor-column elementor-col-50 elementor-top-column elementor-element elementor-element-4a8125a\" data-id=\"4a8125a\" data-element_type=\"column\">\n\t\t\t<div class=\"elementor-widget-wrap elementor-element-populated\">\n\t\t\t\t\t\t<div class=\"elementor-element elementor-element-c46ab0a elementor-widget elementor-widget-image\" data-id=\"c46ab0a\" data-element_type=\"widget\" data-widget_type=\"image.default\">\n\t\t\t\t<div class=\"elementor-widget-container\">\n\t\t\t\t\t\t\t\t\t\t\t\t\t\t\t<img decoding=\"async\" src=\"https:\/\/seeing-auschwitz.com\/wp-content\/uploads\/2021\/03\/SeeingAuschwitz_Donostia_mapa.jpg\" title=\"SeeingAuschwitz_Donostia_mapa\" alt=\"SeeingAuschwitz_Donostia_mapa\" loading=\"lazy\" \/>\t\t\t\t\t\t\t\t\t\t\t\t\t\t\t<\/div>\n\t\t\t\t<\/div>\n\t\t\t\t\t<\/div>\n\t\t<\/div>\n\t\t\t\t<div class=\"elementor-column elementor-col-50 elementor-top-column elementor-element elementor-element-3f4db0d\" data-id=\"3f4db0d\" data-element_type=\"column\">\n\t\t\t<div class=\"elementor-widget-wrap elementor-element-populated\">\n\t\t\t\t\t\t<div class=\"elementor-element elementor-element-fb2bb31 elementor-widget elementor-widget-text-editor\" data-id=\"fb2bb31\" data-element_type=\"widget\" data-widget_type=\"text-editor.default\">\n\t\t\t\t<div class=\"elementor-widget-container\">\n\t\t\t\t\t\t\t\t\t<p>Un testimonio visual de valor incalculable que, sin duda, ha configurado la imagen colectiva sobre Auschwitz hasta nuestros d\u00edas, pero que, a la vez, nos obliga a preguntarnos: \u00bfSon estas fotograf\u00edas fuentes neutrales o el reflejo de Auschwitz desde una perspectiva concreta? \u00bfRepresentan la inmensidad de la desgarradora realidad de Auschwitz estas aparentes \u201cventanas al pasado\u201d? Y, m\u00e1s importante a\u00fan, \u00bfrealmente podemos decir que hemos \u201cvisto\u201d Auschwitz a trav\u00e9s de ellas?<\/p>\t\t\t\t\t\t\t\t<\/div>\n\t\t\t\t<\/div>\n\t\t\t\t\t<\/div>\n\t\t<\/div>\n\t\t\t\t\t<\/div>\n\t\t<\/section>\n\t\t\t\t<\/div>\n\t\t","protected":false},"excerpt":{"rendered":"<p>Auschwitz en im\u00e1genes Al menos 1.100.000 personas, en su gran mayor\u00eda jud\u00edas, fueron asesinadas durante la Segunda Guerra Mundial en Auschwitz, la mayor f\u00e1brica de la muerte operada por la Alemania nazi entre 1940 y 1945. Hasta all\u00ed llegaban casi a diario miles de hombres, mujeres y ni\u00f1os, que, en su mayor\u00eda, encontraban la muerte [&hellip;]<\/p>\n","protected":false},"author":1,"featured_media":0,"parent":0,"menu_order":0,"comment_status":"closed","ping_status":"closed","template":"page-full-width.php","meta":{"footnotes":""},"class_list":["post-6933","page","type-page","status-publish","hentry"],"yoast_head":"<!-- This site is optimized with the Yoast SEO plugin v26.8 - https:\/\/yoast.com\/product\/yoast-seo-wordpress\/ -->\n<title>Seeing Auschwitz: Auschwitz en im\u00e1genes - Seeing Auschwitz<\/title>\n<meta name=\"description\" content=\"Estas fotograf\u00edas tomadas en Auschwitz atestiguan el proceso del exterminio sistem\u00e1tico: de la llegada a su incineraci\u00f3n, retratos o d\u00eda...\" \/>\n<meta name=\"robots\" content=\"index, follow, max-snippet:-1, max-image-preview:large, max-video-preview:-1\" \/>\n<link rel=\"canonical\" href=\"https:\/\/seeing-auschwitz.com\/es\/auschwitz-en-imagenes\/\" \/>\n<meta property=\"og:locale\" content=\"es_ES\" \/>\n<meta property=\"og:type\" content=\"article\" \/>\n<meta property=\"og:title\" content=\"Seeing Auschwitz: Auschwitz en im\u00e1genes - Seeing Auschwitz\" \/>\n<meta property=\"og:description\" content=\"Estas fotograf\u00edas tomadas en Auschwitz atestiguan el proceso del exterminio sistem\u00e1tico: de la llegada a su incineraci\u00f3n, retratos o d\u00eda...\" \/>\n<meta property=\"og:url\" content=\"https:\/\/seeing-auschwitz.com\/es\/auschwitz-en-imagenes\/\" \/>\n<meta property=\"og:site_name\" content=\"Seeing Auschwitz\" \/>\n<meta property=\"article:modified_time\" content=\"2026-01-22T15:13:19+00:00\" \/>\n<meta property=\"og:image\" content=\"https:\/\/seeing-auschwitz.com\/wp-content\/uploads\/2021\/03\/SeeingAuschwitz_Donostia_mapa.jpg\" \/>\n<meta name=\"twitter:card\" content=\"summary_large_image\" \/>\n<meta name=\"twitter:label1\" content=\"Tiempo de lectura\" \/>\n\t<meta name=\"twitter:data1\" content=\"2 minutos\" \/>\n<script type=\"application\/ld+json\" class=\"yoast-schema-graph\">{\"@context\":\"https:\/\/schema.org\",\"@graph\":[{\"@type\":\"WebPage\",\"@id\":\"https:\/\/seeing-auschwitz.com\/es\/auschwitz-en-imagenes\/\",\"url\":\"https:\/\/seeing-auschwitz.com\/es\/auschwitz-en-imagenes\/\",\"name\":\"Seeing Auschwitz: Auschwitz en im\u00e1genes - Seeing Auschwitz\",\"isPartOf\":{\"@id\":\"https:\/\/seeing-auschwitz.com\/#website\"},\"primaryImageOfPage\":{\"@id\":\"https:\/\/seeing-auschwitz.com\/es\/auschwitz-en-imagenes\/#primaryimage\"},\"image\":{\"@id\":\"https:\/\/seeing-auschwitz.com\/es\/auschwitz-en-imagenes\/#primaryimage\"},\"thumbnailUrl\":\"https:\/\/seeing-auschwitz.com\/wp-content\/uploads\/2021\/03\/SeeingAuschwitz_Donostia_mapa.jpg\",\"datePublished\":\"2021-01-14T17:34:40+00:00\",\"dateModified\":\"2026-01-22T15:13:19+00:00\",\"description\":\"Estas fotograf\u00edas tomadas en Auschwitz atestiguan el proceso del exterminio sistem\u00e1tico: de la llegada a su incineraci\u00f3n, retratos o d\u00eda...\",\"breadcrumb\":{\"@id\":\"https:\/\/seeing-auschwitz.com\/es\/auschwitz-en-imagenes\/#breadcrumb\"},\"inLanguage\":\"es\",\"potentialAction\":[{\"@type\":\"ReadAction\",\"target\":[\"https:\/\/seeing-auschwitz.com\/es\/auschwitz-en-imagenes\/\"]}]},{\"@type\":\"ImageObject\",\"inLanguage\":\"es\",\"@id\":\"https:\/\/seeing-auschwitz.com\/es\/auschwitz-en-imagenes\/#primaryimage\",\"url\":\"https:\/\/seeing-auschwitz.com\/wp-content\/uploads\/2021\/03\/SeeingAuschwitz_Donostia_mapa.jpg\",\"contentUrl\":\"https:\/\/seeing-auschwitz.com\/wp-content\/uploads\/2021\/03\/SeeingAuschwitz_Donostia_mapa.jpg\"},{\"@type\":\"BreadcrumbList\",\"@id\":\"https:\/\/seeing-auschwitz.com\/es\/auschwitz-en-imagenes\/#breadcrumb\",\"itemListElement\":[{\"@type\":\"ListItem\",\"position\":1,\"name\":\"Portada\",\"item\":\"https:\/\/seeing-auschwitz.com\/es\/\"},{\"@type\":\"ListItem\",\"position\":2,\"name\":\"Seeing Auschwitz: Auschwitz en im\u00e1genes\"}]},{\"@type\":\"WebSite\",\"@id\":\"https:\/\/seeing-auschwitz.com\/#website\",\"url\":\"https:\/\/seeing-auschwitz.com\/\",\"name\":\"Seeing Auschwitz\",\"description\":\"The Exhibition in London\",\"potentialAction\":[{\"@type\":\"SearchAction\",\"target\":{\"@type\":\"EntryPoint\",\"urlTemplate\":\"https:\/\/seeing-auschwitz.com\/?s={search_term_string}\"},\"query-input\":{\"@type\":\"PropertyValueSpecification\",\"valueRequired\":true,\"valueName\":\"search_term_string\"}}],\"inLanguage\":\"es\"}]}<\/script>\n<!-- \/ Yoast SEO plugin. -->","yoast_head_json":{"title":"Seeing Auschwitz: Auschwitz en im\u00e1genes - Seeing Auschwitz","description":"Estas fotograf\u00edas tomadas en Auschwitz atestiguan el proceso del exterminio sistem\u00e1tico: de la llegada a su incineraci\u00f3n, retratos o d\u00eda...","robots":{"index":"index","follow":"follow","max-snippet":"max-snippet:-1","max-image-preview":"max-image-preview:large","max-video-preview":"max-video-preview:-1"},"canonical":"https:\/\/seeing-auschwitz.com\/es\/auschwitz-en-imagenes\/","og_locale":"es_ES","og_type":"article","og_title":"Seeing Auschwitz: Auschwitz en im\u00e1genes - Seeing Auschwitz","og_description":"Estas fotograf\u00edas tomadas en Auschwitz atestiguan el proceso del exterminio sistem\u00e1tico: de la llegada a su incineraci\u00f3n, retratos o d\u00eda...","og_url":"https:\/\/seeing-auschwitz.com\/es\/auschwitz-en-imagenes\/","og_site_name":"Seeing Auschwitz","article_modified_time":"2026-01-22T15:13:19+00:00","og_image":[{"url":"https:\/\/seeing-auschwitz.com\/wp-content\/uploads\/2021\/03\/SeeingAuschwitz_Donostia_mapa.jpg","type":"","width":"","height":""}],"twitter_card":"summary_large_image","twitter_misc":{"Tiempo de lectura":"2 minutos"},"schema":{"@context":"https:\/\/schema.org","@graph":[{"@type":"WebPage","@id":"https:\/\/seeing-auschwitz.com\/es\/auschwitz-en-imagenes\/","url":"https:\/\/seeing-auschwitz.com\/es\/auschwitz-en-imagenes\/","name":"Seeing Auschwitz: Auschwitz en im\u00e1genes - Seeing Auschwitz","isPartOf":{"@id":"https:\/\/seeing-auschwitz.com\/#website"},"primaryImageOfPage":{"@id":"https:\/\/seeing-auschwitz.com\/es\/auschwitz-en-imagenes\/#primaryimage"},"image":{"@id":"https:\/\/seeing-auschwitz.com\/es\/auschwitz-en-imagenes\/#primaryimage"},"thumbnailUrl":"https:\/\/seeing-auschwitz.com\/wp-content\/uploads\/2021\/03\/SeeingAuschwitz_Donostia_mapa.jpg","datePublished":"2021-01-14T17:34:40+00:00","dateModified":"2026-01-22T15:13:19+00:00","description":"Estas fotograf\u00edas tomadas en Auschwitz atestiguan el proceso del exterminio sistem\u00e1tico: de la llegada a su incineraci\u00f3n, retratos o d\u00eda...","breadcrumb":{"@id":"https:\/\/seeing-auschwitz.com\/es\/auschwitz-en-imagenes\/#breadcrumb"},"inLanguage":"es","potentialAction":[{"@type":"ReadAction","target":["https:\/\/seeing-auschwitz.com\/es\/auschwitz-en-imagenes\/"]}]},{"@type":"ImageObject","inLanguage":"es","@id":"https:\/\/seeing-auschwitz.com\/es\/auschwitz-en-imagenes\/#primaryimage","url":"https:\/\/seeing-auschwitz.com\/wp-content\/uploads\/2021\/03\/SeeingAuschwitz_Donostia_mapa.jpg","contentUrl":"https:\/\/seeing-auschwitz.com\/wp-content\/uploads\/2021\/03\/SeeingAuschwitz_Donostia_mapa.jpg"},{"@type":"BreadcrumbList","@id":"https:\/\/seeing-auschwitz.com\/es\/auschwitz-en-imagenes\/#breadcrumb","itemListElement":[{"@type":"ListItem","position":1,"name":"Portada","item":"https:\/\/seeing-auschwitz.com\/es\/"},{"@type":"ListItem","position":2,"name":"Seeing Auschwitz: Auschwitz en im\u00e1genes"}]},{"@type":"WebSite","@id":"https:\/\/seeing-auschwitz.com\/#website","url":"https:\/\/seeing-auschwitz.com\/","name":"Seeing Auschwitz","description":"The Exhibition in London","potentialAction":[{"@type":"SearchAction","target":{"@type":"EntryPoint","urlTemplate":"https:\/\/seeing-auschwitz.com\/?s={search_term_string}"},"query-input":{"@type":"PropertyValueSpecification","valueRequired":true,"valueName":"search_term_string"}}],"inLanguage":"es"}]}},"_links":{"self":[{"href":"https:\/\/seeing-auschwitz.com\/es\/wp-json\/wp\/v2\/pages\/6933","targetHints":{"allow":["GET"]}}],"collection":[{"href":"https:\/\/seeing-auschwitz.com\/es\/wp-json\/wp\/v2\/pages"}],"about":[{"href":"https:\/\/seeing-auschwitz.com\/es\/wp-json\/wp\/v2\/types\/page"}],"author":[{"embeddable":true,"href":"https:\/\/seeing-auschwitz.com\/es\/wp-json\/wp\/v2\/users\/1"}],"replies":[{"embeddable":true,"href":"https:\/\/seeing-auschwitz.com\/es\/wp-json\/wp\/v2\/comments?post=6933"}],"version-history":[{"count":446,"href":"https:\/\/seeing-auschwitz.com\/es\/wp-json\/wp\/v2\/pages\/6933\/revisions"}],"predecessor-version":[{"id":17261,"href":"https:\/\/seeing-auschwitz.com\/es\/wp-json\/wp\/v2\/pages\/6933\/revisions\/17261"}],"wp:attachment":[{"href":"https:\/\/seeing-auschwitz.com\/es\/wp-json\/wp\/v2\/media?parent=6933"}],"curies":[{"name":"wp","href":"https:\/\/api.w.org\/{rel}","templated":true}]}}