{"id":15339,"date":"2022-01-19T11:50:25","date_gmt":"2022-01-19T11:50:25","guid":{"rendered":"https:\/\/seeing-auschwitz.com\/?page_id=15339"},"modified":"2022-09-13T09:34:15","modified_gmt":"2022-09-13T09:34:15","slug":"audioguia","status":"publish","type":"page","link":"https:\/\/seeing-auschwitz.com\/es\/audioguia\/","title":{"rendered":"Seeing Auschwitz: La audiogu\u00eda"},"content":{"rendered":"\t\t<div data-elementor-type=\"wp-page\" data-elementor-id=\"15339\" class=\"elementor elementor-15339\">\n\t\t\t\t\t\t<section class=\"elementor-section elementor-top-section elementor-element elementor-element-94d02c5 elementor-section-boxed elementor-section-height-default elementor-section-height-default qodef-elementor-content-no\" data-id=\"94d02c5\" data-element_type=\"section\">\n\t\t\t\t\t\t<div class=\"elementor-container elementor-column-gap-default\">\n\t\t\t\t\t<div class=\"elementor-column elementor-col-66 elementor-top-column elementor-element elementor-element-761c173\" data-id=\"761c173\" data-element_type=\"column\">\n\t\t\t<div class=\"elementor-widget-wrap elementor-element-populated\">\n\t\t\t\t\t\t<div class=\"elementor-element elementor-element-2573862 elementor-widget elementor-widget-text-editor\" data-id=\"2573862\" data-element_type=\"widget\" data-widget_type=\"text-editor.default\">\n\t\t\t\t<div class=\"elementor-widget-container\">\n\t\t\t\t\t\t\t\t\t<h5>Tu tel\u00e9fono, tu audiogu\u00eda\u00a0<\/h5>\t\t\t\t\t\t\t\t<\/div>\n\t\t\t\t<\/div>\n\t\t\t\t<div class=\"elementor-element elementor-element-eb3876e elementor-widget elementor-widget-text-editor\" data-id=\"eb3876e\" data-element_type=\"widget\" data-widget_type=\"text-editor.default\">\n\t\t\t\t<div class=\"elementor-widget-container\">\n\t\t\t\t\t\t\t\t\t<h3>Descarga la audiogu\u00eda de Seeing Auschwitz de modo gratuito.\u00a0<\/h3>\t\t\t\t\t\t\t\t<\/div>\n\t\t\t\t<\/div>\n\t\t\t\t\t<\/div>\n\t\t<\/div>\n\t\t\t\t<div class=\"elementor-column elementor-col-33 elementor-top-column elementor-element elementor-element-842bdec\" data-id=\"842bdec\" data-element_type=\"column\">\n\t\t\t<div class=\"elementor-widget-wrap\">\n\t\t\t\t\t\t\t<\/div>\n\t\t<\/div>\n\t\t\t\t\t<\/div>\n\t\t<\/section>\n\t\t\t\t<section class=\"elementor-section elementor-top-section elementor-element elementor-element-b771c79 elementor-section-boxed elementor-section-height-default elementor-section-height-default qodef-elementor-content-no\" data-id=\"b771c79\" data-element_type=\"section\">\n\t\t\t\t\t\t<div class=\"elementor-container elementor-column-gap-default\">\n\t\t\t\t\t<div class=\"elementor-column elementor-col-50 elementor-top-column elementor-element elementor-element-db3c9c4\" data-id=\"db3c9c4\" data-element_type=\"column\">\n\t\t\t<div class=\"elementor-widget-wrap elementor-element-populated\">\n\t\t\t\t\t\t<div class=\"elementor-element elementor-element-0855784 elementor-widget elementor-widget-text-editor\" data-id=\"0855784\" data-element_type=\"widget\" data-widget_type=\"text-editor.default\">\n\t\t\t\t<div class=\"elementor-widget-container\">\n\t\t\t\t\t\t\t\t\t<p>Accede a ella desde tu m\u00f3vil para aprovechar al m\u00e1ximo tu visita y acceder a una experiencia a\u00fan m\u00e1s enriquecedora. No olvides llevar tu tel\u00e9fono con suficiente bater\u00eda y auriculares para poder disfrutarla con la m\u00e1xima comodidad durante un m\u00ednimo de 45 minutos.<\/p>\t\t\t\t\t\t\t\t<\/div>\n\t\t\t\t<\/div>\n\t\t\t\t\t<\/div>\n\t\t<\/div>\n\t\t\t\t<div class=\"elementor-column elementor-col-50 elementor-top-column elementor-element elementor-element-ab0c9d8\" data-id=\"ab0c9d8\" data-element_type=\"column\">\n\t\t\t<div class=\"elementor-widget-wrap elementor-element-populated\">\n\t\t\t\t\t\t<div class=\"elementor-element elementor-element-e106897 elementor-widget elementor-widget-text-editor\" data-id=\"e106897\" data-element_type=\"widget\" data-widget_type=\"text-editor.default\">\n\t\t\t\t<div class=\"elementor-widget-container\">\n\t\t\t\t\t\t\t\t\t<p>La misi\u00f3n clave de Seeing Auschwitz es facilitar a visitantes de todas las edades las herramientas para que estos puedan reflexionar por s\u00ed mismos acerca de la realidad de Auschwitz y el Holocausto a partir del an\u00e1lisis forense de m\u00e1s de 100 fuentes fotogr\u00e1ficas y documentaci\u00f3n.\u00a0<\/p>\t\t\t\t\t\t\t\t<\/div>\n\t\t\t\t<\/div>\n\t\t\t\t\t<\/div>\n\t\t<\/div>\n\t\t\t\t\t<\/div>\n\t\t<\/section>\n\t\t\t\t<section class=\"elementor-section elementor-top-section elementor-element elementor-element-6aa83d8 elementor-section-boxed elementor-section-height-default elementor-section-height-default qodef-elementor-content-no\" data-id=\"6aa83d8\" data-element_type=\"section\">\n\t\t\t\t\t\t<div class=\"elementor-container elementor-column-gap-default\">\n\t\t\t\t\t<div class=\"elementor-column elementor-col-100 elementor-top-column elementor-element elementor-element-55e44b8\" data-id=\"55e44b8\" data-element_type=\"column\">\n\t\t\t<div class=\"elementor-widget-wrap elementor-element-populated\">\n\t\t\t\t\t\t<div class=\"elementor-element elementor-element-08283f6 elementor-widget elementor-widget-spacer\" data-id=\"08283f6\" data-element_type=\"widget\" data-widget_type=\"spacer.default\">\n\t\t\t\t<div class=\"elementor-widget-container\">\n\t\t\t\t\t\t\t<div class=\"elementor-spacer\">\n\t\t\t<div class=\"elementor-spacer-inner\"><\/div>\n\t\t<\/div>\n\t\t\t\t\t\t<\/div>\n\t\t\t\t<\/div>\n\t\t\t\t<div class=\"elementor-element elementor-element-27725e3 elementor-widget elementor-widget-image\" data-id=\"27725e3\" data-element_type=\"widget\" data-widget_type=\"image.default\">\n\t\t\t\t<div class=\"elementor-widget-container\">\n\t\t\t\t\t\t\t\t\t\t\t\t\t\t\t<img fetchpriority=\"high\" decoding=\"async\" width=\"3840\" height=\"2160\" src=\"https:\/\/seeing-auschwitz.com\/wp-content\/uploads\/2022\/01\/iphone-mockup-copia.png\" class=\"attachment-full size-full wp-image-14983\" alt=\"\" srcset=\"https:\/\/seeing-auschwitz.com\/wp-content\/uploads\/2022\/01\/iphone-mockup-copia.png 3840w, https:\/\/seeing-auschwitz.com\/wp-content\/uploads\/2022\/01\/iphone-mockup-copia-300x169.png 300w, https:\/\/seeing-auschwitz.com\/wp-content\/uploads\/2022\/01\/iphone-mockup-copia-1024x576.png 1024w, https:\/\/seeing-auschwitz.com\/wp-content\/uploads\/2022\/01\/iphone-mockup-copia-768x432.png 768w, https:\/\/seeing-auschwitz.com\/wp-content\/uploads\/2022\/01\/iphone-mockup-copia-1536x864.png 1536w, https:\/\/seeing-auschwitz.com\/wp-content\/uploads\/2022\/01\/iphone-mockup-copia-2048x1152.png 2048w\" sizes=\"(max-width: 3840px) 100vw, 3840px\" \/>\t\t\t\t\t\t\t\t\t\t\t\t\t\t\t<\/div>\n\t\t\t\t<\/div>\n\t\t\t\t\t<\/div>\n\t\t<\/div>\n\t\t\t\t\t<\/div>\n\t\t<\/section>\n\t\t\t\t<section class=\"elementor-section elementor-top-section elementor-element elementor-element-f2670bd elementor-section-boxed elementor-section-height-default elementor-section-height-default qodef-elementor-content-no\" data-id=\"f2670bd\" data-element_type=\"section\">\n\t\t\t\t\t\t<div class=\"elementor-container elementor-column-gap-default\">\n\t\t\t\t\t<div class=\"elementor-column elementor-col-50 elementor-top-column elementor-element elementor-element-aca2317\" data-id=\"aca2317\" data-element_type=\"column\">\n\t\t\t<div class=\"elementor-widget-wrap elementor-element-populated\">\n\t\t\t\t\t\t<div class=\"elementor-element elementor-element-66ee3a3 elementor-widget elementor-widget-text-editor\" data-id=\"66ee3a3\" data-element_type=\"widget\" data-widget_type=\"text-editor.default\">\n\t\t\t\t<div class=\"elementor-widget-container\">\n\t\t\t\t\t\t\t\t\t<p>En este proceso, la audiogu\u00eda resulta un elemento clave gracias a la narraci\u00f3n de 45 minutos aproximadamente que incluye, entre otros, los testimonios de supervivientes de Auschwitz recopilados durante d\u00e9cadas por la USC Shoah Foundation, perteneciente a la Universidad de California, y cedidos a la exposici\u00f3n para su uso con fines divulgativos.<\/p>\t\t\t\t\t\t\t\t<\/div>\n\t\t\t\t<\/div>\n\t\t\t\t\t<\/div>\n\t\t<\/div>\n\t\t\t\t<div class=\"elementor-column elementor-col-50 elementor-top-column elementor-element elementor-element-b70c0bd\" data-id=\"b70c0bd\" data-element_type=\"column\">\n\t\t\t<div class=\"elementor-widget-wrap elementor-element-populated\">\n\t\t\t\t\t\t<div class=\"elementor-element elementor-element-a0e44ab elementor-widget elementor-widget-text-editor\" data-id=\"a0e44ab\" data-element_type=\"widget\" data-widget_type=\"text-editor.default\">\n\t\t\t\t<div class=\"elementor-widget-container\">\n\t\t\t\t\t\t\t\t\t<p>Desarrollada por un equipo de educadores encabezado por el prestigioso educador brit\u00e1nico en materia del Holocausto Paul Salmons, la audiogu\u00eda est\u00e1 disponible en castellano e ingl\u00e9s.<\/p>\t\t\t\t\t\t\t\t<\/div>\n\t\t\t\t<\/div>\n\t\t\t\t\t<\/div>\n\t\t<\/div>\n\t\t\t\t\t<\/div>\n\t\t<\/section>\n\t\t\t\t<section class=\"elementor-section elementor-top-section elementor-element elementor-element-c665f7a elementor-section-boxed elementor-section-height-default elementor-section-height-default qodef-elementor-content-no\" data-id=\"c665f7a\" data-element_type=\"section\">\n\t\t\t\t\t\t<div class=\"elementor-container elementor-column-gap-default\">\n\t\t\t\t\t<div class=\"elementor-column elementor-col-50 elementor-top-column elementor-element elementor-element-7c56ac6\" data-id=\"7c56ac6\" data-element_type=\"column\">\n\t\t\t<div class=\"elementor-widget-wrap elementor-element-populated\">\n\t\t\t\t\t\t<div class=\"elementor-element elementor-element-2923f39 elementor-widget elementor-widget-wp-widget-media_audio\" data-id=\"2923f39\" data-element_type=\"widget\" data-widget_type=\"wp-widget-media_audio.default\">\n\t\t\t\t<div class=\"elementor-widget-container\">\n\t\t\t\t\t<h5>ESCUCHA UN ADELANTO DE NUESTRA AUDIOGU\u00cdA<\/h5><audio class=\"wp-audio-shortcode\" id=\"audio-15339-1\" preload=\"none\" style=\"width: 100%;\" controls=\"controls\"><source type=\"audio\/mpeg\" src=\"https:\/\/seeing-auschwitz.com\/wp-content\/uploads\/2021\/02\/Stop01_Cast.mp3?_=1\" \/><source type=\"audio\/mpeg\" src=\"https:\/\/seeing-auschwitz.com\/wp-content\/uploads\/2021\/02\/Stop01_Cast.mp3?_=1\" \/><a href=\"https:\/\/seeing-auschwitz.com\/wp-content\/uploads\/2021\/02\/Stop01_Cast.mp3\">https:\/\/seeing-auschwitz.com\/wp-content\/uploads\/2021\/02\/Stop01_Cast.mp3<\/a><\/audio>\t\t\t\t<\/div>\n\t\t\t\t<\/div>\n\t\t\t\t<div class=\"elementor-element elementor-element-bda8daa elementor-widget elementor-widget-text-editor\" data-id=\"bda8daa\" data-element_type=\"widget\" data-widget_type=\"text-editor.default\">\n\t\t\t\t<div class=\"elementor-widget-container\">\n\t\t\t\t\t\t\t\t\t<h4>Las entrevistas a\u00a0Ana Benkel de Vinocur y <strong>Phillip E. Katz<\/strong>\u00a0proceden del archivo de USC Shoah Foundation &#8211; The Institute for Visual History and Education<\/h4>\t\t\t\t\t\t\t\t<\/div>\n\t\t\t\t<\/div>\n\t\t\t\t\t<\/div>\n\t\t<\/div>\n\t\t\t\t<div class=\"elementor-column elementor-col-50 elementor-top-column elementor-element elementor-element-f6e2f77\" data-id=\"f6e2f77\" data-element_type=\"column\">\n\t\t\t<div class=\"elementor-widget-wrap\">\n\t\t\t\t\t\t\t<\/div>\n\t\t<\/div>\n\t\t\t\t\t<\/div>\n\t\t<\/section>\n\t\t\t\t<section class=\"elementor-section elementor-top-section elementor-element elementor-element-f127efa elementor-section-full_width elementor-section-stretched elementor-section-height-default elementor-section-height-default qodef-elementor-content-no\" data-id=\"f127efa\" data-element_type=\"section\" data-settings=\"{&quot;stretch_section&quot;:&quot;section-stretched&quot;}\">\n\t\t\t\t\t\t<div class=\"elementor-container elementor-column-gap-default\">\n\t\t\t\t\t<div class=\"elementor-column elementor-col-100 elementor-top-column elementor-element elementor-element-da76a3f\" data-id=\"da76a3f\" data-element_type=\"column\">\n\t\t\t<div class=\"elementor-widget-wrap elementor-element-populated\">\n\t\t\t\t\t\t<div class=\"elementor-element elementor-element-b6b36d1 elementor-widget-divider--view-line elementor-widget elementor-widget-divider\" data-id=\"b6b36d1\" data-element_type=\"widget\" data-widget_type=\"divider.default\">\n\t\t\t\t<div class=\"elementor-widget-container\">\n\t\t\t\t\t\t\t<div class=\"elementor-divider\">\n\t\t\t<span class=\"elementor-divider-separator\">\n\t\t\t\t\t\t<\/span>\n\t\t<\/div>\n\t\t\t\t\t\t<\/div>\n\t\t\t\t<\/div>\n\t\t\t\t\t<\/div>\n\t\t<\/div>\n\t\t\t\t\t<\/div>\n\t\t<\/section>\n\t\t\t\t<section class=\"elementor-section elementor-top-section elementor-element elementor-element-92d6d78 elementor-section-boxed elementor-section-height-default elementor-section-height-default qodef-elementor-content-no\" data-id=\"92d6d78\" data-element_type=\"section\">\n\t\t\t\t\t\t<div class=\"elementor-container elementor-column-gap-wide\">\n\t\t\t\t\t<div class=\"elementor-column elementor-col-50 elementor-top-column elementor-element elementor-element-11464c7\" data-id=\"11464c7\" data-element_type=\"column\">\n\t\t\t<div class=\"elementor-widget-wrap elementor-element-populated\">\n\t\t\t\t\t\t<div class=\"elementor-element elementor-element-11d24f1 elementor-widget elementor-widget-image\" data-id=\"11d24f1\" data-element_type=\"widget\" data-widget_type=\"image.default\">\n\t\t\t\t<div class=\"elementor-widget-container\">\n\t\t\t\t\t\t\t\t\t\t\t\t\t\t\t\t<a href=\"https:\/\/sfi.usc.edu\/\">\n\t\t\t\t\t\t\t<img decoding=\"async\" width=\"450\" height=\"71\" src=\"https:\/\/seeing-auschwitz.com\/wp-content\/uploads\/2022\/01\/usc_shoah_foundation_institute_logo-1.png\" class=\"attachment-full size-full wp-image-15579\" alt=\"\" srcset=\"https:\/\/seeing-auschwitz.com\/wp-content\/uploads\/2022\/01\/usc_shoah_foundation_institute_logo-1.png 450w, https:\/\/seeing-auschwitz.com\/wp-content\/uploads\/2022\/01\/usc_shoah_foundation_institute_logo-1-300x47.png 300w\" sizes=\"(max-width: 450px) 100vw, 450px\" \/>\t\t\t\t\t\t\t\t<\/a>\n\t\t\t\t\t\t\t\t\t\t\t\t\t\t\t<\/div>\n\t\t\t\t<\/div>\n\t\t\t\t\t<\/div>\n\t\t<\/div>\n\t\t\t\t<div class=\"elementor-column elementor-col-50 elementor-top-column elementor-element elementor-element-7739dbe\" data-id=\"7739dbe\" data-element_type=\"column\">\n\t\t\t<div class=\"elementor-widget-wrap elementor-element-populated\">\n\t\t\t\t\t\t<div class=\"elementor-element elementor-element-f663c4b elementor-widget elementor-widget-text-editor\" data-id=\"f663c4b\" data-element_type=\"widget\" data-widget_type=\"text-editor.default\">\n\t\t\t\t<div class=\"elementor-widget-container\">\n\t\t\t\t\t\t\t\t\t<p>La USC Shoah Foundation Institute for Visual History and Education es una organizaci\u00f3n sin fines de lucro creada en 1994, con el objetivo original de grabar y conservar testimonios de supervivientes y otros testigos del Holocausto, incluyendo personas jud\u00edas, homosexuales, Testigos de Jehov\u00e1, testigos de la liberaci\u00f3n, presos pol\u00edticos, aquellas personas que prestaron ayuda, gitanos, as\u00ed como supervivientes de las pol\u00edticas de eugenesia y de juicios por cr\u00edmenes de guerra.<\/p>\t\t\t\t\t\t\t\t<\/div>\n\t\t\t\t<\/div>\n\t\t\t\t<div class=\"elementor-element elementor-element-01dde31 elementor-widget elementor-widget-text-editor\" data-id=\"01dde31\" data-element_type=\"widget\" data-widget_type=\"text-editor.default\">\n\t\t\t\t<div class=\"elementor-widget-container\">\n\t\t\t\t\t\t\t\t\t<p>Su misi\u00f3n es contribuir a la superaci\u00f3n de los prejuicios, la intolerancia y el fanatismo &#8211; as\u00ed como el sufrimiento que causan &#8211; a trav\u00e9s del uso educativo de testimonios audiovisuales.\u200b Adem\u00e1s de la preservaci\u00f3n de los testimonios, ayuda a documentar las historias de superviventes y otros testigos de otros\u00a0genocidios.<\/p>\t\t\t\t\t\t\t\t<\/div>\n\t\t\t\t<\/div>\n\t\t\t\t\t<\/div>\n\t\t<\/div>\n\t\t\t\t\t<\/div>\n\t\t<\/section>\n\t\t\t\t<\/div>\n\t\t","protected":false},"excerpt":{"rendered":"<p>Tu tel\u00e9fono, tu audiogu\u00eda&nbsp; Descarga la audiogu\u00eda de Seeing Auschwitz de modo gratuito.&nbsp; Accede a ella desde tu m\u00f3vil para aprovechar al m\u00e1ximo tu visita y acceder a una experiencia a\u00fan m\u00e1s enriquecedora. No olvides llevar tu tel\u00e9fono con suficiente bater\u00eda y auriculares para poder disfrutarla con la m\u00e1xima comodidad durante un m\u00ednimo de 45 [&hellip;]<\/p>\n","protected":false},"author":1,"featured_media":0,"parent":0,"menu_order":0,"comment_status":"closed","ping_status":"closed","template":"","meta":{"footnotes":""},"class_list":["post-15339","page","type-page","status-publish","hentry"],"yoast_head":"<!-- This site is optimized with the Yoast SEO plugin v26.8 - https:\/\/yoast.com\/product\/yoast-seo-wordpress\/ -->\n<title>Seeing Auschwitz: La audiogu\u00eda - Seeing Auschwitz<\/title>\n<meta name=\"description\" content=\"Descarga la audiogu\u00eda de Seeing Auschwitz de modo gratuito. Aprovecha al m\u00e1ximo tu visita y acceder a una experiencia a\u00fan m\u00e1s enriquecedora.\" \/>\n<meta name=\"robots\" content=\"index, follow, max-snippet:-1, max-image-preview:large, max-video-preview:-1\" \/>\n<link rel=\"canonical\" href=\"https:\/\/seeing-auschwitz.com\/es\/audioguia\/\" \/>\n<meta property=\"og:locale\" content=\"es_ES\" \/>\n<meta property=\"og:type\" content=\"article\" \/>\n<meta property=\"og:title\" content=\"Seeing Auschwitz: La audiogu\u00eda - Seeing Auschwitz\" \/>\n<meta property=\"og:description\" content=\"Descarga la audiogu\u00eda de Seeing Auschwitz de modo gratuito. Aprovecha al m\u00e1ximo tu visita y acceder a una experiencia a\u00fan m\u00e1s enriquecedora.\" \/>\n<meta property=\"og:url\" content=\"https:\/\/seeing-auschwitz.com\/es\/audioguia\/\" \/>\n<meta property=\"og:site_name\" content=\"Seeing Auschwitz\" \/>\n<meta property=\"article:modified_time\" content=\"2022-09-13T09:34:15+00:00\" \/>\n<meta property=\"og:image\" content=\"https:\/\/seeing-auschwitz.com\/wp-content\/uploads\/2022\/01\/iphone-mockup-copia.png\" \/>\n<meta name=\"twitter:card\" content=\"summary_large_image\" \/>\n<meta name=\"twitter:label1\" content=\"Tiempo de lectura\" \/>\n\t<meta name=\"twitter:data1\" content=\"2 minutos\" \/>\n<script type=\"application\/ld+json\" class=\"yoast-schema-graph\">{\"@context\":\"https:\/\/schema.org\",\"@graph\":[{\"@type\":\"WebPage\",\"@id\":\"https:\/\/seeing-auschwitz.com\/es\/audioguia\/\",\"url\":\"https:\/\/seeing-auschwitz.com\/es\/audioguia\/\",\"name\":\"Seeing Auschwitz: La audiogu\u00eda - Seeing Auschwitz\",\"isPartOf\":{\"@id\":\"https:\/\/seeing-auschwitz.com\/#website\"},\"primaryImageOfPage\":{\"@id\":\"https:\/\/seeing-auschwitz.com\/es\/audioguia\/#primaryimage\"},\"image\":{\"@id\":\"https:\/\/seeing-auschwitz.com\/es\/audioguia\/#primaryimage\"},\"thumbnailUrl\":\"https:\/\/seeing-auschwitz.com\/wp-content\/uploads\/2022\/01\/iphone-mockup-copia.png\",\"datePublished\":\"2022-01-19T11:50:25+00:00\",\"dateModified\":\"2022-09-13T09:34:15+00:00\",\"description\":\"Descarga la audiogu\u00eda de Seeing Auschwitz de modo gratuito. Aprovecha al m\u00e1ximo tu visita y acceder a una experiencia a\u00fan m\u00e1s enriquecedora.\",\"breadcrumb\":{\"@id\":\"https:\/\/seeing-auschwitz.com\/es\/audioguia\/#breadcrumb\"},\"inLanguage\":\"es\",\"potentialAction\":[{\"@type\":\"ReadAction\",\"target\":[\"https:\/\/seeing-auschwitz.com\/es\/audioguia\/\"]}]},{\"@type\":\"ImageObject\",\"inLanguage\":\"es\",\"@id\":\"https:\/\/seeing-auschwitz.com\/es\/audioguia\/#primaryimage\",\"url\":\"https:\/\/seeing-auschwitz.com\/wp-content\/uploads\/2022\/01\/iphone-mockup-copia.png\",\"contentUrl\":\"https:\/\/seeing-auschwitz.com\/wp-content\/uploads\/2022\/01\/iphone-mockup-copia.png\"},{\"@type\":\"BreadcrumbList\",\"@id\":\"https:\/\/seeing-auschwitz.com\/es\/audioguia\/#breadcrumb\",\"itemListElement\":[{\"@type\":\"ListItem\",\"position\":1,\"name\":\"Portada\",\"item\":\"https:\/\/seeing-auschwitz.com\/es\/\"},{\"@type\":\"ListItem\",\"position\":2,\"name\":\"Seeing Auschwitz: La audiogu\u00eda\"}]},{\"@type\":\"WebSite\",\"@id\":\"https:\/\/seeing-auschwitz.com\/#website\",\"url\":\"https:\/\/seeing-auschwitz.com\/\",\"name\":\"Seeing Auschwitz\",\"description\":\"The Exhibition in London\",\"potentialAction\":[{\"@type\":\"SearchAction\",\"target\":{\"@type\":\"EntryPoint\",\"urlTemplate\":\"https:\/\/seeing-auschwitz.com\/?s={search_term_string}\"},\"query-input\":{\"@type\":\"PropertyValueSpecification\",\"valueRequired\":true,\"valueName\":\"search_term_string\"}}],\"inLanguage\":\"es\"}]}<\/script>\n<!-- \/ Yoast SEO plugin. -->","yoast_head_json":{"title":"Seeing Auschwitz: La audiogu\u00eda - Seeing Auschwitz","description":"Descarga la audiogu\u00eda de Seeing Auschwitz de modo gratuito. Aprovecha al m\u00e1ximo tu visita y acceder a una experiencia a\u00fan m\u00e1s enriquecedora.","robots":{"index":"index","follow":"follow","max-snippet":"max-snippet:-1","max-image-preview":"max-image-preview:large","max-video-preview":"max-video-preview:-1"},"canonical":"https:\/\/seeing-auschwitz.com\/es\/audioguia\/","og_locale":"es_ES","og_type":"article","og_title":"Seeing Auschwitz: La audiogu\u00eda - Seeing Auschwitz","og_description":"Descarga la audiogu\u00eda de Seeing Auschwitz de modo gratuito. Aprovecha al m\u00e1ximo tu visita y acceder a una experiencia a\u00fan m\u00e1s enriquecedora.","og_url":"https:\/\/seeing-auschwitz.com\/es\/audioguia\/","og_site_name":"Seeing Auschwitz","article_modified_time":"2022-09-13T09:34:15+00:00","og_image":[{"url":"https:\/\/seeing-auschwitz.com\/wp-content\/uploads\/2022\/01\/iphone-mockup-copia.png","type":"","width":"","height":""}],"twitter_card":"summary_large_image","twitter_misc":{"Tiempo de lectura":"2 minutos"},"schema":{"@context":"https:\/\/schema.org","@graph":[{"@type":"WebPage","@id":"https:\/\/seeing-auschwitz.com\/es\/audioguia\/","url":"https:\/\/seeing-auschwitz.com\/es\/audioguia\/","name":"Seeing Auschwitz: La audiogu\u00eda - Seeing Auschwitz","isPartOf":{"@id":"https:\/\/seeing-auschwitz.com\/#website"},"primaryImageOfPage":{"@id":"https:\/\/seeing-auschwitz.com\/es\/audioguia\/#primaryimage"},"image":{"@id":"https:\/\/seeing-auschwitz.com\/es\/audioguia\/#primaryimage"},"thumbnailUrl":"https:\/\/seeing-auschwitz.com\/wp-content\/uploads\/2022\/01\/iphone-mockup-copia.png","datePublished":"2022-01-19T11:50:25+00:00","dateModified":"2022-09-13T09:34:15+00:00","description":"Descarga la audiogu\u00eda de Seeing Auschwitz de modo gratuito. Aprovecha al m\u00e1ximo tu visita y acceder a una experiencia a\u00fan m\u00e1s enriquecedora.","breadcrumb":{"@id":"https:\/\/seeing-auschwitz.com\/es\/audioguia\/#breadcrumb"},"inLanguage":"es","potentialAction":[{"@type":"ReadAction","target":["https:\/\/seeing-auschwitz.com\/es\/audioguia\/"]}]},{"@type":"ImageObject","inLanguage":"es","@id":"https:\/\/seeing-auschwitz.com\/es\/audioguia\/#primaryimage","url":"https:\/\/seeing-auschwitz.com\/wp-content\/uploads\/2022\/01\/iphone-mockup-copia.png","contentUrl":"https:\/\/seeing-auschwitz.com\/wp-content\/uploads\/2022\/01\/iphone-mockup-copia.png"},{"@type":"BreadcrumbList","@id":"https:\/\/seeing-auschwitz.com\/es\/audioguia\/#breadcrumb","itemListElement":[{"@type":"ListItem","position":1,"name":"Portada","item":"https:\/\/seeing-auschwitz.com\/es\/"},{"@type":"ListItem","position":2,"name":"Seeing Auschwitz: La audiogu\u00eda"}]},{"@type":"WebSite","@id":"https:\/\/seeing-auschwitz.com\/#website","url":"https:\/\/seeing-auschwitz.com\/","name":"Seeing Auschwitz","description":"The Exhibition in London","potentialAction":[{"@type":"SearchAction","target":{"@type":"EntryPoint","urlTemplate":"https:\/\/seeing-auschwitz.com\/?s={search_term_string}"},"query-input":{"@type":"PropertyValueSpecification","valueRequired":true,"valueName":"search_term_string"}}],"inLanguage":"es"}]}},"_links":{"self":[{"href":"https:\/\/seeing-auschwitz.com\/es\/wp-json\/wp\/v2\/pages\/15339","targetHints":{"allow":["GET"]}}],"collection":[{"href":"https:\/\/seeing-auschwitz.com\/es\/wp-json\/wp\/v2\/pages"}],"about":[{"href":"https:\/\/seeing-auschwitz.com\/es\/wp-json\/wp\/v2\/types\/page"}],"author":[{"embeddable":true,"href":"https:\/\/seeing-auschwitz.com\/es\/wp-json\/wp\/v2\/users\/1"}],"replies":[{"embeddable":true,"href":"https:\/\/seeing-auschwitz.com\/es\/wp-json\/wp\/v2\/comments?post=15339"}],"version-history":[{"count":242,"href":"https:\/\/seeing-auschwitz.com\/es\/wp-json\/wp\/v2\/pages\/15339\/revisions"}],"predecessor-version":[{"id":16643,"href":"https:\/\/seeing-auschwitz.com\/es\/wp-json\/wp\/v2\/pages\/15339\/revisions\/16643"}],"wp:attachment":[{"href":"https:\/\/seeing-auschwitz.com\/es\/wp-json\/wp\/v2\/media?parent=15339"}],"curies":[{"name":"wp","href":"https:\/\/api.w.org\/{rel}","templated":true}]}}