{"id":13838,"date":"2021-07-06T13:30:41","date_gmt":"2021-07-06T13:30:41","guid":{"rendered":"https:\/\/seeing-auschwitz.com\/?page_id=13838"},"modified":"2026-01-22T08:52:53","modified_gmt":"2026-01-22T08:52:53","slug":"seeing-auschwitz-contacto","status":"publish","type":"page","link":"https:\/\/seeing-auschwitz.com\/es\/seeing-auschwitz-contacto\/","title":{"rendered":"Contacto"},"content":{"rendered":"\t\t<div data-elementor-type=\"wp-page\" data-elementor-id=\"13838\" class=\"elementor elementor-13838\">\n\t\t\t\t\t\t<section class=\"elementor-section elementor-top-section elementor-element elementor-element-6af5ce9 elementor-section-boxed elementor-section-height-default elementor-section-height-default qodef-elementor-content-no\" data-id=\"6af5ce9\" data-element_type=\"section\">\n\t\t\t\t\t\t<div class=\"elementor-container elementor-column-gap-no\">\n\t\t\t\t\t<div class=\"elementor-column elementor-col-50 elementor-top-column elementor-element elementor-element-06241f9\" data-id=\"06241f9\" data-element_type=\"column\">\n\t\t\t<div class=\"elementor-widget-wrap elementor-element-populated\">\n\t\t\t\t\t\t<div class=\"elementor-element elementor-element-0ad84dc elementor-widget elementor-widget-text-editor\" data-id=\"0ad84dc\" data-element_type=\"widget\" data-widget_type=\"text-editor.default\">\n\t\t\t\t<div class=\"elementor-widget-container\">\n\t\t\t\t\t\t\t\t\t<h5>Localizaci\u00f3n<\/h5>\t\t\t\t\t\t\t\t<\/div>\n\t\t\t\t<\/div>\n\t\t\t\t<div class=\"elementor-element elementor-element-0bac9fa elementor-widget elementor-widget-text-editor\" data-id=\"0bac9fa\" data-element_type=\"widget\" data-widget_type=\"text-editor.default\">\n\t\t\t\t<div class=\"elementor-widget-container\">\n\t\t\t\t\t\t\t\t\t<h1>Torino, <span style=\"color: #edbd00;\">Italy<\/span><\/h1>\t\t\t\t\t\t\t\t<\/div>\n\t\t\t\t<\/div>\n\t\t\t\t<section class=\"elementor-section elementor-inner-section elementor-element elementor-element-7902ff8 elementor-section-boxed elementor-section-height-default elementor-section-height-default qodef-elementor-content-no\" data-id=\"7902ff8\" data-element_type=\"section\">\n\t\t\t\t\t\t<div class=\"elementor-container elementor-column-gap-no\">\n\t\t\t\t\t<div class=\"elementor-column elementor-col-100 elementor-inner-column elementor-element elementor-element-fda0791\" data-id=\"fda0791\" data-element_type=\"column\">\n\t\t\t<div class=\"elementor-widget-wrap elementor-element-populated\">\n\t\t\t\t\t\t<div class=\"elementor-element elementor-element-3071abe elementor-widget elementor-widget-text-editor\" data-id=\"3071abe\" data-element_type=\"widget\" data-widget_type=\"text-editor.default\">\n\t\t\t\t<div class=\"elementor-widget-container\">\n\t\t\t\t\t\t\t\t\t<h5>Direcci\u00f3n<\/h5>\t\t\t\t\t\t\t\t<\/div>\n\t\t\t\t<\/div>\n\t\t\t\t<div class=\"elementor-element elementor-element-51d499e elementor-widget elementor-widget-text-editor\" data-id=\"51d499e\" data-element_type=\"widget\" data-widget_type=\"text-editor.default\">\n\t\t\t\t<div class=\"elementor-widget-container\">\n\t\t\t\t\t\t\t\t\t<p>Archivio di Stato di Torino,<br \/>Sale espositive,<br \/>Piazzetta Carlo Mollino, 1<br \/>10124 Torino<br \/>Italia<\/p>\t\t\t\t\t\t\t\t<\/div>\n\t\t\t\t<\/div>\n\t\t\t\t<div class=\"elementor-element elementor-element-b1e9f74 elementor-widget elementor-widget-text-editor\" data-id=\"b1e9f74\" data-element_type=\"widget\" data-widget_type=\"text-editor.default\">\n\t\t\t\t<div class=\"elementor-widget-container\">\n\t\t\t\t\t\t\t\t\t<h5>CONTACTO<\/h5>\t\t\t\t\t\t\t\t<\/div>\n\t\t\t\t<\/div>\n\t\t\t\t<div class=\"elementor-element elementor-element-bf4d1ce elementor-widget elementor-widget-text-editor\" data-id=\"bf4d1ce\" data-element_type=\"widget\" data-widget_type=\"text-editor.default\">\n\t\t\t\t<div class=\"elementor-widget-container\">\n\t\t\t\t\t\t\t\t\t<p>Env\u00ede una solicitud <a href=\"mailto:info@musealia.net\" target=\"_blank\" rel=\"noopener\">aqu\u00ed<\/a>.<\/p>\t\t\t\t\t\t\t\t<\/div>\n\t\t\t\t<\/div>\n\t\t\t\t\t<\/div>\n\t\t<\/div>\n\t\t\t\t\t<\/div>\n\t\t<\/section>\n\t\t\t\t\t<\/div>\n\t\t<\/div>\n\t\t\t\t<div class=\"elementor-column elementor-col-50 elementor-top-column elementor-element elementor-element-a2da15b\" data-id=\"a2da15b\" data-element_type=\"column\">\n\t\t\t<div class=\"elementor-widget-wrap elementor-element-populated\">\n\t\t\t\t\t\t<div class=\"elementor-element elementor-element-a8820cb elementor-widget elementor-widget-image\" data-id=\"a8820cb\" data-element_type=\"widget\" data-widget_type=\"image.default\">\n\t\t\t\t<div class=\"elementor-widget-container\">\n\t\t\t\t\t\t\t\t\t\t\t\t\t\t\t<img fetchpriority=\"high\" decoding=\"async\" width=\"650\" height=\"650\" src=\"https:\/\/seeing-auschwitz.com\/wp-content\/uploads\/2022\/09\/Captura-de-pantalla-2022-09-08-a-las-11.03.55-650x650.jpg\" class=\"attachment-borgholm_image_size_square size-borgholm_image_size_square wp-image-16466\" alt=\"Seeing Auschwitz The Exhibition\" srcset=\"https:\/\/seeing-auschwitz.com\/wp-content\/uploads\/2022\/09\/Captura-de-pantalla-2022-09-08-a-las-11.03.55-650x650.jpg 650w, https:\/\/seeing-auschwitz.com\/wp-content\/uploads\/2022\/09\/Captura-de-pantalla-2022-09-08-a-las-11.03.55-150x150.jpg 150w, https:\/\/seeing-auschwitz.com\/wp-content\/uploads\/2022\/09\/Captura-de-pantalla-2022-09-08-a-las-11.03.55-300x300.jpg 300w\" sizes=\"(max-width: 650px) 100vw, 650px\" \/>\t\t\t\t\t\t\t\t\t\t\t\t\t\t\t<\/div>\n\t\t\t\t<\/div>\n\t\t\t\t\t<\/div>\n\t\t<\/div>\n\t\t\t\t\t<\/div>\n\t\t<\/section>\n\t\t\t\t<section class=\"elementor-section elementor-top-section elementor-element elementor-element-1ca906c elementor-section-full_width elementor-section-height-default elementor-section-height-default qodef-elementor-content-no\" data-id=\"1ca906c\" data-element_type=\"section\">\n\t\t\t\t\t\t<div class=\"elementor-container elementor-column-gap-default\">\n\t\t\t\t\t<div class=\"elementor-column elementor-col-100 elementor-top-column elementor-element elementor-element-b608e50\" data-id=\"b608e50\" data-element_type=\"column\">\n\t\t\t<div class=\"elementor-widget-wrap elementor-element-populated\">\n\t\t\t\t\t\t<div class=\"elementor-element elementor-element-3481873 elementor-widget-divider--view-line elementor-widget elementor-widget-divider\" data-id=\"3481873\" data-element_type=\"widget\" data-widget_type=\"divider.default\">\n\t\t\t\t<div class=\"elementor-widget-container\">\n\t\t\t\t\t\t\t<div class=\"elementor-divider\">\n\t\t\t<span class=\"elementor-divider-separator\">\n\t\t\t\t\t\t<\/span>\n\t\t<\/div>\n\t\t\t\t\t\t<\/div>\n\t\t\t\t<\/div>\n\t\t\t\t\t<\/div>\n\t\t<\/div>\n\t\t\t\t\t<\/div>\n\t\t<\/section>\n\t\t\t\t<section class=\"elementor-section elementor-top-section elementor-element elementor-element-7e67afa elementor-section-boxed elementor-section-height-default elementor-section-height-default qodef-elementor-content-no\" data-id=\"7e67afa\" data-element_type=\"section\" data-settings=\"{&quot;background_background&quot;:&quot;classic&quot;}\">\n\t\t\t\t\t\t<div class=\"elementor-container elementor-column-gap-default\">\n\t\t\t\t\t<div class=\"elementor-column elementor-col-50 elementor-top-column elementor-element elementor-element-f11b69d\" data-id=\"f11b69d\" data-element_type=\"column\">\n\t\t\t<div class=\"elementor-widget-wrap elementor-element-populated\">\n\t\t\t\t\t\t<div class=\"elementor-element elementor-element-b520295 elementor-widget elementor-widget-text-editor\" data-id=\"b520295\" data-element_type=\"widget\" data-widget_type=\"text-editor.default\">\n\t\t\t\t<div class=\"elementor-widget-container\">\n\t\t\t\t\t\t\t\t\t<h3>Por favor rellena el siguiente formulario o, si lo deseas, dir\u00edgete por correo electr\u00f3nico al departamento relacionado con tu consulta o sugerencia.<\/h3><h3><strong>Gracias.<\/strong><\/h3>\t\t\t\t\t\t\t\t<\/div>\n\t\t\t\t<\/div>\n\t\t\t\t\t<\/div>\n\t\t<\/div>\n\t\t\t\t<div class=\"elementor-column elementor-col-50 elementor-top-column elementor-element elementor-element-620d450\" data-id=\"620d450\" data-element_type=\"column\">\n\t\t\t<div class=\"elementor-widget-wrap elementor-element-populated\">\n\t\t\t\t\t\t<div class=\"elementor-element elementor-element-51493cc elementor-widget elementor-widget-wp-widget-borgholm_core_contact_form_7\" data-id=\"51493cc\" data-element_type=\"widget\" data-widget_type=\"wp-widget-borgholm_core_contact_form_7.default\">\n\t\t\t\t<div class=\"elementor-widget-container\">\n\t\t\t\t\t\t\t\t<div class=\"qodef-contact-form-7\">\n\t\t\t\t\n<div class=\"wpcf7 no-js\" id=\"wpcf7-f12047-o1\" lang=\"es-ES\" dir=\"ltr\" data-wpcf7-id=\"12047\">\n<div class=\"screen-reader-response\"><p role=\"status\" aria-live=\"polite\" aria-atomic=\"true\"><\/p> <ul><\/ul><\/div>\n<form action=\"\/es\/wp-json\/wp\/v2\/pages\/13838#wpcf7-f12047-o1\" method=\"post\" class=\"wpcf7-form init\" aria-label=\"Formulario de contacto\" novalidate=\"novalidate\" data-status=\"init\">\n<fieldset class=\"hidden-fields-container\"><input type=\"hidden\" name=\"_wpcf7\" value=\"12047\" \/><input type=\"hidden\" name=\"_wpcf7_version\" value=\"6.1.4\" \/><input type=\"hidden\" name=\"_wpcf7_locale\" value=\"es_ES\" \/><input type=\"hidden\" name=\"_wpcf7_unit_tag\" value=\"wpcf7-f12047-o1\" \/><input type=\"hidden\" name=\"_wpcf7_container_post\" value=\"0\" \/><input type=\"hidden\" name=\"_wpcf7_posted_data_hash\" value=\"\" \/>\n<\/fieldset>\n<div class=\"qodef-contact-form\">\n<span class=\"wpcf7-form-control-wrap\" data-name=\"email-232\"><input size=\"40\" maxlength=\"400\" class=\"wpcf7-form-control wpcf7-email wpcf7-validates-as-required wpcf7-text wpcf7-validates-as-email\" aria-required=\"true\" aria-invalid=\"false\" placeholder=\"Email*\" value=\"\" type=\"email\" name=\"email-232\" \/><\/span>\n\n\n   <div style=\"margin-top: -10px; font-size:30px;\"><span class=\"wpcf7-form-control-wrap\" data-name=\"tel-944\"><input size=\"40\" maxlength=\"400\" class=\"wpcf7-form-control wpcf7-tel wpcf7-text wpcf7-validates-as-tel\" aria-invalid=\"false\" placeholder=\"Tel\u00e9fono*\" value=\"\" type=\"tel\" name=\"tel-944\" \/><\/span><\/div>\n\n   <div style=\"margin-bottom: -10px;\"><span class=\"wpcf7-form-control-wrap\" data-name=\"textarea-260\"><textarea cols=\"40\" rows=\"4\" maxlength=\"2000\" class=\"wpcf7-form-control wpcf7-textarea wpcf7-validates-as-required\" aria-required=\"true\" aria-invalid=\"false\" placeholder=\"Mensage\" name=\"textarea-260\"><\/textarea><\/span><\/div>\n\n   <div style=\"margin-top: 20px;\"><button class=\"wpcf7-form-control wpcf7-submit qodef-button qodef-size--normal qodef-type--filled qodef-m\" type=\"submit\"><span class=\"qodef-m-text\">Enviar<\/span><\/button><\/div>\n\n<\/div><input type='hidden' class='wpcf7-pum' value='{\"closepopup\":false,\"closedelay\":0,\"openpopup\":false,\"openpopup_id\":0}' \/><div class=\"wpcf7-response-output\" aria-hidden=\"true\"><\/div>\n<\/form>\n<\/div>\n\t\t\t<\/div>\n\t\t\t\t\t\t\t<\/div>\n\t\t\t\t<\/div>\n\t\t\t\t\t<\/div>\n\t\t<\/div>\n\t\t\t\t\t<\/div>\n\t\t<\/section>\n\t\t\t\t<\/div>\n\t\t","protected":false},"excerpt":{"rendered":"<p>Localizaci\u00f3n Torino, Italy Direcci\u00f3n Archivio di Stato di Torino,Sale espositive,Piazzetta Carlo Mollino, 110124 TorinoItalia CONTACTO Env\u00ede una solicitud aqu\u00ed. Por favor rellena el siguiente formulario o, si lo deseas, dir\u00edgete por correo electr\u00f3nico al departamento relacionado con tu consulta o sugerencia. Gracias.<\/p>\n","protected":false},"author":1,"featured_media":0,"parent":0,"menu_order":0,"comment_status":"closed","ping_status":"closed","template":"","meta":{"footnotes":""},"class_list":["post-13838","page","type-page","status-publish","hentry"],"yoast_head":"<!-- This site is optimized with the Yoast SEO plugin v26.8 - https:\/\/yoast.com\/product\/yoast-seo-wordpress\/ -->\n<title>Contacto - Seeing Auschwitz<\/title>\n<meta name=\"description\" content=\"Puedes rellenar el formulario o, si lo prefieres, dir\u00edgete por correo electr\u00f3nico al departamento relacionado con tu consulta.\" \/>\n<meta name=\"robots\" content=\"index, follow, max-snippet:-1, max-image-preview:large, max-video-preview:-1\" \/>\n<link rel=\"canonical\" href=\"https:\/\/seeing-auschwitz.com\/es\/seeing-auschwitz-contacto\/\" \/>\n<meta property=\"og:locale\" content=\"es_ES\" \/>\n<meta property=\"og:type\" content=\"article\" \/>\n<meta property=\"og:title\" content=\"Contacto - Seeing Auschwitz\" \/>\n<meta property=\"og:description\" content=\"Puedes rellenar el formulario o, si lo prefieres, dir\u00edgete por correo electr\u00f3nico al departamento relacionado con tu consulta.\" \/>\n<meta property=\"og:url\" content=\"https:\/\/seeing-auschwitz.com\/es\/seeing-auschwitz-contacto\/\" \/>\n<meta property=\"og:site_name\" content=\"Seeing Auschwitz\" \/>\n<meta property=\"article:modified_time\" content=\"2026-01-22T08:52:53+00:00\" \/>\n<meta property=\"og:image\" content=\"https:\/\/seeing-auschwitz.com\/wp-content\/uploads\/2022\/09\/Captura-de-pantalla-2022-09-08-a-las-11.03.55.jpg\" \/>\n\t<meta property=\"og:image:width\" content=\"1218\" \/>\n\t<meta property=\"og:image:height\" content=\"1784\" \/>\n\t<meta property=\"og:image:type\" content=\"image\/jpeg\" \/>\n<meta name=\"twitter:card\" content=\"summary_large_image\" \/>\n<meta name=\"twitter:label1\" content=\"Tiempo de lectura\" \/>\n\t<meta name=\"twitter:data1\" content=\"1 minuto\" \/>\n<script type=\"application\/ld+json\" class=\"yoast-schema-graph\">{\"@context\":\"https:\/\/schema.org\",\"@graph\":[{\"@type\":\"WebPage\",\"@id\":\"https:\/\/seeing-auschwitz.com\/es\/seeing-auschwitz-contacto\/\",\"url\":\"https:\/\/seeing-auschwitz.com\/es\/seeing-auschwitz-contacto\/\",\"name\":\"Contacto - Seeing Auschwitz\",\"isPartOf\":{\"@id\":\"https:\/\/seeing-auschwitz.com\/#website\"},\"primaryImageOfPage\":{\"@id\":\"https:\/\/seeing-auschwitz.com\/es\/seeing-auschwitz-contacto\/#primaryimage\"},\"image\":{\"@id\":\"https:\/\/seeing-auschwitz.com\/es\/seeing-auschwitz-contacto\/#primaryimage\"},\"thumbnailUrl\":\"https:\/\/seeing-auschwitz.com\/wp-content\/uploads\/2022\/09\/Captura-de-pantalla-2022-09-08-a-las-11.03.55-650x650.jpg\",\"datePublished\":\"2021-07-06T13:30:41+00:00\",\"dateModified\":\"2026-01-22T08:52:53+00:00\",\"description\":\"Puedes rellenar el formulario o, si lo prefieres, dir\u00edgete por correo electr\u00f3nico al departamento relacionado con tu consulta.\",\"breadcrumb\":{\"@id\":\"https:\/\/seeing-auschwitz.com\/es\/seeing-auschwitz-contacto\/#breadcrumb\"},\"inLanguage\":\"es\",\"potentialAction\":[{\"@type\":\"ReadAction\",\"target\":[\"https:\/\/seeing-auschwitz.com\/es\/seeing-auschwitz-contacto\/\"]}]},{\"@type\":\"ImageObject\",\"inLanguage\":\"es\",\"@id\":\"https:\/\/seeing-auschwitz.com\/es\/seeing-auschwitz-contacto\/#primaryimage\",\"url\":\"https:\/\/seeing-auschwitz.com\/wp-content\/uploads\/2022\/09\/Captura-de-pantalla-2022-09-08-a-las-11.03.55-650x650.jpg\",\"contentUrl\":\"https:\/\/seeing-auschwitz.com\/wp-content\/uploads\/2022\/09\/Captura-de-pantalla-2022-09-08-a-las-11.03.55-650x650.jpg\"},{\"@type\":\"BreadcrumbList\",\"@id\":\"https:\/\/seeing-auschwitz.com\/es\/seeing-auschwitz-contacto\/#breadcrumb\",\"itemListElement\":[{\"@type\":\"ListItem\",\"position\":1,\"name\":\"Portada\",\"item\":\"https:\/\/seeing-auschwitz.com\/es\/\"},{\"@type\":\"ListItem\",\"position\":2,\"name\":\"Contacto\"}]},{\"@type\":\"WebSite\",\"@id\":\"https:\/\/seeing-auschwitz.com\/#website\",\"url\":\"https:\/\/seeing-auschwitz.com\/\",\"name\":\"Seeing Auschwitz\",\"description\":\"The Exhibition in London\",\"potentialAction\":[{\"@type\":\"SearchAction\",\"target\":{\"@type\":\"EntryPoint\",\"urlTemplate\":\"https:\/\/seeing-auschwitz.com\/?s={search_term_string}\"},\"query-input\":{\"@type\":\"PropertyValueSpecification\",\"valueRequired\":true,\"valueName\":\"search_term_string\"}}],\"inLanguage\":\"es\"}]}<\/script>\n<!-- \/ Yoast SEO plugin. -->","yoast_head_json":{"title":"Contacto - Seeing Auschwitz","description":"Puedes rellenar el formulario o, si lo prefieres, dir\u00edgete por correo electr\u00f3nico al departamento relacionado con tu consulta.","robots":{"index":"index","follow":"follow","max-snippet":"max-snippet:-1","max-image-preview":"max-image-preview:large","max-video-preview":"max-video-preview:-1"},"canonical":"https:\/\/seeing-auschwitz.com\/es\/seeing-auschwitz-contacto\/","og_locale":"es_ES","og_type":"article","og_title":"Contacto - Seeing Auschwitz","og_description":"Puedes rellenar el formulario o, si lo prefieres, dir\u00edgete por correo electr\u00f3nico al departamento relacionado con tu consulta.","og_url":"https:\/\/seeing-auschwitz.com\/es\/seeing-auschwitz-contacto\/","og_site_name":"Seeing Auschwitz","article_modified_time":"2026-01-22T08:52:53+00:00","og_image":[{"width":1218,"height":1784,"url":"https:\/\/seeing-auschwitz.com\/wp-content\/uploads\/2022\/09\/Captura-de-pantalla-2022-09-08-a-las-11.03.55.jpg","type":"image\/jpeg"}],"twitter_card":"summary_large_image","twitter_misc":{"Tiempo de lectura":"1 minuto"},"schema":{"@context":"https:\/\/schema.org","@graph":[{"@type":"WebPage","@id":"https:\/\/seeing-auschwitz.com\/es\/seeing-auschwitz-contacto\/","url":"https:\/\/seeing-auschwitz.com\/es\/seeing-auschwitz-contacto\/","name":"Contacto - Seeing Auschwitz","isPartOf":{"@id":"https:\/\/seeing-auschwitz.com\/#website"},"primaryImageOfPage":{"@id":"https:\/\/seeing-auschwitz.com\/es\/seeing-auschwitz-contacto\/#primaryimage"},"image":{"@id":"https:\/\/seeing-auschwitz.com\/es\/seeing-auschwitz-contacto\/#primaryimage"},"thumbnailUrl":"https:\/\/seeing-auschwitz.com\/wp-content\/uploads\/2022\/09\/Captura-de-pantalla-2022-09-08-a-las-11.03.55-650x650.jpg","datePublished":"2021-07-06T13:30:41+00:00","dateModified":"2026-01-22T08:52:53+00:00","description":"Puedes rellenar el formulario o, si lo prefieres, dir\u00edgete por correo electr\u00f3nico al departamento relacionado con tu consulta.","breadcrumb":{"@id":"https:\/\/seeing-auschwitz.com\/es\/seeing-auschwitz-contacto\/#breadcrumb"},"inLanguage":"es","potentialAction":[{"@type":"ReadAction","target":["https:\/\/seeing-auschwitz.com\/es\/seeing-auschwitz-contacto\/"]}]},{"@type":"ImageObject","inLanguage":"es","@id":"https:\/\/seeing-auschwitz.com\/es\/seeing-auschwitz-contacto\/#primaryimage","url":"https:\/\/seeing-auschwitz.com\/wp-content\/uploads\/2022\/09\/Captura-de-pantalla-2022-09-08-a-las-11.03.55-650x650.jpg","contentUrl":"https:\/\/seeing-auschwitz.com\/wp-content\/uploads\/2022\/09\/Captura-de-pantalla-2022-09-08-a-las-11.03.55-650x650.jpg"},{"@type":"BreadcrumbList","@id":"https:\/\/seeing-auschwitz.com\/es\/seeing-auschwitz-contacto\/#breadcrumb","itemListElement":[{"@type":"ListItem","position":1,"name":"Portada","item":"https:\/\/seeing-auschwitz.com\/es\/"},{"@type":"ListItem","position":2,"name":"Contacto"}]},{"@type":"WebSite","@id":"https:\/\/seeing-auschwitz.com\/#website","url":"https:\/\/seeing-auschwitz.com\/","name":"Seeing Auschwitz","description":"The Exhibition in London","potentialAction":[{"@type":"SearchAction","target":{"@type":"EntryPoint","urlTemplate":"https:\/\/seeing-auschwitz.com\/?s={search_term_string}"},"query-input":{"@type":"PropertyValueSpecification","valueRequired":true,"valueName":"search_term_string"}}],"inLanguage":"es"}]}},"_links":{"self":[{"href":"https:\/\/seeing-auschwitz.com\/es\/wp-json\/wp\/v2\/pages\/13838","targetHints":{"allow":["GET"]}}],"collection":[{"href":"https:\/\/seeing-auschwitz.com\/es\/wp-json\/wp\/v2\/pages"}],"about":[{"href":"https:\/\/seeing-auschwitz.com\/es\/wp-json\/wp\/v2\/types\/page"}],"author":[{"embeddable":true,"href":"https:\/\/seeing-auschwitz.com\/es\/wp-json\/wp\/v2\/users\/1"}],"replies":[{"embeddable":true,"href":"https:\/\/seeing-auschwitz.com\/es\/wp-json\/wp\/v2\/comments?post=13838"}],"version-history":[{"count":87,"href":"https:\/\/seeing-auschwitz.com\/es\/wp-json\/wp\/v2\/pages\/13838\/revisions"}],"predecessor-version":[{"id":17102,"href":"https:\/\/seeing-auschwitz.com\/es\/wp-json\/wp\/v2\/pages\/13838\/revisions\/17102"}],"wp:attachment":[{"href":"https:\/\/seeing-auschwitz.com\/es\/wp-json\/wp\/v2\/media?parent=13838"}],"curies":[{"name":"wp","href":"https:\/\/api.w.org\/{rel}","templated":true}]}}