{"id":12396,"date":"2021-02-01T10:45:33","date_gmt":"2021-02-01T10:45:33","guid":{"rendered":"https:\/\/seeing-auschwitz.com\/?page_id=12396"},"modified":"2022-09-13T09:38:09","modified_gmt":"2022-09-13T09:38:09","slug":"equipo-historico","status":"publish","type":"page","link":"https:\/\/seeing-auschwitz.com\/es\/equipo-historico\/","title":{"rendered":"Seeing Auschwitz: Equipo hist\u00f3rico"},"content":{"rendered":"\t\t<div data-elementor-type=\"wp-page\" data-elementor-id=\"12396\" class=\"elementor elementor-12396\">\n\t\t\t\t\t\t<section class=\"elementor-section elementor-top-section elementor-element elementor-element-eb81f18 elementor-section-boxed elementor-section-height-default elementor-section-height-default qodef-elementor-content-no\" data-id=\"eb81f18\" data-element_type=\"section\">\n\t\t\t\t\t\t<div class=\"elementor-container elementor-column-gap-default\">\n\t\t\t\t\t<div class=\"elementor-column elementor-col-50 elementor-top-column elementor-element elementor-element-8cb7b1c\" data-id=\"8cb7b1c\" data-element_type=\"column\">\n\t\t\t<div class=\"elementor-widget-wrap elementor-element-populated\">\n\t\t\t\t\t\t<div class=\"elementor-element elementor-element-2573862 elementor-widget elementor-widget-text-editor\" data-id=\"2573862\" data-element_type=\"widget\" data-widget_type=\"text-editor.default\">\n\t\t\t\t<div class=\"elementor-widget-container\">\n\t\t\t\t\t\t\t\t\t<h5>Equipo hist\u00f3rico<\/h5>\t\t\t\t\t\t\t\t<\/div>\n\t\t\t\t<\/div>\n\t\t\t\t<div class=\"elementor-element elementor-element-eb3876e elementor-widget elementor-widget-text-editor\" data-id=\"eb3876e\" data-element_type=\"widget\" data-widget_type=\"text-editor.default\">\n\t\t\t\t<div class=\"elementor-widget-container\">\n\t\t\t\t\t\t\t\t\t<h3>La exposici\u00f3n Seeing Auschwitz es una creaci\u00f3n original de Musealia, en colaboraci\u00f3n con el Museo Estatal de Auschwitz Birkenau, y la participaci\u00f3n de las Naciones Unidas y la ONU.<\/h3>\t\t\t\t\t\t\t\t<\/div>\n\t\t\t\t<\/div>\n\t\t\t\t<div class=\"elementor-element elementor-element-b9ec3ee elementor-widget elementor-widget-text-editor\" data-id=\"b9ec3ee\" data-element_type=\"widget\" data-widget_type=\"text-editor.default\">\n\t\t\t\t<div class=\"elementor-widget-container\">\n\t\t\t\t\t\t\t\t\t<p>Para su elaboraci\u00f3n se ha contado con un panel de comisarios formado por reconocidos expertos en la historia del campo y la educaci\u00f3n del Holocausto: Paul Salmons (comisario principal), Robert Jan van Pelt y Miriam Greenbaum.<\/p>\t\t\t\t\t\t\t\t<\/div>\n\t\t\t\t<\/div>\n\t\t\t\t\t<\/div>\n\t\t<\/div>\n\t\t\t\t<div class=\"elementor-column elementor-col-50 elementor-top-column elementor-element elementor-element-bd61b7b\" data-id=\"bd61b7b\" data-element_type=\"column\">\n\t\t\t<div class=\"elementor-widget-wrap\">\n\t\t\t\t\t\t\t<\/div>\n\t\t<\/div>\n\t\t\t\t\t<\/div>\n\t\t<\/section>\n\t\t\t\t<section class=\"elementor-section elementor-top-section elementor-element elementor-element-1cc982f elementor-section-full_width elementor-section-height-default elementor-section-height-default qodef-elementor-content-no\" data-id=\"1cc982f\" data-element_type=\"section\">\n\t\t\t\t\t\t<div class=\"elementor-container elementor-column-gap-default\">\n\t\t\t\t\t<div class=\"elementor-column elementor-col-100 elementor-top-column elementor-element elementor-element-3c97a9b\" data-id=\"3c97a9b\" data-element_type=\"column\">\n\t\t\t<div class=\"elementor-widget-wrap elementor-element-populated\">\n\t\t\t\t\t\t<div class=\"elementor-element elementor-element-08ee7e5 elementor-widget-divider--view-line elementor-widget elementor-widget-divider\" data-id=\"08ee7e5\" data-element_type=\"widget\" data-widget_type=\"divider.default\">\n\t\t\t\t<div class=\"elementor-widget-container\">\n\t\t\t\t\t\t\t<div class=\"elementor-divider\">\n\t\t\t<span class=\"elementor-divider-separator\">\n\t\t\t\t\t\t<\/span>\n\t\t<\/div>\n\t\t\t\t\t\t<\/div>\n\t\t\t\t<\/div>\n\t\t\t\t\t<\/div>\n\t\t<\/div>\n\t\t\t\t\t<\/div>\n\t\t<\/section>\n\t\t\t\t<section class=\"elementor-section elementor-top-section elementor-element elementor-element-92d6d78 elementor-section-boxed elementor-section-height-default elementor-section-height-default qodef-elementor-content-no\" data-id=\"92d6d78\" data-element_type=\"section\">\n\t\t\t\t\t\t<div class=\"elementor-container elementor-column-gap-wide\">\n\t\t\t\t\t<div class=\"elementor-column elementor-col-50 elementor-top-column elementor-element elementor-element-11464c7\" data-id=\"11464c7\" data-element_type=\"column\">\n\t\t\t<div class=\"elementor-widget-wrap elementor-element-populated\">\n\t\t\t\t\t\t<div class=\"elementor-element elementor-element-fba1c72 elementor-widget elementor-widget-image\" data-id=\"fba1c72\" data-element_type=\"widget\" data-widget_type=\"image.default\">\n\t\t\t\t<div class=\"elementor-widget-container\">\n\t\t\t\t\t\t\t\t\t\t\t\t\t\t\t<img fetchpriority=\"high\" decoding=\"async\" width=\"800\" height=\"800\" src=\"https:\/\/seeing-auschwitz.com\/wp-content\/uploads\/2021\/03\/Paul_Salmons02.jpg\" class=\"attachment-full size-full wp-image-13530\" alt=\"\" srcset=\"https:\/\/seeing-auschwitz.com\/wp-content\/uploads\/2021\/03\/Paul_Salmons02.jpg 800w, https:\/\/seeing-auschwitz.com\/wp-content\/uploads\/2021\/03\/Paul_Salmons02-300x300.jpg 300w, https:\/\/seeing-auschwitz.com\/wp-content\/uploads\/2021\/03\/Paul_Salmons02-150x150.jpg 150w, https:\/\/seeing-auschwitz.com\/wp-content\/uploads\/2021\/03\/Paul_Salmons02-768x768.jpg 768w, https:\/\/seeing-auschwitz.com\/wp-content\/uploads\/2021\/03\/Paul_Salmons02-650x650.jpg 650w\" sizes=\"(max-width: 800px) 100vw, 800px\" \/>\t\t\t\t\t\t\t\t\t\t\t\t\t\t\t<\/div>\n\t\t\t\t<\/div>\n\t\t\t\t<div class=\"elementor-element elementor-element-23b8e4d elementor-widget elementor-widget-text-editor\" data-id=\"23b8e4d\" data-element_type=\"widget\" data-widget_type=\"text-editor.default\">\n\t\t\t\t<div class=\"elementor-widget-container\">\n\t\t\t\t\t\t\t\t\t<h4 class=\"p1\"><a href=\"https:\/\/paulsalmons.associates\/\" target=\"_blank\" rel=\"noopener\">Paul Salmons<\/a>, Comisario Principal<\/h4>\t\t\t\t\t\t\t\t<\/div>\n\t\t\t\t<\/div>\n\t\t\t\t\t<\/div>\n\t\t<\/div>\n\t\t\t\t<div class=\"elementor-column elementor-col-50 elementor-top-column elementor-element elementor-element-7739dbe\" data-id=\"7739dbe\" data-element_type=\"column\">\n\t\t\t<div class=\"elementor-widget-wrap elementor-element-populated\">\n\t\t\t\t\t\t<div class=\"elementor-element elementor-element-c3ff393 elementor-widget elementor-widget-text-editor\" data-id=\"c3ff393\" data-element_type=\"widget\" data-widget_type=\"text-editor.default\">\n\t\t\t\t<div class=\"elementor-widget-container\">\n\t\t\t\t\t\t\t\t\t<h2>Paul Salmons es uno de los mayores expertos en educaci\u00f3n del Holocausto del mundo.<\/h2>\t\t\t\t\t\t\t\t<\/div>\n\t\t\t\t<\/div>\n\t\t\t\t<div class=\"elementor-element elementor-element-87830fc elementor-widget elementor-widget-text-editor\" data-id=\"87830fc\" data-element_type=\"widget\" data-widget_type=\"text-editor.default\">\n\t\t\t\t<div class=\"elementor-widget-container\">\n\t\t\t\t\t\t\t\t\t<p>En su trayectoria profesional como curador y educador independiente especializado en historias dif\u00edciles destaca la autor\u00eda del <a href=\"https:\/\/paulsalmons.associates\/projects\/un-remembrance\" target=\"_blank\" rel=\"noopener\">aplaudido manual educativo desarrollado<\/a> en el marco del programa de la ONU para el D\u00eda Internacional de Conmemoraci\u00f3n en Memoria de las V\u00edctimas del Holocausto.<\/p><p>Asimismo, Salmons ayud\u00f3 a crear la exposici\u00f3n del Holocausto en el\u00a0<a href=\"https:\/\/www.iwm.org.uk\" target=\"_blank\" rel=\"noopener\">Imperial War Museum<\/a>\u00a0en Londres; cofund\u00f3 el <a href=\"https:\/\/www.holocausteducation.org.uk\" target=\"_blank\" rel=\"noopener\">Centre for Holocaust Education de la University College London<\/a> y form\u00f3 parte de la <a href=\"https:\/\/www.holocaustremembrance.com\" target=\"_blank\" rel=\"noopener\">International Holocaust Remembrance Alliance<\/a>, un organismo intergubernamental con la participaci\u00f3n de m\u00e1s de 30 estados.<\/p><p>Actualmente desarrolla nuevas exposiciones,\u00a0pedag\u00f3gicas y recursos educativos\u00a0para organismos en el Reino Unido, Europa y Am\u00e9rica del Norte y pertenece al equipo de comisarios de la exposici\u00f3n <a href=\"http:\/\/www.auschwitz.net\" target=\"_blank\" rel=\"noopener\">\u201cAuschwitz. No hace mucho. No muy lejos\u201d<\/a>, creada tambi\u00e9n por <a href=\"http:\/\/www.musealia.net\" target=\"_blank\" rel=\"noopener\">Musealia<\/a> y galardonada en los premios al Patrimonio Europeo Europa Nostra 2020 con el Grand Prix en la categor\u00eda de \u201cEducaci\u00f3n. Formaci\u00f3n y Sensibilizaci\u00f3n\u00bb.<\/p>\t\t\t\t\t\t\t\t<\/div>\n\t\t\t\t<\/div>\n\t\t\t\t\t<\/div>\n\t\t<\/div>\n\t\t\t\t\t<\/div>\n\t\t<\/section>\n\t\t\t\t<\/div>\n\t\t","protected":false},"excerpt":{"rendered":"<p>Equipo hist\u00f3rico La exposici\u00f3n Seeing Auschwitz es una creaci\u00f3n original de Musealia, en colaboraci\u00f3n con el Museo Estatal de Auschwitz Birkenau, y la participaci\u00f3n de las Naciones Unidas y la ONU. Para su elaboraci\u00f3n se ha contado con un panel de comisarios formado por reconocidos expertos en la historia del campo y la educaci\u00f3n del [&hellip;]<\/p>\n","protected":false},"author":1,"featured_media":0,"parent":0,"menu_order":0,"comment_status":"closed","ping_status":"closed","template":"","meta":{"footnotes":""},"class_list":["post-12396","page","type-page","status-publish","hentry"],"yoast_head":"<!-- This site is optimized with the Yoast SEO plugin v26.8 - https:\/\/yoast.com\/product\/yoast-seo-wordpress\/ -->\n<title>Seeing Auschwitz: Equipo hist\u00f3rico - Seeing Auschwitz<\/title>\n<meta name=\"description\" content=\"La exposici\u00f3n cuenta con un panel de comisarios formado por reconocidos expertos en la historia del campo y la educaci\u00f3n del Holocausto.\" \/>\n<meta name=\"robots\" content=\"index, follow, max-snippet:-1, max-image-preview:large, max-video-preview:-1\" \/>\n<link rel=\"canonical\" href=\"https:\/\/seeing-auschwitz.com\/historians-team\/\" \/>\n<meta property=\"og:locale\" content=\"es_ES\" \/>\n<meta property=\"og:type\" content=\"article\" \/>\n<meta property=\"og:title\" content=\"Seeing Auschwitz: Equipo hist\u00f3rico - Seeing Auschwitz\" \/>\n<meta property=\"og:description\" content=\"La exposici\u00f3n cuenta con un panel de comisarios formado por reconocidos expertos en la historia del campo y la educaci\u00f3n del Holocausto.\" \/>\n<meta property=\"og:url\" content=\"https:\/\/seeing-auschwitz.com\/historians-team\/\" \/>\n<meta property=\"og:site_name\" content=\"Seeing Auschwitz\" \/>\n<meta property=\"article:modified_time\" content=\"2022-09-13T09:38:09+00:00\" \/>\n<meta property=\"og:image\" content=\"https:\/\/seeing-auschwitz.com\/wp-content\/uploads\/2021\/03\/Paul_Salmons02.jpg\" \/>\n<meta name=\"twitter:card\" content=\"summary_large_image\" \/>\n<meta name=\"twitter:label1\" content=\"Tiempo de lectura\" \/>\n\t<meta name=\"twitter:data1\" content=\"2 minutos\" \/>\n<script type=\"application\/ld+json\" class=\"yoast-schema-graph\">{\"@context\":\"https:\/\/schema.org\",\"@graph\":[{\"@type\":\"WebPage\",\"@id\":\"https:\/\/seeing-auschwitz.com\/historians-team\/\",\"url\":\"https:\/\/seeing-auschwitz.com\/historians-team\/\",\"name\":\"Seeing Auschwitz: Equipo hist\u00f3rico - Seeing Auschwitz\",\"isPartOf\":{\"@id\":\"https:\/\/seeing-auschwitz.com\/#website\"},\"primaryImageOfPage\":{\"@id\":\"https:\/\/seeing-auschwitz.com\/historians-team\/#primaryimage\"},\"image\":{\"@id\":\"https:\/\/seeing-auschwitz.com\/historians-team\/#primaryimage\"},\"thumbnailUrl\":\"https:\/\/seeing-auschwitz.com\/wp-content\/uploads\/2021\/03\/Paul_Salmons02.jpg\",\"datePublished\":\"2021-02-01T10:45:33+00:00\",\"dateModified\":\"2022-09-13T09:38:09+00:00\",\"description\":\"La exposici\u00f3n cuenta con un panel de comisarios formado por reconocidos expertos en la historia del campo y la educaci\u00f3n del Holocausto.\",\"breadcrumb\":{\"@id\":\"https:\/\/seeing-auschwitz.com\/historians-team\/#breadcrumb\"},\"inLanguage\":\"es\",\"potentialAction\":[{\"@type\":\"ReadAction\",\"target\":[\"https:\/\/seeing-auschwitz.com\/historians-team\/\"]}]},{\"@type\":\"ImageObject\",\"inLanguage\":\"es\",\"@id\":\"https:\/\/seeing-auschwitz.com\/historians-team\/#primaryimage\",\"url\":\"https:\/\/seeing-auschwitz.com\/wp-content\/uploads\/2021\/03\/Paul_Salmons02.jpg\",\"contentUrl\":\"https:\/\/seeing-auschwitz.com\/wp-content\/uploads\/2021\/03\/Paul_Salmons02.jpg\"},{\"@type\":\"BreadcrumbList\",\"@id\":\"https:\/\/seeing-auschwitz.com\/historians-team\/#breadcrumb\",\"itemListElement\":[{\"@type\":\"ListItem\",\"position\":1,\"name\":\"Portada\",\"item\":\"https:\/\/seeing-auschwitz.com\/es\/\"},{\"@type\":\"ListItem\",\"position\":2,\"name\":\"Seeing Auschwitz: Equipo hist\u00f3rico\"}]},{\"@type\":\"WebSite\",\"@id\":\"https:\/\/seeing-auschwitz.com\/#website\",\"url\":\"https:\/\/seeing-auschwitz.com\/\",\"name\":\"Seeing Auschwitz\",\"description\":\"The Exhibition in London\",\"potentialAction\":[{\"@type\":\"SearchAction\",\"target\":{\"@type\":\"EntryPoint\",\"urlTemplate\":\"https:\/\/seeing-auschwitz.com\/?s={search_term_string}\"},\"query-input\":{\"@type\":\"PropertyValueSpecification\",\"valueRequired\":true,\"valueName\":\"search_term_string\"}}],\"inLanguage\":\"es\"}]}<\/script>\n<!-- \/ Yoast SEO plugin. -->","yoast_head_json":{"title":"Seeing Auschwitz: Equipo hist\u00f3rico - Seeing Auschwitz","description":"La exposici\u00f3n cuenta con un panel de comisarios formado por reconocidos expertos en la historia del campo y la educaci\u00f3n del Holocausto.","robots":{"index":"index","follow":"follow","max-snippet":"max-snippet:-1","max-image-preview":"max-image-preview:large","max-video-preview":"max-video-preview:-1"},"canonical":"https:\/\/seeing-auschwitz.com\/historians-team\/","og_locale":"es_ES","og_type":"article","og_title":"Seeing Auschwitz: Equipo hist\u00f3rico - Seeing Auschwitz","og_description":"La exposici\u00f3n cuenta con un panel de comisarios formado por reconocidos expertos en la historia del campo y la educaci\u00f3n del Holocausto.","og_url":"https:\/\/seeing-auschwitz.com\/historians-team\/","og_site_name":"Seeing Auschwitz","article_modified_time":"2022-09-13T09:38:09+00:00","og_image":[{"url":"https:\/\/seeing-auschwitz.com\/wp-content\/uploads\/2021\/03\/Paul_Salmons02.jpg","type":"","width":"","height":""}],"twitter_card":"summary_large_image","twitter_misc":{"Tiempo de lectura":"2 minutos"},"schema":{"@context":"https:\/\/schema.org","@graph":[{"@type":"WebPage","@id":"https:\/\/seeing-auschwitz.com\/historians-team\/","url":"https:\/\/seeing-auschwitz.com\/historians-team\/","name":"Seeing Auschwitz: Equipo hist\u00f3rico - Seeing Auschwitz","isPartOf":{"@id":"https:\/\/seeing-auschwitz.com\/#website"},"primaryImageOfPage":{"@id":"https:\/\/seeing-auschwitz.com\/historians-team\/#primaryimage"},"image":{"@id":"https:\/\/seeing-auschwitz.com\/historians-team\/#primaryimage"},"thumbnailUrl":"https:\/\/seeing-auschwitz.com\/wp-content\/uploads\/2021\/03\/Paul_Salmons02.jpg","datePublished":"2021-02-01T10:45:33+00:00","dateModified":"2022-09-13T09:38:09+00:00","description":"La exposici\u00f3n cuenta con un panel de comisarios formado por reconocidos expertos en la historia del campo y la educaci\u00f3n del Holocausto.","breadcrumb":{"@id":"https:\/\/seeing-auschwitz.com\/historians-team\/#breadcrumb"},"inLanguage":"es","potentialAction":[{"@type":"ReadAction","target":["https:\/\/seeing-auschwitz.com\/historians-team\/"]}]},{"@type":"ImageObject","inLanguage":"es","@id":"https:\/\/seeing-auschwitz.com\/historians-team\/#primaryimage","url":"https:\/\/seeing-auschwitz.com\/wp-content\/uploads\/2021\/03\/Paul_Salmons02.jpg","contentUrl":"https:\/\/seeing-auschwitz.com\/wp-content\/uploads\/2021\/03\/Paul_Salmons02.jpg"},{"@type":"BreadcrumbList","@id":"https:\/\/seeing-auschwitz.com\/historians-team\/#breadcrumb","itemListElement":[{"@type":"ListItem","position":1,"name":"Portada","item":"https:\/\/seeing-auschwitz.com\/es\/"},{"@type":"ListItem","position":2,"name":"Seeing Auschwitz: Equipo hist\u00f3rico"}]},{"@type":"WebSite","@id":"https:\/\/seeing-auschwitz.com\/#website","url":"https:\/\/seeing-auschwitz.com\/","name":"Seeing Auschwitz","description":"The Exhibition in London","potentialAction":[{"@type":"SearchAction","target":{"@type":"EntryPoint","urlTemplate":"https:\/\/seeing-auschwitz.com\/?s={search_term_string}"},"query-input":{"@type":"PropertyValueSpecification","valueRequired":true,"valueName":"search_term_string"}}],"inLanguage":"es"}]}},"_links":{"self":[{"href":"https:\/\/seeing-auschwitz.com\/es\/wp-json\/wp\/v2\/pages\/12396","targetHints":{"allow":["GET"]}}],"collection":[{"href":"https:\/\/seeing-auschwitz.com\/es\/wp-json\/wp\/v2\/pages"}],"about":[{"href":"https:\/\/seeing-auschwitz.com\/es\/wp-json\/wp\/v2\/types\/page"}],"author":[{"embeddable":true,"href":"https:\/\/seeing-auschwitz.com\/es\/wp-json\/wp\/v2\/users\/1"}],"replies":[{"embeddable":true,"href":"https:\/\/seeing-auschwitz.com\/es\/wp-json\/wp\/v2\/comments?post=12396"}],"version-history":[{"count":79,"href":"https:\/\/seeing-auschwitz.com\/es\/wp-json\/wp\/v2\/pages\/12396\/revisions"}],"predecessor-version":[{"id":16645,"href":"https:\/\/seeing-auschwitz.com\/es\/wp-json\/wp\/v2\/pages\/12396\/revisions\/16645"}],"wp:attachment":[{"href":"https:\/\/seeing-auschwitz.com\/es\/wp-json\/wp\/v2\/media?parent=12396"}],"curies":[{"name":"wp","href":"https:\/\/api.w.org\/{rel}","templated":true}]}}