{"id":11775,"date":"2021-01-26T19:09:53","date_gmt":"2021-01-26T19:09:53","guid":{"rendered":"https:\/\/seeing-auschwitz.com\/?page_id=11775"},"modified":"2026-01-22T10:54:22","modified_gmt":"2026-01-22T10:54:22","slug":"preguntas-frecuentes02","status":"publish","type":"page","link":"https:\/\/seeing-auschwitz.com\/es\/preguntas-frecuentes02\/","title":{"rendered":"Seeing Auschwitz: Preguntas frecuentes02"},"content":{"rendered":"\t\t<div data-elementor-type=\"wp-page\" data-elementor-id=\"11775\" class=\"elementor elementor-11775\">\n\t\t\t\t\t\t<section class=\"elementor-section elementor-top-section elementor-element elementor-element-92912c8 elementor-section-boxed elementor-section-height-default elementor-section-height-default qodef-elementor-content-no\" data-id=\"92912c8\" data-element_type=\"section\">\n\t\t\t\t\t\t<div class=\"elementor-container elementor-column-gap-default\">\n\t\t\t\t\t<div class=\"elementor-column elementor-col-50 elementor-top-column elementor-element elementor-element-ab976d0\" data-id=\"ab976d0\" data-element_type=\"column\">\n\t\t\t<div class=\"elementor-widget-wrap elementor-element-populated\">\n\t\t\t\t\t\t<div class=\"elementor-element elementor-element-0fe6eb0 elementor-widget elementor-widget-text-editor\" data-id=\"0fe6eb0\" data-element_type=\"widget\" data-widget_type=\"text-editor.default\">\n\t\t\t\t<div class=\"elementor-widget-container\">\n\t\t\t\t\t\t\t\t\t<h5>Preguntas frecuentes<\/h5>\t\t\t\t\t\t\t\t<\/div>\n\t\t\t\t<\/div>\n\t\t\t\t<div class=\"elementor-element elementor-element-abae83e elementor-widget elementor-widget-text-editor\" data-id=\"abae83e\" data-element_type=\"widget\" data-widget_type=\"text-editor.default\">\n\t\t\t\t<div class=\"elementor-widget-container\">\n\t\t\t\t\t\t\t\t\t<h3 style=\"background-color: #ffffff; letter-spacing: normal;\">A continuaci\u00f3n encontrar\u00e1s las preguntas frecuentes en torno a la exposici\u00f3n.<\/h3>\t\t\t\t\t\t\t\t<\/div>\n\t\t\t\t<\/div>\n\t\t\t\t\t<\/div>\n\t\t<\/div>\n\t\t\t\t<div class=\"elementor-column elementor-col-50 elementor-top-column elementor-element elementor-element-29f6182\" data-id=\"29f6182\" data-element_type=\"column\">\n\t\t\t<div class=\"elementor-widget-wrap\">\n\t\t\t\t\t\t\t<\/div>\n\t\t<\/div>\n\t\t\t\t\t<\/div>\n\t\t<\/section>\n\t\t\t\t<section class=\"elementor-section elementor-top-section elementor-element elementor-element-8f58550 elementor-section-boxed elementor-section-height-default elementor-section-height-default qodef-elementor-content-no\" data-id=\"8f58550\" data-element_type=\"section\">\n\t\t\t\t\t\t<div class=\"elementor-container elementor-column-gap-no\">\n\t\t\t\t\t<div class=\"elementor-column elementor-col-50 elementor-top-column elementor-element elementor-element-613f6fc\" data-id=\"613f6fc\" data-element_type=\"column\">\n\t\t\t<div class=\"elementor-widget-wrap elementor-element-populated\">\n\t\t\t\t\t\t<div class=\"elementor-element elementor-element-a2f49f1 elementor-widget-divider--view-line elementor-widget elementor-widget-divider\" data-id=\"a2f49f1\" data-element_type=\"widget\" data-widget_type=\"divider.default\">\n\t\t\t\t<div class=\"elementor-widget-container\">\n\t\t\t\t\t\t\t<div class=\"elementor-divider\">\n\t\t\t<span class=\"elementor-divider-separator\">\n\t\t\t\t\t\t<\/span>\n\t\t<\/div>\n\t\t\t\t\t\t<\/div>\n\t\t\t\t<\/div>\n\t\t\t\t<div class=\"elementor-element elementor-element-35723ca elementor-widget elementor-widget-text-editor\" data-id=\"35723ca\" data-element_type=\"widget\" data-widget_type=\"text-editor.default\">\n\t\t\t\t<div class=\"elementor-widget-container\">\n\t\t\t\t\t\t\t\t\t<h2>\u00bfEst\u00e1 abierta la exposici\u00f3n?<\/h2>\t\t\t\t\t\t\t\t<\/div>\n\t\t\t\t<\/div>\n\t\t\t\t<div class=\"elementor-element elementor-element-9bc23e3 elementor-widget elementor-widget-text-editor\" data-id=\"9bc23e3\" data-element_type=\"widget\" data-widget_type=\"text-editor.default\">\n\t\t\t\t<div class=\"elementor-widget-container\">\n\t\t\t\t\t\t\t\t\t<p><strong>Opening days:<\/strong> <br \/>Monday to Friday<\/p><p><strong>Opening hours:<\/strong> <br \/>from 10:00 am to 6:00 pm<\/p><p><strong>S\u00e1bados y Domingos cerrado.<\/strong><\/p>\t\t\t\t\t\t\t\t<\/div>\n\t\t\t\t<\/div>\n\t\t\t\t<div class=\"elementor-element elementor-element-5d21849 elementor-widget-divider--view-line elementor-widget elementor-widget-divider\" data-id=\"5d21849\" data-element_type=\"widget\" data-widget_type=\"divider.default\">\n\t\t\t\t<div class=\"elementor-widget-container\">\n\t\t\t\t\t\t\t<div class=\"elementor-divider\">\n\t\t\t<span class=\"elementor-divider-separator\">\n\t\t\t\t\t\t<\/span>\n\t\t<\/div>\n\t\t\t\t\t\t<\/div>\n\t\t\t\t<\/div>\n\t\t\t\t<div class=\"elementor-element elementor-element-dd5d23f elementor-widget elementor-widget-text-editor\" data-id=\"dd5d23f\" data-element_type=\"widget\" data-widget_type=\"text-editor.default\">\n\t\t\t\t<div class=\"elementor-widget-container\">\n\t\t\t\t\t\t\t\t\t<h2>\u00bfDebo reservar entrada para visitar la exposici\u00f3n?<\/h2>\t\t\t\t\t\t\t\t<\/div>\n\t\t\t\t<\/div>\n\t\t\t\t<div class=\"elementor-element elementor-element-fc60f28 elementor-widget elementor-widget-text-editor\" data-id=\"fc60f28\" data-element_type=\"widget\" data-widget_type=\"text-editor.default\">\n\t\t\t\t<div class=\"elementor-widget-container\">\n\t\t\t\t\t\t\t\t\t<p>No, no es necesario: el acceso es libre y gratuito, aunque est\u00e1 sujeto a la disponibilidad de aforo. Si lo deseas, puedes contactar con nosotros antes de tu visita para informarte sobre la ocupaci\u00f3n de la sala o conocer los horarios de menor afluencia en un momento determinado.<\/p>\t\t\t\t\t\t\t\t<\/div>\n\t\t\t\t<\/div>\n\t\t\t\t<div class=\"elementor-element elementor-element-414aa4b elementor-widget-divider--view-line elementor-widget elementor-widget-divider\" data-id=\"414aa4b\" data-element_type=\"widget\" data-widget_type=\"divider.default\">\n\t\t\t\t<div class=\"elementor-widget-container\">\n\t\t\t\t\t\t\t<div class=\"elementor-divider\">\n\t\t\t<span class=\"elementor-divider-separator\">\n\t\t\t\t\t\t<\/span>\n\t\t<\/div>\n\t\t\t\t\t\t<\/div>\n\t\t\t\t<\/div>\n\t\t\t\t<div class=\"elementor-element elementor-element-5b11012 elementor-widget elementor-widget-text-editor\" data-id=\"5b11012\" data-element_type=\"widget\" data-widget_type=\"text-editor.default\">\n\t\t\t\t<div class=\"elementor-widget-container\">\n\t\t\t\t\t\t\t\t\t<h2>\u00bfCu\u00e1l es el tiempo estimado de visita?<\/h2>\t\t\t\t\t\t\t\t<\/div>\n\t\t\t\t<\/div>\n\t\t\t\t<div class=\"elementor-element elementor-element-8a6f9b7 elementor-widget elementor-widget-text-editor\" data-id=\"8a6f9b7\" data-element_type=\"widget\" data-widget_type=\"text-editor.default\">\n\t\t\t\t<div class=\"elementor-widget-container\">\n\t\t\t\t\t\t\t\t\t<p>La duraci\u00f3n recomendada de visita es de entre 45 y 60 minutos; aunque podr\u00e1s permanecer el tiempo que desee en la exposici\u00f3n. No obstante, recuerda que el desalojo de la sala ser\u00e1 a las 20:00 horas.<\/p>\t\t\t\t\t\t\t\t<\/div>\n\t\t\t\t<\/div>\n\t\t\t\t<div class=\"elementor-element elementor-element-2b27bf7 elementor-widget-divider--view-line elementor-widget elementor-widget-divider\" data-id=\"2b27bf7\" data-element_type=\"widget\" data-widget_type=\"divider.default\">\n\t\t\t\t<div class=\"elementor-widget-container\">\n\t\t\t\t\t\t\t<div class=\"elementor-divider\">\n\t\t\t<span class=\"elementor-divider-separator\">\n\t\t\t\t\t\t<\/span>\n\t\t<\/div>\n\t\t\t\t\t\t<\/div>\n\t\t\t\t<\/div>\n\t\t\t\t<div class=\"elementor-element elementor-element-411afc0 elementor-widget elementor-widget-text-editor\" data-id=\"411afc0\" data-element_type=\"widget\" data-widget_type=\"text-editor.default\">\n\t\t\t\t<div class=\"elementor-widget-container\">\n\t\t\t\t\t\t\t\t\t<h2>\u00bfEs el recinto accesible para personas con movilidad reducida?<\/h2>\t\t\t\t\t\t\t\t<\/div>\n\t\t\t\t<\/div>\n\t\t\t\t<div class=\"elementor-element elementor-element-c47e0ef elementor-widget elementor-widget-text-editor\" data-id=\"c47e0ef\" data-element_type=\"widget\" data-widget_type=\"text-editor.default\">\n\t\t\t\t<div class=\"elementor-widget-container\">\n\t\t\t\t\t\t\t\t\t<p>S\u00ed, Centro Sefarad-Israel dispone de accesos habilitados para personas con movilidad reducida por lo que la exposici\u00f3n es totalmente accesible.<\/p>\t\t\t\t\t\t\t\t<\/div>\n\t\t\t\t<\/div>\n\t\t\t\t<div class=\"elementor-element elementor-element-0b6c8de elementor-widget-divider--view-line elementor-widget elementor-widget-divider\" data-id=\"0b6c8de\" data-element_type=\"widget\" data-widget_type=\"divider.default\">\n\t\t\t\t<div class=\"elementor-widget-container\">\n\t\t\t\t\t\t\t<div class=\"elementor-divider\">\n\t\t\t<span class=\"elementor-divider-separator\">\n\t\t\t\t\t\t<\/span>\n\t\t<\/div>\n\t\t\t\t\t\t<\/div>\n\t\t\t\t<\/div>\n\t\t\t\t<div class=\"elementor-element elementor-element-0e39614 elementor-widget elementor-widget-text-editor\" data-id=\"0e39614\" data-element_type=\"widget\" data-widget_type=\"text-editor.default\">\n\t\t\t\t<div class=\"elementor-widget-container\">\n\t\t\t\t\t\t\t\t\t<h2>\u00bfPuedo realizar fotograf\u00edas durante mi visita a Seeing Auschwitz?<\/h2>\t\t\t\t\t\t\t\t<\/div>\n\t\t\t\t<\/div>\n\t\t\t\t<div class=\"elementor-element elementor-element-00f56ed elementor-widget elementor-widget-text-editor\" data-id=\"00f56ed\" data-element_type=\"widget\" data-widget_type=\"text-editor.default\">\n\t\t\t\t<div class=\"elementor-widget-container\">\n\t\t\t\t\t\t\t\t\t<p>S\u00ed, se permite el uso de m\u00f3viles y c\u00e1maras sin flash; aunque no est\u00e1 permitido el uso de tr\u00edpode, palo selfie o dem\u00e1s aparatos que obstaculicen el tr\u00e1nsito y visibilidad del resto de visitantes. Si lo haces, recuerda respetar la memoria de las v\u00edctimas en estas fotograf\u00edas y compartir tu experiencia en las redes sociales, etiquetarnos y usar el hashtag oficial de la exposici\u00f3n ( #SeeingAuschwitz ).<\/p>\t\t\t\t\t\t\t\t<\/div>\n\t\t\t\t<\/div>\n\t\t\t\t\t<\/div>\n\t\t<\/div>\n\t\t\t\t<div class=\"elementor-column elementor-col-50 elementor-top-column elementor-element elementor-element-de48626\" data-id=\"de48626\" data-element_type=\"column\">\n\t\t\t<div class=\"elementor-widget-wrap elementor-element-populated\">\n\t\t\t\t\t\t<div class=\"elementor-element elementor-element-e21661c elementor-widget-divider--view-line elementor-widget elementor-widget-divider\" data-id=\"e21661c\" data-element_type=\"widget\" data-widget_type=\"divider.default\">\n\t\t\t\t<div class=\"elementor-widget-container\">\n\t\t\t\t\t\t\t<div class=\"elementor-divider\">\n\t\t\t<span class=\"elementor-divider-separator\">\n\t\t\t\t\t\t<\/span>\n\t\t<\/div>\n\t\t\t\t\t\t<\/div>\n\t\t\t\t<\/div>\n\t\t\t\t<div class=\"elementor-element elementor-element-0bfba63 elementor-widget elementor-widget-text-editor\" data-id=\"0bfba63\" data-element_type=\"widget\" data-widget_type=\"text-editor.default\">\n\t\t\t\t<div class=\"elementor-widget-container\">\n\t\t\t\t\t\t\t\t\t<h2>\u00bfHasta cu\u00e1ndo estar\u00e1 la exposici\u00f3n en Centro Sefarad-ISRAEL DE MADRID?<\/h2>\t\t\t\t\t\t\t\t<\/div>\n\t\t\t\t<\/div>\n\t\t\t\t<div class=\"elementor-element elementor-element-88dcf4a elementor-widget elementor-widget-text-editor\" data-id=\"88dcf4a\" data-element_type=\"widget\" data-widget_type=\"text-editor.default\">\n\t\t\t\t<div class=\"elementor-widget-container\">\n\t\t\t\t\t\t\t\t\t<p>La exposici\u00f3n podr\u00e1 visitarse en <strong>Centro Sefarad-Israel<\/strong> de Madrid hasta el 15 de julio de 2022.<\/p>\t\t\t\t\t\t\t\t<\/div>\n\t\t\t\t<\/div>\n\t\t\t\t<div class=\"elementor-element elementor-element-4e7e870 elementor-widget-divider--view-line elementor-widget elementor-widget-divider\" data-id=\"4e7e870\" data-element_type=\"widget\" data-widget_type=\"divider.default\">\n\t\t\t\t<div class=\"elementor-widget-container\">\n\t\t\t\t\t\t\t<div class=\"elementor-divider\">\n\t\t\t<span class=\"elementor-divider-separator\">\n\t\t\t\t\t\t<\/span>\n\t\t<\/div>\n\t\t\t\t\t\t<\/div>\n\t\t\t\t<\/div>\n\t\t\t\t<div class=\"elementor-element elementor-element-1dc447e elementor-widget elementor-widget-text-editor\" data-id=\"1dc447e\" data-element_type=\"widget\" data-widget_type=\"text-editor.default\">\n\t\t\t\t<div class=\"elementor-widget-container\">\n\t\t\t\t\t\t\t\t\t<h2>\u00bfC\u00f3mo puedo contactar con el servicio de atenci\u00f3n al visitante?<\/h2>\t\t\t\t\t\t\t\t<\/div>\n\t\t\t\t<\/div>\n\t\t\t\t<div class=\"elementor-element elementor-element-a093d0e elementor-widget elementor-widget-text-editor\" data-id=\"a093d0e\" data-element_type=\"widget\" data-widget_type=\"text-editor.default\">\n\t\t\t\t<div class=\"elementor-widget-container\">\n\t\t\t\t\t\t\t\t\t<p>Por favor env\u00ede sus solicitudes <a href=\"mailto:info@musealia.net\" target=\"_blank\" rel=\"noopener\">aqu\u00ed.<\/a><\/p>\t\t\t\t\t\t\t\t<\/div>\n\t\t\t\t<\/div>\n\t\t\t\t<div class=\"elementor-element elementor-element-9257edd elementor-widget-divider--view-line elementor-widget elementor-widget-divider\" data-id=\"9257edd\" data-element_type=\"widget\" data-widget_type=\"divider.default\">\n\t\t\t\t<div class=\"elementor-widget-container\">\n\t\t\t\t\t\t\t<div class=\"elementor-divider\">\n\t\t\t<span class=\"elementor-divider-separator\">\n\t\t\t\t\t\t<\/span>\n\t\t<\/div>\n\t\t\t\t\t\t<\/div>\n\t\t\t\t<\/div>\n\t\t\t\t<div class=\"elementor-element elementor-element-6085bc7 elementor-widget elementor-widget-text-editor\" data-id=\"6085bc7\" data-element_type=\"widget\" data-widget_type=\"text-editor.default\">\n\t\t\t\t<div class=\"elementor-widget-container\">\n\t\t\t\t\t\t\t\t\t<h2>\u00bfEs la exposici\u00f3n adecuada para ni\u00f1os?<\/h2>\t\t\t\t\t\t\t\t<\/div>\n\t\t\t\t<\/div>\n\t\t\t\t<div class=\"elementor-element elementor-element-55c019e elementor-widget elementor-widget-text-editor\" data-id=\"55c019e\" data-element_type=\"widget\" data-widget_type=\"text-editor.default\">\n\t\t\t\t<div class=\"elementor-widget-container\">\n\t\t\t\t\t\t\t\t\t<p>Los contenidos de la exposici\u00f3n han sido desarrollados por un equipo multidisciplinar de expertos en pedagog\u00eda, con el fin de que cada visitante pueda sacar el m\u00e1ximo provecho de su visita a la exposici\u00f3n y entender los hechos presentados en la misma con independencia de su conocimiento hist\u00f3rico previo. De hecho, muchos de nuestros visitantes son estudiantes de educaci\u00f3n secundaria que estudian la Segunda Guerra Mundial como parte de su curr\u00edculo escolar en la asignatura de historia.<\/p><p>Del mismo modo, la exposici\u00f3n se ha desarrollado con un profundo respeto hacia las v\u00edctimas, as\u00ed como hacia nuestros visitantes, por lo que no se incluye ninguna representaci\u00f3n de violencia expl\u00edcita gratuita. Asimismo, se ha hecho un gran esfuerzo en considerar el impacto emocional que esta historia pueda tener en nuestros visitantes, de forma que estos puedan explorar la historia con seguridad, tratar de entenderla mejor, y darle sentido por ellos mismos.<\/p>\t\t\t\t\t\t\t\t<\/div>\n\t\t\t\t<\/div>\n\t\t\t\t\t<\/div>\n\t\t<\/div>\n\t\t\t\t\t<\/div>\n\t\t<\/section>\n\t\t\t\t<\/div>\n\t\t","protected":false},"excerpt":{"rendered":"<p>Preguntas frecuentes A continuaci\u00f3n encontrar\u00e1s las preguntas frecuentes en torno a la exposici\u00f3n. \u00bfEst\u00e1 abierta la exposici\u00f3n? Opening days: Monday to Friday Opening hours: from 10:00 am to 6:00 pm S\u00e1bados y Domingos cerrado. \u00bfDebo reservar entrada para visitar la exposici\u00f3n? No, no es necesario: el acceso es libre y gratuito, aunque est\u00e1 sujeto a [&hellip;]<\/p>\n","protected":false},"author":1,"featured_media":0,"parent":0,"menu_order":0,"comment_status":"closed","ping_status":"closed","template":"page-full-width.php","meta":{"footnotes":""},"class_list":["post-11775","page","type-page","status-publish","hentry"],"yoast_head":"<!-- This site is optimized with the Yoast SEO plugin v26.8 - https:\/\/yoast.com\/product\/yoast-seo-wordpress\/ -->\n<title>Seeing Auschwitz: Preguntas frecuentes02 - Seeing Auschwitz<\/title>\n<meta name=\"robots\" content=\"index, follow, max-snippet:-1, max-image-preview:large, max-video-preview:-1\" \/>\n<link rel=\"canonical\" href=\"https:\/\/seeing-auschwitz.com\/es\/preguntas-frecuentes02\/\" \/>\n<meta property=\"og:locale\" content=\"es_ES\" \/>\n<meta property=\"og:type\" content=\"article\" \/>\n<meta property=\"og:title\" content=\"Seeing Auschwitz: Preguntas frecuentes02 - Seeing Auschwitz\" \/>\n<meta property=\"og:description\" content=\"Preguntas frecuentes A continuaci\u00f3n encontrar\u00e1s las preguntas frecuentes en torno a la exposici\u00f3n. \u00bfEst\u00e1 abierta la exposici\u00f3n? Opening days: Monday to Friday Opening hours: from 10:00 am to 6:00 pm S\u00e1bados y Domingos cerrado. \u00bfDebo reservar entrada para visitar la exposici\u00f3n? No, no es necesario: el acceso es libre y gratuito, aunque est\u00e1 sujeto a [&hellip;]\" \/>\n<meta property=\"og:url\" content=\"https:\/\/seeing-auschwitz.com\/es\/preguntas-frecuentes02\/\" \/>\n<meta property=\"og:site_name\" content=\"Seeing Auschwitz\" \/>\n<meta property=\"article:modified_time\" content=\"2026-01-22T10:54:22+00:00\" \/>\n<meta name=\"twitter:card\" content=\"summary_large_image\" \/>\n<meta name=\"twitter:label1\" content=\"Tiempo de lectura\" \/>\n\t<meta name=\"twitter:data1\" content=\"2 minutos\" \/>\n<script type=\"application\/ld+json\" class=\"yoast-schema-graph\">{\"@context\":\"https:\/\/schema.org\",\"@graph\":[{\"@type\":\"WebPage\",\"@id\":\"https:\/\/seeing-auschwitz.com\/es\/preguntas-frecuentes02\/\",\"url\":\"https:\/\/seeing-auschwitz.com\/es\/preguntas-frecuentes02\/\",\"name\":\"Seeing Auschwitz: Preguntas frecuentes02 - Seeing Auschwitz\",\"isPartOf\":{\"@id\":\"https:\/\/seeing-auschwitz.com\/#website\"},\"datePublished\":\"2021-01-26T19:09:53+00:00\",\"dateModified\":\"2026-01-22T10:54:22+00:00\",\"breadcrumb\":{\"@id\":\"https:\/\/seeing-auschwitz.com\/es\/preguntas-frecuentes02\/#breadcrumb\"},\"inLanguage\":\"es\",\"potentialAction\":[{\"@type\":\"ReadAction\",\"target\":[\"https:\/\/seeing-auschwitz.com\/es\/preguntas-frecuentes02\/\"]}]},{\"@type\":\"BreadcrumbList\",\"@id\":\"https:\/\/seeing-auschwitz.com\/es\/preguntas-frecuentes02\/#breadcrumb\",\"itemListElement\":[{\"@type\":\"ListItem\",\"position\":1,\"name\":\"Portada\",\"item\":\"https:\/\/seeing-auschwitz.com\/es\/\"},{\"@type\":\"ListItem\",\"position\":2,\"name\":\"Seeing Auschwitz: Preguntas frecuentes02\"}]},{\"@type\":\"WebSite\",\"@id\":\"https:\/\/seeing-auschwitz.com\/#website\",\"url\":\"https:\/\/seeing-auschwitz.com\/\",\"name\":\"Seeing Auschwitz\",\"description\":\"The Exhibition in London\",\"potentialAction\":[{\"@type\":\"SearchAction\",\"target\":{\"@type\":\"EntryPoint\",\"urlTemplate\":\"https:\/\/seeing-auschwitz.com\/?s={search_term_string}\"},\"query-input\":{\"@type\":\"PropertyValueSpecification\",\"valueRequired\":true,\"valueName\":\"search_term_string\"}}],\"inLanguage\":\"es\"}]}<\/script>\n<!-- \/ Yoast SEO plugin. -->","yoast_head_json":{"title":"Seeing Auschwitz: Preguntas frecuentes02 - Seeing Auschwitz","robots":{"index":"index","follow":"follow","max-snippet":"max-snippet:-1","max-image-preview":"max-image-preview:large","max-video-preview":"max-video-preview:-1"},"canonical":"https:\/\/seeing-auschwitz.com\/es\/preguntas-frecuentes02\/","og_locale":"es_ES","og_type":"article","og_title":"Seeing Auschwitz: Preguntas frecuentes02 - Seeing Auschwitz","og_description":"Preguntas frecuentes A continuaci\u00f3n encontrar\u00e1s las preguntas frecuentes en torno a la exposici\u00f3n. \u00bfEst\u00e1 abierta la exposici\u00f3n? Opening days: Monday to Friday Opening hours: from 10:00 am to 6:00 pm S\u00e1bados y Domingos cerrado. \u00bfDebo reservar entrada para visitar la exposici\u00f3n? No, no es necesario: el acceso es libre y gratuito, aunque est\u00e1 sujeto a [&hellip;]","og_url":"https:\/\/seeing-auschwitz.com\/es\/preguntas-frecuentes02\/","og_site_name":"Seeing Auschwitz","article_modified_time":"2026-01-22T10:54:22+00:00","twitter_card":"summary_large_image","twitter_misc":{"Tiempo de lectura":"2 minutos"},"schema":{"@context":"https:\/\/schema.org","@graph":[{"@type":"WebPage","@id":"https:\/\/seeing-auschwitz.com\/es\/preguntas-frecuentes02\/","url":"https:\/\/seeing-auschwitz.com\/es\/preguntas-frecuentes02\/","name":"Seeing Auschwitz: Preguntas frecuentes02 - Seeing Auschwitz","isPartOf":{"@id":"https:\/\/seeing-auschwitz.com\/#website"},"datePublished":"2021-01-26T19:09:53+00:00","dateModified":"2026-01-22T10:54:22+00:00","breadcrumb":{"@id":"https:\/\/seeing-auschwitz.com\/es\/preguntas-frecuentes02\/#breadcrumb"},"inLanguage":"es","potentialAction":[{"@type":"ReadAction","target":["https:\/\/seeing-auschwitz.com\/es\/preguntas-frecuentes02\/"]}]},{"@type":"BreadcrumbList","@id":"https:\/\/seeing-auschwitz.com\/es\/preguntas-frecuentes02\/#breadcrumb","itemListElement":[{"@type":"ListItem","position":1,"name":"Portada","item":"https:\/\/seeing-auschwitz.com\/es\/"},{"@type":"ListItem","position":2,"name":"Seeing Auschwitz: Preguntas frecuentes02"}]},{"@type":"WebSite","@id":"https:\/\/seeing-auschwitz.com\/#website","url":"https:\/\/seeing-auschwitz.com\/","name":"Seeing Auschwitz","description":"The Exhibition in London","potentialAction":[{"@type":"SearchAction","target":{"@type":"EntryPoint","urlTemplate":"https:\/\/seeing-auschwitz.com\/?s={search_term_string}"},"query-input":{"@type":"PropertyValueSpecification","valueRequired":true,"valueName":"search_term_string"}}],"inLanguage":"es"}]}},"_links":{"self":[{"href":"https:\/\/seeing-auschwitz.com\/es\/wp-json\/wp\/v2\/pages\/11775","targetHints":{"allow":["GET"]}}],"collection":[{"href":"https:\/\/seeing-auschwitz.com\/es\/wp-json\/wp\/v2\/pages"}],"about":[{"href":"https:\/\/seeing-auschwitz.com\/es\/wp-json\/wp\/v2\/types\/page"}],"author":[{"embeddable":true,"href":"https:\/\/seeing-auschwitz.com\/es\/wp-json\/wp\/v2\/users\/1"}],"replies":[{"embeddable":true,"href":"https:\/\/seeing-auschwitz.com\/es\/wp-json\/wp\/v2\/comments?post=11775"}],"version-history":[{"count":174,"href":"https:\/\/seeing-auschwitz.com\/es\/wp-json\/wp\/v2\/pages\/11775\/revisions"}],"predecessor-version":[{"id":17217,"href":"https:\/\/seeing-auschwitz.com\/es\/wp-json\/wp\/v2\/pages\/11775\/revisions\/17217"}],"wp:attachment":[{"href":"https:\/\/seeing-auschwitz.com\/es\/wp-json\/wp\/v2\/media?parent=11775"}],"curies":[{"name":"wp","href":"https:\/\/api.w.org\/{rel}","templated":true}]}}