{"id":1125,"date":"2020-07-09T13:05:32","date_gmt":"2020-07-09T13:05:32","guid":{"rendered":"https:\/\/borgholm.qodeinteractive.com\/?page_id=1125"},"modified":"2026-01-22T11:14:34","modified_gmt":"2026-01-22T11:14:34","slug":"home","status":"publish","type":"page","link":"https:\/\/seeing-auschwitz.com\/es\/","title":{"rendered":"Seeing Auschwitz: Londres"},"content":{"rendered":"\t\t<div data-elementor-type=\"wp-page\" data-elementor-id=\"1125\" class=\"elementor elementor-1125\">\n\t\t\t\t\t\t<section class=\"elementor-section elementor-top-section elementor-element elementor-element-c5c84b0 elementor-section-full_width elementor-section-height-default elementor-section-height-default qodef-elementor-content-no\" data-id=\"c5c84b0\" data-element_type=\"section\">\n\t\t\t\t\t\t<div class=\"elementor-container elementor-column-gap-default\">\n\t\t\t\t\t<div class=\"elementor-column elementor-col-100 elementor-top-column elementor-element elementor-element-7bfde42\" data-id=\"7bfde42\" data-element_type=\"column\">\n\t\t\t<div class=\"elementor-widget-wrap elementor-element-populated\">\n\t\t\t\t\t\t<div class=\"elementor-element elementor-element-e23ac77 elementor-widget elementor-widget-slider_revolution\" data-id=\"e23ac77\" data-element_type=\"widget\" data-widget_type=\"slider_revolution.default\">\n\t\t\t\t<div class=\"elementor-widget-container\">\n\t\t\t\t\t\n\t\t<div class=\"wp-block-themepunch-revslider\">\n\t\t\t<!-- START main_slider_landing_page REVOLUTION SLIDER 6.7.34 --><p class=\"rs-p-wp-fix\"><\/p>\n\t\t\t<rs-module-wrap id=\"rev_slider_16_1_wrapper\" data-source=\"gallery\" style=\"visibility:hidden;background:transparent;padding:0;margin:0px auto;margin-top:0;margin-bottom:0;\">\n\t\t\t\t<rs-module id=\"rev_slider_16_1\" style=\"\" data-version=\"6.7.34\">\n\t\t\t\t\t<rs-slides style=\"overflow: hidden; position: absolute;\">\n\t\t\t\t\t\t<rs-slide style=\"position: absolute;\" data-key=\"rs-46\" data-title=\"Slide\" data-in=\"o:0;\" data-out=\"a:false;\">\n\t\t\t\t\t\t\t<img fetchpriority=\"high\" decoding=\"async\" src=\"\/\/seeing-auschwitz.com\/wp-content\/plugins\/revslider\/sr6\/assets\/assets\/dummy.png\" alt=\"\" title=\"_UN-20-Picture-0009-YadVashem\" width=\"1920\" height=\"1392\" class=\"rev-slidebg tp-rs-img rs-lazyload\" data-lazyload=\"\/\/seeing-auschwitz.com\/wp-content\/uploads\/2021\/01\/UN-20-Picture-0009-YadVashem.jpg\" data-no-retina>\n<!--\n\t\t\t\t\t\t\t--><rs-layer\n\t\t\t\t\t\t\t\tid=\"slider-16-slide-46-layer-13\" \n\t\t\t\t\t\t\t\tdata-type=\"text\"\n\t\t\t\t\t\t\t\tdata-xy=\"x:c;xo:-9px,-9px,0,0;y:m;yo:124px,112px,84px,113px;\"\n\t\t\t\t\t\t\t\tdata-text=\"w:normal;l:25,25,25,25;a:center;\"\n\t\t\t\t\t\t\t\tdata-basealign=\"slide\"\n\t\t\t\t\t\t\t\tdata-rsp_o=\"off\"\n\t\t\t\t\t\t\t\tdata-rsp_bd=\"off\"\n\t\t\t\t\t\t\t\tdata-frame_0=\"y:50;\"\n\t\t\t\t\t\t\t\tdata-frame_1=\"st:700;sp:800;\"\n\t\t\t\t\t\t\t\tdata-frame_999=\"o:0;st:w;\"\n\t\t\t\t\t\t\t\tstyle=\"z-index:10;font-family:'Roboto';\"\n\t\t\t\t\t\t\t><a class=\"qodef-shortcode qodef-m qodef-button qodef-layout--filled qodef-html--link\" href=\"https:\/\/feverup.com\/m\/119002?utm_source=partner&#038;utm_medium=website_5514&#038;utm_campaign=119002_lon\" target=\"_self\"  >\n\t<span class=\"qodef-m-text\">M\u00e1s Informaci\u00f3n<\/span>\n<\/a> \n\t\t\t\t\t\t\t<\/rs-layer><!--\n\n\t\t\t\t\t\t\t--><rs-layer\n\t\t\t\t\t\t\t\tid=\"slider-16-slide-46-layer-14\" \n\t\t\t\t\t\t\t\tdata-type=\"text\"\n\t\t\t\t\t\t\t\tdata-xy=\"x:c;xo:-2px,-2px,-2px,0;y:m;yo:-30px,-37px,-29px,0;\"\n\t\t\t\t\t\t\t\tdata-text=\"w:normal;s:120,100,55,75;l:100,85,55,65;ls:-2px,-2px,-1px,-1px;a:center;\"\n\t\t\t\t\t\t\t\tdata-dim=\"w:958px,958px,475px,302px;h:101px,101px,auto,254px;\"\n\t\t\t\t\t\t\t\tdata-rsp_o=\"off\"\n\t\t\t\t\t\t\t\tdata-rsp_bd=\"off\"\n\t\t\t\t\t\t\t\tdata-frame_0=\"y:100%;\"\n\t\t\t\t\t\t\t\tdata-frame_0_mask=\"u:t;\"\n\t\t\t\t\t\t\t\tdata-frame_1=\"y:10px;st:400;sp:800;\"\n\t\t\t\t\t\t\t\tdata-frame_1_mask=\"u:t;\"\n\t\t\t\t\t\t\t\tdata-frame_999=\"o:0;st:w;\"\n\t\t\t\t\t\t\t\tstyle=\"z-index:9;font-family:'Bebas Neue';text-transform:uppercase;\"\n\t\t\t\t\t\t\t>AUSCHWITZ EN IM\u00c1GENES \n\t\t\t\t\t\t\t<\/rs-layer><!--\n-->\t\t\t\t\t<\/rs-slide>\n\t\t\t\t\t<\/rs-slides>\n\t\t\t\t\t<rs-static-layers><!--\n\t\t\t\t\t--><\/rs-static-layers>\n\t\t\t\t<\/rs-module>\n\t\t\t\t<script>\n\t\t\t\t\tsetREVStartSize({c: 'rev_slider_16_1',rl:[1240,1024,778,480],el:[707,505,710,500],gw:[1400,1100,600,300],gh:[707,505,710,500],type:'standard',justify:'',layout:'fullwidth',mh:\"0\"});if (window.RS_MODULES!==undefined && window.RS_MODULES.modules!==undefined && window.RS_MODULES.modules[\"revslider161\"]!==undefined) {window.RS_MODULES.modules[\"revslider161\"].once = false;window.revapi16 = undefined;if (window.RS_MODULES.checkMinimal!==undefined) window.RS_MODULES.checkMinimal()}\n\t\t\t\t<\/script>\n\t\t\t<\/rs-module-wrap>\n\t\t\t<!-- END REVOLUTION SLIDER -->\n<\/div>\n\n\t\t\t\t\t\t<\/div>\n\t\t\t\t<\/div>\n\t\t\t\t\t<\/div>\n\t\t<\/div>\n\t\t\t\t\t<\/div>\n\t\t<\/section>\n\t\t\t\t<section class=\"elementor-section elementor-top-section elementor-element elementor-element-1fe4a34 elementor-section-boxed elementor-section-height-default elementor-section-height-default qodef-elementor-content-no\" data-id=\"1fe4a34\" data-element_type=\"section\">\n\t\t\t\t\t\t<div class=\"elementor-container elementor-column-gap-default\">\n\t\t\t\t\t<div class=\"elementor-column elementor-col-50 elementor-top-column elementor-element elementor-element-d9551fb\" data-id=\"d9551fb\" data-element_type=\"column\">\n\t\t\t<div class=\"elementor-widget-wrap elementor-element-populated\">\n\t\t\t\t\t\t<div class=\"elementor-element elementor-element-8cb1baa elementor-widget elementor-widget-text-editor\" data-id=\"8cb1baa\" data-element_type=\"widget\" data-widget_type=\"text-editor.default\">\n\t\t\t\t<div class=\"elementor-widget-container\">\n\t\t\t\t\t\t\t\t\t<h1>Auschwitz fue el mayor centro de exterminio de la historia de la humanidad.<\/h1>\t\t\t\t\t\t\t\t<\/div>\n\t\t\t\t<\/div>\n\t\t\t\t<div class=\"elementor-element elementor-element-58993ac elementor-widget elementor-widget-text-editor\" data-id=\"58993ac\" data-element_type=\"widget\" data-widget_type=\"text-editor.default\">\n\t\t\t\t<div class=\"elementor-widget-container\">\n\t\t\t\t\t\t\t\t\t<h3>Y, sin embargo, nuestra imagen colectiva de este s\u00edmbolo universal del Holocausto est\u00e1 creada a partir del peque\u00f1o pu\u00f1ado de fotograf\u00edas tomadas en el campo que han sobrevivido hasta nuestros d\u00edas.<\/h3>\t\t\t\t\t\t\t\t<\/div>\n\t\t\t\t<\/div>\n\t\t\t\t\t<\/div>\n\t\t<\/div>\n\t\t\t\t<div class=\"elementor-column elementor-col-50 elementor-top-column elementor-element elementor-element-9b99a42\" data-id=\"9b99a42\" data-element_type=\"column\">\n\t\t\t<div class=\"elementor-widget-wrap\">\n\t\t\t\t\t\t\t<\/div>\n\t\t<\/div>\n\t\t\t\t\t<\/div>\n\t\t<\/section>\n\t\t\t\t<section class=\"elementor-section elementor-top-section elementor-element elementor-element-5dda90d elementor-section-boxed elementor-section-height-default elementor-section-height-default qodef-elementor-content-no\" data-id=\"5dda90d\" data-element_type=\"section\">\n\t\t\t\t\t\t<div class=\"elementor-container elementor-column-gap-extended\">\n\t\t\t\t\t<div class=\"elementor-column elementor-col-50 elementor-top-column elementor-element elementor-element-eca424f\" data-id=\"eca424f\" data-element_type=\"column\">\n\t\t\t<div class=\"elementor-widget-wrap elementor-element-populated\">\n\t\t\t\t\t\t<div class=\"elementor-element elementor-element-97b3c75 elementor-widget elementor-widget-text-editor\" data-id=\"97b3c75\" data-element_type=\"widget\" data-widget_type=\"text-editor.default\">\n\t\t\t\t<div class=\"elementor-widget-container\">\n\t\t\t\t\t\t\t\t\t<p>Estos retratos y escenas, en su mayor\u00eda inmortalizadas por los propios perpetradores de la SS, suponen una evidencia inequ\u00edvoca de los cr\u00edmenes cometidos en Auschwitz; aunque, al mismo tiempo, representan un gran desaf\u00edo para el espectador, que, aunque no es consciente de ello, est\u00e1 observando la historia desde la perspectiva del fot\u00f3grafo, a trav\u00e9s de una lente nazi.<\/p>\t\t\t\t\t\t\t\t<\/div>\n\t\t\t\t<\/div>\n\t\t\t\t<div class=\"elementor-element elementor-element-05d3a94 elementor-hidden-phone elementor-widget elementor-widget-spacer\" data-id=\"05d3a94\" data-element_type=\"widget\" data-widget_type=\"spacer.default\">\n\t\t\t\t<div class=\"elementor-widget-container\">\n\t\t\t\t\t\t\t<div class=\"elementor-spacer\">\n\t\t\t<div class=\"elementor-spacer-inner\"><\/div>\n\t\t<\/div>\n\t\t\t\t\t\t<\/div>\n\t\t\t\t<\/div>\n\t\t\t\t\t<\/div>\n\t\t<\/div>\n\t\t\t\t<div class=\"elementor-column elementor-col-50 elementor-top-column elementor-element elementor-element-d75d32c\" data-id=\"d75d32c\" data-element_type=\"column\">\n\t\t\t<div class=\"elementor-widget-wrap elementor-element-populated\">\n\t\t\t\t\t\t<div class=\"elementor-element elementor-element-4fdcdfe elementor-widget elementor-widget-text-editor\" data-id=\"4fdcdfe\" data-element_type=\"widget\" data-widget_type=\"text-editor.default\">\n\t\t\t\t<div class=\"elementor-widget-container\">\n\t\t\t\t\t\t\t\t\t<p>Seeing Auschwitz nos invita a analizar estas im\u00e1genes de modo cr\u00edtico para explorar lo que verdaderamente revela cada una de ellas, no solo del lugar y el momento, sino tambi\u00e9n acerca de sus propios autores, de las personas retratadas e, incluso, de nosotros mismos como espectadores.<\/p>\t\t\t\t\t\t\t\t<\/div>\n\t\t\t\t<\/div>\n\t\t\t\t<div class=\"elementor-element elementor-element-cc640cb elementor-hidden-phone elementor-widget elementor-widget-spacer\" data-id=\"cc640cb\" data-element_type=\"widget\" data-widget_type=\"spacer.default\">\n\t\t\t\t<div class=\"elementor-widget-container\">\n\t\t\t\t\t\t\t<div class=\"elementor-spacer\">\n\t\t\t<div class=\"elementor-spacer-inner\"><\/div>\n\t\t<\/div>\n\t\t\t\t\t\t<\/div>\n\t\t\t\t<\/div>\n\t\t\t\t\t<\/div>\n\t\t<\/div>\n\t\t\t\t\t<\/div>\n\t\t<\/section>\n\t\t\t\t<section class=\"elementor-section elementor-top-section elementor-element elementor-element-707c16a elementor-section-boxed elementor-section-height-default elementor-section-height-default qodef-elementor-content-no\" data-id=\"707c16a\" data-element_type=\"section\">\n\t\t\t\t\t\t<div class=\"elementor-container elementor-column-gap-default\">\n\t\t\t\t\t<div class=\"elementor-column elementor-col-25 elementor-top-column elementor-element elementor-element-67ba2e4\" data-id=\"67ba2e4\" data-element_type=\"column\">\n\t\t\t<div class=\"elementor-widget-wrap\">\n\t\t\t\t\t\t\t<\/div>\n\t\t<\/div>\n\t\t\t\t<div class=\"elementor-column elementor-col-25 elementor-top-column elementor-element elementor-element-c72443a\" data-id=\"c72443a\" data-element_type=\"column\">\n\t\t\t<div class=\"elementor-widget-wrap elementor-element-populated\">\n\t\t\t\t\t\t<div class=\"elementor-element elementor-element-911124e elementor-widget elementor-widget-image\" data-id=\"911124e\" data-element_type=\"widget\" data-widget_type=\"image.default\">\n\t\t\t\t<div class=\"elementor-widget-container\">\n\t\t\t\t\t\t\t\t\t\t\t\t\t\t\t\t<a href=\"http:\/\/auschwitz.org\/en\/more\/spanish\/\" target=\"_blank\">\n\t\t\t\t\t\t\t<img decoding=\"async\" width=\"500\" height=\"326\" src=\"https:\/\/seeing-auschwitz.com\/wp-content\/uploads\/2021\/12\/MusealiaW.png\" class=\"attachment-medium_large size-medium_large wp-image-14202\" alt=\"\" srcset=\"https:\/\/seeing-auschwitz.com\/wp-content\/uploads\/2021\/12\/MusealiaW.png 500w, https:\/\/seeing-auschwitz.com\/wp-content\/uploads\/2021\/12\/MusealiaW-300x196.png 300w\" sizes=\"(max-width: 500px) 100vw, 500px\" \/>\t\t\t\t\t\t\t\t<\/a>\n\t\t\t\t\t\t\t\t\t\t\t\t\t\t\t<\/div>\n\t\t\t\t<\/div>\n\t\t\t\t\t<\/div>\n\t\t<\/div>\n\t\t\t\t<div class=\"elementor-column elementor-col-25 elementor-top-column elementor-element elementor-element-6aa51f9\" data-id=\"6aa51f9\" data-element_type=\"column\">\n\t\t\t<div class=\"elementor-widget-wrap elementor-element-populated\">\n\t\t\t\t\t\t<div class=\"elementor-element elementor-element-9885bcd elementor-widget elementor-widget-image\" data-id=\"9885bcd\" data-element_type=\"widget\" data-widget_type=\"image.default\">\n\t\t\t\t<div class=\"elementor-widget-container\">\n\t\t\t\t\t\t\t\t\t\t\t\t\t\t\t\t<a href=\"https:\/\/www.musealia.net\/\" target=\"_blank\">\n\t\t\t\t\t\t\t<img decoding=\"async\" width=\"500\" height=\"326\" src=\"https:\/\/seeing-auschwitz.com\/wp-content\/uploads\/2021\/12\/ABSM.png\" class=\"attachment-large size-large wp-image-14199\" alt=\"\" srcset=\"https:\/\/seeing-auschwitz.com\/wp-content\/uploads\/2021\/12\/ABSM.png 500w, https:\/\/seeing-auschwitz.com\/wp-content\/uploads\/2021\/12\/ABSM-300x196.png 300w\" sizes=\"(max-width: 500px) 100vw, 500px\" \/>\t\t\t\t\t\t\t\t<\/a>\n\t\t\t\t\t\t\t\t\t\t\t\t\t\t\t<\/div>\n\t\t\t\t<\/div>\n\t\t\t\t\t<\/div>\n\t\t<\/div>\n\t\t\t\t<div class=\"elementor-column elementor-col-25 elementor-top-column elementor-element elementor-element-8cca804\" data-id=\"8cca804\" data-element_type=\"column\">\n\t\t\t<div class=\"elementor-widget-wrap\">\n\t\t\t\t\t\t\t<\/div>\n\t\t<\/div>\n\t\t\t\t\t<\/div>\n\t\t<\/section>\n\t\t\t\t<section class=\"elementor-section elementor-top-section elementor-element elementor-element-b3b7eee elementor-section-boxed elementor-section-height-default elementor-section-height-default qodef-elementor-content-no\" data-id=\"b3b7eee\" data-element_type=\"section\">\n\t\t\t\t\t\t<div class=\"elementor-container elementor-column-gap-default\">\n\t\t\t\t\t<div class=\"elementor-column elementor-col-100 elementor-top-column elementor-element elementor-element-e2a5428\" data-id=\"e2a5428\" data-element_type=\"column\">\n\t\t\t<div class=\"elementor-widget-wrap elementor-element-populated\">\n\t\t\t\t\t\t<div class=\"elementor-element elementor-element-8f133a6 elementor-widget elementor-widget-text-editor\" data-id=\"8f133a6\" data-element_type=\"widget\" data-widget_type=\"text-editor.default\">\n\t\t\t\t<div class=\"elementor-widget-container\">\n\t\t\t\t\t\t\t\t\t<h4 class=\"p1\">La exposici\u00f3n Seeing Auschwitz es un proyecto expositivo concebido y desarrollado por <a href=\"https:\/\/www.musealia.net\/\"><span class=\"s1\">Musealia<\/span><\/a>, en colaboraci\u00f3n con el <a href=\"http:\/\/auschwitz.org\/en\/more\/spanish\/\"><span class=\"s1\">Museo Estatal de Auschwitz-Birkenau<\/span><\/a>.<\/h4>\t\t\t\t\t\t\t\t<\/div>\n\t\t\t\t<\/div>\n\t\t\t\t\t<\/div>\n\t\t<\/div>\n\t\t\t\t\t<\/div>\n\t\t<\/section>\n\t\t\t\t<section class=\"elementor-section elementor-top-section elementor-element elementor-element-102fdb0 elementor-section-boxed elementor-section-height-default elementor-section-height-default qodef-elementor-content-no\" data-id=\"102fdb0\" data-element_type=\"section\">\n\t\t\t\t\t\t<div class=\"elementor-container elementor-column-gap-default\">\n\t\t\t\t\t<div class=\"elementor-column elementor-col-100 elementor-top-column elementor-element elementor-element-d61aff8\" data-id=\"d61aff8\" data-element_type=\"column\">\n\t\t\t<div class=\"elementor-widget-wrap elementor-element-populated\">\n\t\t\t\t\t\t<div class=\"elementor-element elementor-element-2abdcef elementor-widget elementor-widget-video\" data-id=\"2abdcef\" data-element_type=\"widget\" data-settings=\"{&quot;youtube_url&quot;:&quot;https:\\\/\\\/youtu.be\\\/7K6c6fBslzQ&quot;,&quot;autoplay&quot;:&quot;yes&quot;,&quot;loop&quot;:&quot;yes&quot;,&quot;mute&quot;:&quot;yes&quot;,&quot;video_type&quot;:&quot;youtube&quot;,&quot;controls&quot;:&quot;yes&quot;}\" data-widget_type=\"video.default\">\n\t\t\t\t<div class=\"elementor-widget-container\">\n\t\t\t\t\t\t\t<div class=\"elementor-wrapper elementor-open-inline\">\n\t\t\t<div class=\"elementor-video\"><\/div>\t\t<\/div>\n\t\t\t\t\t\t<\/div>\n\t\t\t\t<\/div>\n\t\t\t\t\t<\/div>\n\t\t<\/div>\n\t\t\t\t\t<\/div>\n\t\t<\/section>\n\t\t\t\t<\/div>\n\t\t","protected":false},"excerpt":{"rendered":"<p>Auschwitz fue el mayor centro de exterminio de la historia de la humanidad. Y, sin embargo, nuestra imagen colectiva de este s\u00edmbolo universal del Holocausto est\u00e1 creada a partir del peque\u00f1o pu\u00f1ado de fotograf\u00edas tomadas en el campo que han sobrevivido hasta nuestros d\u00edas. Estos retratos y escenas, en su mayor\u00eda inmortalizadas por los propios [&hellip;]<\/p>\n","protected":false},"author":1,"featured_media":0,"parent":0,"menu_order":0,"comment_status":"closed","ping_status":"closed","template":"page-full-width.php","meta":{"footnotes":""},"class_list":["post-1125","page","type-page","status-publish","hentry"],"yoast_head":"<!-- This site is optimized with the Yoast SEO plugin v26.8 - https:\/\/yoast.com\/product\/yoast-seo-wordpress\/ -->\n<title>Seeing Auschwitz: Londres - Seeing Auschwitz<\/title>\n<meta name=\"description\" content=\"Con m\u00e1s de 100 im\u00e1genes, Seeing Auschwitz invita a los visitantes a mirar m\u00e1s all\u00e1 de lo que aparentemente muestran.\" \/>\n<meta name=\"robots\" content=\"index, follow, max-snippet:-1, max-image-preview:large, max-video-preview:-1\" \/>\n<link rel=\"canonical\" href=\"https:\/\/seeing-auschwitz.com\/es\/\" \/>\n<meta property=\"og:locale\" content=\"es_ES\" \/>\n<meta property=\"og:type\" content=\"article\" \/>\n<meta property=\"og:title\" content=\"Seeing Auschwitz: Londres - Seeing Auschwitz\" \/>\n<meta property=\"og:description\" content=\"Con m\u00e1s de 100 im\u00e1genes, Seeing Auschwitz invita a los visitantes a mirar m\u00e1s all\u00e1 de lo que aparentemente muestran.\" \/>\n<meta property=\"og:url\" content=\"https:\/\/seeing-auschwitz.com\/es\/\" \/>\n<meta property=\"og:site_name\" content=\"Seeing Auschwitz\" \/>\n<meta property=\"article:modified_time\" content=\"2026-01-22T11:14:34+00:00\" \/>\n<meta property=\"og:image\" content=\"https:\/\/seeing-auschwitz.com\/wp-content\/uploads\/2021\/12\/MusealiaW.png\" \/>\n\t<meta property=\"og:image:width\" content=\"500\" \/>\n\t<meta property=\"og:image:height\" content=\"326\" \/>\n\t<meta property=\"og:image:type\" content=\"image\/png\" \/>\n<meta name=\"twitter:card\" content=\"summary_large_image\" \/>\n<meta name=\"twitter:label1\" content=\"Tiempo de lectura\" \/>\n\t<meta name=\"twitter:data1\" content=\"2 minutos\" \/>\n<script type=\"application\/ld+json\" class=\"yoast-schema-graph\">{\"@context\":\"https:\/\/schema.org\",\"@graph\":[{\"@type\":\"WebPage\",\"@id\":\"https:\/\/seeing-auschwitz.com\/es\/\",\"url\":\"https:\/\/seeing-auschwitz.com\/es\/\",\"name\":\"Seeing Auschwitz: Londres - Seeing Auschwitz\",\"isPartOf\":{\"@id\":\"https:\/\/seeing-auschwitz.com\/#website\"},\"primaryImageOfPage\":{\"@id\":\"https:\/\/seeing-auschwitz.com\/es\/#primaryimage\"},\"image\":{\"@id\":\"https:\/\/seeing-auschwitz.com\/es\/#primaryimage\"},\"thumbnailUrl\":\"https:\/\/seeing-auschwitz.com\/wp-content\/uploads\/2021\/12\/MusealiaW.png\",\"datePublished\":\"2020-07-09T13:05:32+00:00\",\"dateModified\":\"2026-01-22T11:14:34+00:00\",\"description\":\"Con m\u00e1s de 100 im\u00e1genes, Seeing Auschwitz invita a los visitantes a mirar m\u00e1s all\u00e1 de lo que aparentemente muestran.\",\"breadcrumb\":{\"@id\":\"https:\/\/seeing-auschwitz.com\/es\/#breadcrumb\"},\"inLanguage\":\"es\",\"potentialAction\":[{\"@type\":\"ReadAction\",\"target\":[\"https:\/\/seeing-auschwitz.com\/es\/\"]}]},{\"@type\":\"ImageObject\",\"inLanguage\":\"es\",\"@id\":\"https:\/\/seeing-auschwitz.com\/es\/#primaryimage\",\"url\":\"https:\/\/seeing-auschwitz.com\/wp-content\/uploads\/2021\/12\/MusealiaW.png\",\"contentUrl\":\"https:\/\/seeing-auschwitz.com\/wp-content\/uploads\/2021\/12\/MusealiaW.png\"},{\"@type\":\"BreadcrumbList\",\"@id\":\"https:\/\/seeing-auschwitz.com\/es\/#breadcrumb\",\"itemListElement\":[{\"@type\":\"ListItem\",\"position\":1,\"name\":\"Portada\",\"item\":\"https:\/\/seeing-auschwitz.com\/es\/\"},{\"@type\":\"ListItem\",\"position\":2,\"name\":\"Seeing Auschwitz: Londres\"}]},{\"@type\":\"WebSite\",\"@id\":\"https:\/\/seeing-auschwitz.com\/#website\",\"url\":\"https:\/\/seeing-auschwitz.com\/\",\"name\":\"Seeing Auschwitz\",\"description\":\"The Exhibition in London\",\"potentialAction\":[{\"@type\":\"SearchAction\",\"target\":{\"@type\":\"EntryPoint\",\"urlTemplate\":\"https:\/\/seeing-auschwitz.com\/?s={search_term_string}\"},\"query-input\":{\"@type\":\"PropertyValueSpecification\",\"valueRequired\":true,\"valueName\":\"search_term_string\"}}],\"inLanguage\":\"es\"}]}<\/script>\n<!-- \/ Yoast SEO plugin. -->","yoast_head_json":{"title":"Seeing Auschwitz: Londres - Seeing Auschwitz","description":"Con m\u00e1s de 100 im\u00e1genes, Seeing Auschwitz invita a los visitantes a mirar m\u00e1s all\u00e1 de lo que aparentemente muestran.","robots":{"index":"index","follow":"follow","max-snippet":"max-snippet:-1","max-image-preview":"max-image-preview:large","max-video-preview":"max-video-preview:-1"},"canonical":"https:\/\/seeing-auschwitz.com\/es\/","og_locale":"es_ES","og_type":"article","og_title":"Seeing Auschwitz: Londres - Seeing Auschwitz","og_description":"Con m\u00e1s de 100 im\u00e1genes, Seeing Auschwitz invita a los visitantes a mirar m\u00e1s all\u00e1 de lo que aparentemente muestran.","og_url":"https:\/\/seeing-auschwitz.com\/es\/","og_site_name":"Seeing Auschwitz","article_modified_time":"2026-01-22T11:14:34+00:00","og_image":[{"width":500,"height":326,"url":"https:\/\/seeing-auschwitz.com\/wp-content\/uploads\/2021\/12\/MusealiaW.png","type":"image\/png"}],"twitter_card":"summary_large_image","twitter_misc":{"Tiempo de lectura":"2 minutos"},"schema":{"@context":"https:\/\/schema.org","@graph":[{"@type":"WebPage","@id":"https:\/\/seeing-auschwitz.com\/es\/","url":"https:\/\/seeing-auschwitz.com\/es\/","name":"Seeing Auschwitz: Londres - Seeing Auschwitz","isPartOf":{"@id":"https:\/\/seeing-auschwitz.com\/#website"},"primaryImageOfPage":{"@id":"https:\/\/seeing-auschwitz.com\/es\/#primaryimage"},"image":{"@id":"https:\/\/seeing-auschwitz.com\/es\/#primaryimage"},"thumbnailUrl":"https:\/\/seeing-auschwitz.com\/wp-content\/uploads\/2021\/12\/MusealiaW.png","datePublished":"2020-07-09T13:05:32+00:00","dateModified":"2026-01-22T11:14:34+00:00","description":"Con m\u00e1s de 100 im\u00e1genes, Seeing Auschwitz invita a los visitantes a mirar m\u00e1s all\u00e1 de lo que aparentemente muestran.","breadcrumb":{"@id":"https:\/\/seeing-auschwitz.com\/es\/#breadcrumb"},"inLanguage":"es","potentialAction":[{"@type":"ReadAction","target":["https:\/\/seeing-auschwitz.com\/es\/"]}]},{"@type":"ImageObject","inLanguage":"es","@id":"https:\/\/seeing-auschwitz.com\/es\/#primaryimage","url":"https:\/\/seeing-auschwitz.com\/wp-content\/uploads\/2021\/12\/MusealiaW.png","contentUrl":"https:\/\/seeing-auschwitz.com\/wp-content\/uploads\/2021\/12\/MusealiaW.png"},{"@type":"BreadcrumbList","@id":"https:\/\/seeing-auschwitz.com\/es\/#breadcrumb","itemListElement":[{"@type":"ListItem","position":1,"name":"Portada","item":"https:\/\/seeing-auschwitz.com\/es\/"},{"@type":"ListItem","position":2,"name":"Seeing Auschwitz: Londres"}]},{"@type":"WebSite","@id":"https:\/\/seeing-auschwitz.com\/#website","url":"https:\/\/seeing-auschwitz.com\/","name":"Seeing Auschwitz","description":"The Exhibition in London","potentialAction":[{"@type":"SearchAction","target":{"@type":"EntryPoint","urlTemplate":"https:\/\/seeing-auschwitz.com\/?s={search_term_string}"},"query-input":{"@type":"PropertyValueSpecification","valueRequired":true,"valueName":"search_term_string"}}],"inLanguage":"es"}]}},"_links":{"self":[{"href":"https:\/\/seeing-auschwitz.com\/es\/wp-json\/wp\/v2\/pages\/1125","targetHints":{"allow":["GET"]}}],"collection":[{"href":"https:\/\/seeing-auschwitz.com\/es\/wp-json\/wp\/v2\/pages"}],"about":[{"href":"https:\/\/seeing-auschwitz.com\/es\/wp-json\/wp\/v2\/types\/page"}],"author":[{"embeddable":true,"href":"https:\/\/seeing-auschwitz.com\/es\/wp-json\/wp\/v2\/users\/1"}],"replies":[{"embeddable":true,"href":"https:\/\/seeing-auschwitz.com\/es\/wp-json\/wp\/v2\/comments?post=1125"}],"version-history":[{"count":1090,"href":"https:\/\/seeing-auschwitz.com\/es\/wp-json\/wp\/v2\/pages\/1125\/revisions"}],"predecessor-version":[{"id":17232,"href":"https:\/\/seeing-auschwitz.com\/es\/wp-json\/wp\/v2\/pages\/1125\/revisions\/17232"}],"wp:attachment":[{"href":"https:\/\/seeing-auschwitz.com\/es\/wp-json\/wp\/v2\/media?parent=1125"}],"curies":[{"name":"wp","href":"https:\/\/api.w.org\/{rel}","templated":true}]}}